{"id":35938,"date":"2024-07-02T08:10:29","date_gmt":"2024-07-02T08:10:29","guid":{"rendered":"https:\/\/skyplanner.ai\/about-us\/"},"modified":"2025-12-08T09:14:08","modified_gmt":"2025-12-08T09:14:08","slug":"about-us","status":"publish","type":"page","link":"https:\/\/skyplanner.ai\/sv\/about-us\/","title":{"rendered":"Om oss"},"content":{"rendered":"<div class=\"gb-container gb-container-95f3ac01\">\n<div class=\"gb-container gb-container-8106c6a2\">\n<div class=\"gb-container gb-container-865de0eb\"><div class=\"gb-inside-container\">\n\n<div class=\"wp-block-columns is-layout-flex wp-container-core-columns-is-layout-9d6595d7 wp-block-columns-is-layout-flex\">\n<div class=\"wp-block-column is-layout-flow wp-block-column-is-layout-flow\" style=\"flex-basis:50%\"><div class=\"gb-container gb-container-906e61dc\">\n\n<figure class=\"wp-block-image size-large rounded is-style-default\"><img decoding=\"async\" width=\"1024\" height=\"682\" src=\"https:\/\/skyplanner.ai\/wp-content\/uploads\/2024\/06\/about_us-1024x682.jpeg\" alt=\"\" class=\"wp-image-34962\" srcset=\"https:\/\/skyplanner.ai\/wp-content\/uploads\/2024\/06\/about_us-1024x682.jpeg 1024w, https:\/\/skyplanner.ai\/wp-content\/uploads\/2024\/06\/about_us-300x200.jpeg 300w, https:\/\/skyplanner.ai\/wp-content\/uploads\/2024\/06\/about_us-768x512.jpeg 768w, https:\/\/skyplanner.ai\/wp-content\/uploads\/2024\/06\/about_us.jpeg 1280w\" sizes=\"(max-width: 1024px) 100vw, 1024px\" \/><\/figure>\n\n<\/div><\/div>\n\n\n\n<div class=\"wp-block-column is-layout-flow wp-block-column-is-layout-flow\" style=\"flex-basis:50%\"><div class=\"gb-container gb-container-fd442b94\">\n<div class=\"gb-container gb-container-fbdc6dd0\">\n\n<h2 class=\"wp-block-heading has-text-align-center\" id=\"h-about-us\">Om oss<\/h2>\n\n\n\n<p class=\"has-text-align-center has-medium-font-size\"><em>&#8221;M\u00e4nniskans hj\u00e4rna \u00e4r inte utformad f\u00f6r att schemal\u00e4gga hundratals eller tusentals uppgifter manuellt i en fabrik. De \u00e4r b\u00e4ttre l\u00e4mpade f\u00f6r promenader i naturen \u00e4n f\u00f6r schemal\u00e4ggning av produktion<\/em>.<em>&#8221;<\/em><\/p>\n\n\n\n<p class=\"has-text-align-center\" style=\"font-size:24px\">SkyPlanner APS drivs av artificiell intelligens och \u00e4r den modernaste programvaran f\u00f6r produktionsplanering p\u00e5 marknaden. Den \u00e4r l\u00e4tt att installera och enkel att anv\u00e4nda.<\/p>\n\n<\/div>\n<\/div><\/div>\n<\/div>\n\n<\/div><\/div>\n<\/div>\n<\/div><div class=\"gb-container gb-container-86a83528\">\n<div class=\"gb-grid-wrapper gb-grid-wrapper-88ba9f7d\">\n<div class=\"gb-grid-column gb-grid-column-7ab1e934\"><div class=\"gb-container gb-container-7ab1e934 backglow\">\n<div class=\"gb-container gb-container-a24ec307\">\n\n<h2 class=\"wp-block-heading has-text-align-center has-text-color\" id=\"h-2100\" style=\"color:#303af2;font-size:62px;font-style:normal;font-weight:900\">2100+<\/h2>\n\n\n\n<p class=\"has-text-align-center\">SkyPlanner installationer<\/p>\n\n<\/div>\n<\/div><\/div>\n\n<div class=\"gb-grid-column gb-grid-column-a785d916\"><div class=\"gb-container gb-container-a785d916 backglow\">\n<div class=\"gb-container gb-container-ae6908c2\">\n\n<h2 class=\"wp-block-heading has-text-align-center has-text-color\" id=\"h-27\" style=\"color:#303af2;font-size:62px;font-style:normal;font-weight:900\">27<\/h2>\n\n\n\n<p class=\"has-text-align-center\">Antal \u00e5rs erfarenhet<\/p>\n\n<\/div>\n<\/div><\/div>\n\n<div class=\"gb-grid-column gb-grid-column-f284d427\"><div class=\"gb-container gb-container-f284d427 backglow\">\n<div class=\"gb-container gb-container-c7572b69\">\n\n<h2 class=\"wp-block-heading has-text-align-center has-text-color\" id=\"h-21\" style=\"color:#303af2;font-size:62px;font-style:normal;font-weight:900\">21<\/h2>\n\n\n\n<p class=\"has-text-align-center\">L\u00e4nder med SkyPlanner-experter<\/p>\n\n<\/div>\n<\/div><\/div>\n<\/div>\n<\/div><div class=\"gb-container gb-container-6e686c8f\">\n\n<figure class=\"wp-block-embed is-type-video is-provider-youtube wp-block-embed-youtube wp-embed-aspect-16-9 wp-has-aspect-ratio\"><div class=\"wp-block-embed__wrapper\">\n<iframe title=\"SkyPlanner&#039;s team and office\" width=\"1200\" height=\"675\" src=\"https:\/\/www.youtube.com\/embed\/SFdpNPCmlks?feature=oembed\" frameborder=\"0\" allow=\"accelerometer; autoplay; clipboard-write; encrypted-media; gyroscope; picture-in-picture; web-share\" referrerpolicy=\"strict-origin-when-cross-origin\" allowfullscreen><\/iframe>\n<\/div><\/figure>\n\n<\/div><div class=\"gb-container gb-container-0ee67634\">\n<div class=\"gb-container gb-container-548ede57\">\n\n<div class=\"wp-block-columns is-layout-flex wp-container-core-columns-is-layout-9d6595d7 wp-block-columns-is-layout-flex\">\n<div class=\"wp-block-column is-layout-flow wp-block-column-is-layout-flow\"><div class=\"gb-container gb-container-83050036\">\n<div class=\"wp-block-image\">\n<figure class=\"alignright size-full\"><img decoding=\"async\" width=\"959\" height=\"586\" src=\"https:\/\/skyplanner.ai\/wp-content\/uploads\/2024\/06\/skycode.jpeg\" alt=\"\" class=\"wp-image-35021\" srcset=\"https:\/\/skyplanner.ai\/wp-content\/uploads\/2024\/06\/skycode.jpeg 959w, https:\/\/skyplanner.ai\/wp-content\/uploads\/2024\/06\/skycode-300x183.jpeg 300w, https:\/\/skyplanner.ai\/wp-content\/uploads\/2024\/06\/skycode-768x469.jpeg 768w\" sizes=\"(max-width: 959px) 100vw, 959px\" \/><\/figure>\n<\/div>\n<\/div><\/div>\n\n\n\n<div class=\"wp-block-column is-layout-flow wp-block-column-is-layout-flow\"><div class=\"gb-container gb-container-ceaedc69\">\n\n<h2 class=\"wp-block-heading has-x-large-font-size\" id=\"h-our-story\">V\u00e5r ber\u00e4ttelse<\/h2>\n\n\n\n<p>SkyPlanner APS utvecklas av det finska f\u00f6retaget Skycode Oy och distribueras \u00f6ver hela v\u00e4rlden. Det spelar ingen roll var i v\u00e4rlden ditt f\u00f6retag \u00e4r bel\u00e4get, vilken bransch du \u00e4r verksam inom eller hur stort ditt f\u00f6retag \u00e4r. Vi och v\u00e5rt internationella partnern\u00e4tverk erbjuder tillf\u00f6rlitliga tj\u00e4nster som \u00e4r skr\u00e4ddarsydda f\u00f6r ditt f\u00f6retags behov. Om du vill kan du anv\u00e4nda SkyPlanner p\u00e5 ditt modersm\u00e5l.<\/p>\n\n\n\n<p>V\u00e5rt f\u00f6retag, Skycode Oy, grundades f\u00f6r 27 \u00e5r sedan, 1997. Vi \u00e4r specialiserade p\u00e5 skr\u00e4ddarsydd programvara f\u00f6r branschen och ERP-integrationer. Detta var en utm\u00e4rkt grund f\u00f6r utvecklingen av SkyPlanner, som inleddes i samarbete med v\u00e5ra kunder under 2016.<\/p>\n\n<\/div><\/div>\n<\/div>\n\n<\/div>\n<\/div><div class=\"gb-container gb-container-ecf82a77\">\n<div class=\"gb-container gb-container-c1fd2326\">\n<div class=\"gb-container gb-container-373069a5\">\n<div class=\"gb-grid-wrapper gb-grid-wrapper-ae22fb5f\">\n<div class=\"gb-grid-column gb-grid-column-45002862\"><div class=\"gb-container gb-container-45002862\">\n<div class=\"gb-container gb-container-4fefabbe\">\n\n<h3 class=\"wp-block-heading has-base-3-color has-text-color\" id=\"h-integration\">Integration<\/h3>\n\n\n\n<p class=\"has-base-3-color has-text-color\">SkyPlanner inneh\u00e5ller ett modernt och omfattande REST API-gr\u00e4nssnitt f\u00f6r integrationer. Du kan skapa integrationen sj\u00e4lv, anv\u00e4nda din befintliga integrationspartner eller best\u00e4lla integrationstj\u00e4nster fr\u00e5n oss. Tack vare v\u00e5r decenniel\u00e5nga erfarenhet av integration kan SkyPlanner integreras med all annan programvara &#8211; det \u00e4r v\u00e5rt l\u00f6fte.<\/p>\n\n<\/div>\n<\/div><\/div>\n\n<div class=\"gb-grid-column gb-grid-column-d65b454d\"><div class=\"gb-container gb-container-d65b454d\">\n<div class=\"gb-container gb-container-e441b4ed\">\n\n<figure class=\"wp-block-image size-full\"><img decoding=\"async\" width=\"301\" height=\"301\" src=\"https:\/\/skyplanner.ai\/wp-content\/uploads\/2023\/12\/e384cf5b3ca8cd9cf46508b95ea672db.png\" alt=\"\" class=\"wp-image-32041\" srcset=\"https:\/\/skyplanner.ai\/wp-content\/uploads\/2023\/12\/e384cf5b3ca8cd9cf46508b95ea672db.png 301w, https:\/\/skyplanner.ai\/wp-content\/uploads\/2023\/12\/e384cf5b3ca8cd9cf46508b95ea672db-150x150.png 150w\" sizes=\"(max-width: 301px) 100vw, 301px\" \/><\/figure>\n\n<\/div>\n<\/div><\/div>\n<\/div>\n<\/div>\n<\/div>\n<\/div><div class=\"gb-container gb-container-34317aad\">\n\n<div class=\"wp-block-columns is-layout-flex wp-container-core-columns-is-layout-9d6595d7 wp-block-columns-is-layout-flex\">\n<div class=\"wp-block-column is-layout-flow wp-block-column-is-layout-flow\"><div class=\"gb-container gb-container-e5ae920d\">\n<div class=\"gb-container gb-container-ff0d9ce2\">\n\n<h3 class=\"wp-block-heading has-text-align-center has-large-font-size\" id=\"h-new-era\"><strong>Ny era<\/strong><\/h3>\n\n\n\n<p>F\u00f6r flera \u00e5r sedan m\u00e4rkte vi att kalkylbladsprogram var den absoluta marknadsledaren n\u00e4r det g\u00e4llde program f\u00f6r produktionsplanering. Alla andra tillg\u00e4ngliga programvaror f\u00f6rlitade sig ocks\u00e5 vanligtvis p\u00e5 manuell produktionsplanering. Ingen gillade dock manuell produktionsplanering och det fanns inga tillr\u00e4ckligt bra alternativ.<\/p>\n\n\n\n<p>Fabrikerna blir ineffektiva och produktionsplanerarna f\u00e5r utst\u00e5 mycket stress n\u00e4r produktionsscheman inte \u00e4r optimala och \u00e4nd\u00e5 tar otroligt l\u00e5ng tid att skapa. Fabrikerna g\u00e5r under sin kapacitet och leveranss\u00e4kerheten f\u00f6r order \u00e4r d\u00e5lig.<\/p>\n\n\n\n<p>Redan fr\u00e5n b\u00f6rjan hade vi en tydlig vision om att artificiell intelligens \u00e4r den b\u00e4sta tekniken f\u00f6r automatisk produktionsplanering eftersom den anpassar sig v\u00e4l till kraven i olika produktionsprocesser. Det inneb\u00e4r att du kan konfigurera SkyPlanner f\u00f6r olika branscher och f\u00e5 den att ta h\u00e4nsyn till \u00e4ven unika behov utan att \u00e4ndra algoritmen. Du leder fortfarande AI:s verksamhet, eftersom samarbete mellan m\u00e4nsklig och artificiell intelligens \u00e4r den b\u00e4sta kombinationen.<\/p>\n\n\n\n<p>AI \u00e4r ocks\u00e5 det snabbaste s\u00e4ttet att utf\u00f6ra den h\u00e4r typen av matematiska ber\u00e4kningar. Vi anser att snabbhet \u00e4r mycket viktigt, s\u00e5 den AI vi utvecklade f\u00f6r SkyPlanner, Arcturus, \u00e4r den snabbaste AI:n i v\u00e4rlden f\u00f6r produktionsplanering, \u00e4ven i stora produktioner.<\/p>\n\n\n\n<p>Kalkylblad har aldrig varit den b\u00e4sta programvaran f\u00f6r produktionsoptimering, men m\u00e4nniskor har kunnat ta den i bruk sj\u00e4lva och anpassa den som de vill. Vi har gjort SkyPlanner \u00e4nnu enklare att implementera utan omfattande och dyra IT-projekt. Du kan sj\u00e4lv b\u00f6rja anv\u00e4nda SkyPlanner redan idag via v\u00e5r webbplats. Vi erbjuder ett stort bibliotek med guider och instruktionsvideor som hj\u00e4lper dig att l\u00e4ra dig programvaran p\u00e5 egen hand. Vi litar s\u00e5 mycket p\u00e5 v\u00e5r programvara att du kan prova SkyPlanner med en gratis testperiod innan du fattar ett k\u00f6pbeslut.<\/p>\n\n<\/div>\n<\/div><\/div>\n\n\n\n<div class=\"wp-block-column is-layout-flow wp-block-column-is-layout-flow\"><div class=\"gb-container gb-container-06653eb2\">\n<div class=\"gb-container gb-container-5eba43cc\">\n\n<h3 class=\"wp-block-heading has-text-align-center has-large-font-size\" id=\"h-our-services\"><strong>V\u00e5ra tj\u00e4nster<\/strong><\/h3>\n\n\n\n<p class=\"has-text-align-center\">Vi f\u00f6rst\u00e5r att m\u00e5nga kunder vill k\u00f6pa implementeringsutbildning fr\u00e5n v\u00e5ra experter som en till\u00e4ggstj\u00e4nst. Vissa vill ha anpassningar och integrationer som \u00e4r skr\u00e4ddarsydda efter deras \u00f6nskem\u00e5l f\u00f6r SkyPlanner. Vi erbjuder dig alla dessa extratj\u00e4nster med stor erfarenhet. Dessutom finns v\u00e5rt internationella partnern\u00e4tverk p\u00e5 n\u00e4stan alla kontinenter och i alla tidszoner. Kontakta oss s\u00e5 ber\u00e4ttar vi mer om v\u00e5ra experttj\u00e4nster.<\/p>\n\n\n\n<p class=\"has-text-align-center\">V\u00e5r organisation \u00e4r mycket motiverad och har l\u00e5ng branscherfarenhet. Du kommer aldrig att vara ensam n\u00e4r du anv\u00e4nder SkyPlanner. F\u00f6rutom utbildningsmaterialet kan du ocks\u00e5 f\u00e5 v\u00e5r support via chatt, videosamtal, e-post och telefon. Vid behov anordnar vi \u00e4ven workshops p\u00e5 v\u00e5ra kunders produktionsanl\u00e4ggningar runt om i v\u00e4rlden.<\/p>\n\n\n\n<p class=\"has-text-align-center\">Vi har inte bara satsat p\u00e5 teknik utan ocks\u00e5 p\u00e5 v\u00e5ra hj\u00e4rtan i den h\u00e4r programvaran. Vi vill vara b\u00e4st i v\u00e4rlden p\u00e5 det vi g\u00f6r och slutligen g\u00f6ra ditt jobb inom produktionsplanering enkelt.<\/p>\n\n\n\n<p class=\"has-text-align-center\">Vi vill se till att ingen fabrik l\u00e4ngre beh\u00f6ver k\u00e4mpa med manuell produktionsplanering.<\/p>\n\n\n\n<p class=\"has-text-align-center\">Du har kommit till r\u00e4tt st\u00e4lle om du vill bli av med den manuella produktionsplaneringen och f\u00f6rb\u00e4ttra din produktionseffektivitet. SkyPlanner \u00e4r h\u00e4r f\u00f6r att f\u00f6r\u00e4ndra branschernas framtid. B\u00f6rja anv\u00e4nda SkyPlanner redan idag.<\/p>\n\n<\/div>\n<\/div><\/div>\n<\/div>\n\n<\/div><div class=\"gb-container gb-container-1d2bde4a backglow  pricing\">\n\n<h3 class=\"wp-block-heading\" id=\"h-company-information\">Information om f\u00f6retaget<\/h3>\n\n\n\n<div class=\"wp-block-columns is-layout-flex wp-container-core-columns-is-layout-9d6595d7 wp-block-columns-is-layout-flex\">\n<div class=\"wp-block-column is-layout-flow wp-block-column-is-layout-flow\">\n<p><strong>F\u00f6retagets namn<\/strong><br\/>Skycode Oy<br\/><br\/><strong>F\u00f6retagets ID<\/strong><br\/>FI22049470<br\/><br\/><strong>F\u00f6retagets huvudkontor<\/strong><br\/>Rantakatu 2 G 11, 65100 Vaasa, Finland<br\/><br\/><strong>F\u00f6retagets telefonnummer<\/strong><br\/><a href=\"tel:+358407000002\">+358 40 700 0002<\/a><\/p>\n<\/div>\n\n\n\n<div class=\"wp-block-column is-layout-flow wp-block-column-is-layout-flow\">\n<p><strong>Support<\/strong><br\/>support@skyplanner.ai<br\/><br\/><strong>F\u00f6rs\u00e4ljning<\/strong><br\/>jussi@skycode.fi<br\/><br\/><br\/><strong>Ekonomiavdelning<\/strong> niko@skycode.fi<\/p>\n<\/div>\n<\/div>\n\n\n\t\t\t<div \n\t\t\tclass=\"wp-block-uagb-google-map uagb-google-map__wrap uagb-block-c0d340a1     \"\n\t\t\tstyle=\"\" >\n\t\t\t\t<embed\n\t\t\t\t\tclass=\"uagb-google-map__iframe\"\n\t\t\t\t\ttitle=\"Google Map for \"\n\t\t\t\t\tsrc=\"https:\/\/maps.google.com\/maps?q=Skycode%20Rantakatu%202%20G%2011%2C%2065100%20Vaasa&#038;z=12&#038;hl=en&#038;t=m&#038;output=embed&#038;iwloc=near\"\n\t\t\t\t\twidth=\"640\"\n\t\t\t\t\theight=\"300\"\n\t\t\t\t\tloading=\"lazy\"\n\t\t\t\t><\/embed>\n\t\t\t<\/div>\n\t\t\t\n<\/div>","protected":false},"excerpt":{"rendered":"<p>Om oss &#8221;M\u00e4nniskans hj\u00e4rna \u00e4r inte utformad f\u00f6r att schemal\u00e4gga hundratals eller tusentals uppgifter manuellt i en fabrik. De \u00e4r b\u00e4ttre l\u00e4mpade f\u00f6r promenader i naturen \u00e4n f\u00f6r schemal\u00e4ggning av produktion.&#8221; SkyPlanner APS drivs av artificiell intelligens och \u00e4r den modernaste programvaran f\u00f6r produktionsplanering p\u00e5 marknaden. Den \u00e4r l\u00e4tt att installera och enkel att anv\u00e4nda. &#8230; <a title=\"Om oss\" class=\"read-more\" href=\"https:\/\/skyplanner.ai\/sv\/about-us\/\" aria-label=\"L\u00e4s mer om Om oss\">L\u00e4s mer<\/a><\/p>\n","protected":false},"author":1,"featured_media":0,"parent":0,"menu_order":0,"comment_status":"closed","ping_status":"closed","template":"","meta":{"inline_featured_image":false,"_uag_custom_page_level_css":"","footnotes":""},"class_list":["post-35938","page","type-page","status-publish"],"acf":[],"yoast_head":"<!-- This site is optimized with the Yoast SEO Premium plugin v26.9 (Yoast SEO v27.0) - https:\/\/yoast.com\/product\/yoast-seo-premium-wordpress\/ -->\n<title>Om oss &#8211; SkyPlanner<\/title>\n<meta name=\"robots\" content=\"index, follow, max-snippet:-1, max-image-preview:large, max-video-preview:-1\" \/>\n<link rel=\"canonical\" href=\"https:\/\/skyplanner.ai\/sv\/about-us\/\" \/>\n<meta property=\"og:locale\" content=\"sv_SE\" \/>\n<meta property=\"og:type\" content=\"article\" \/>\n<meta property=\"og:title\" content=\"Om oss\" \/>\n<meta property=\"og:description\" content=\"Om oss &#8221;M\u00e4nniskans hj\u00e4rna \u00e4r inte utformad f\u00f6r att schemal\u00e4gga hundratals eller tusentals uppgifter manuellt i en fabrik. De \u00e4r b\u00e4ttre l\u00e4mpade f\u00f6r promenader i naturen \u00e4n f\u00f6r schemal\u00e4ggning av produktion.&#8221; SkyPlanner APS drivs av artificiell intelligens och \u00e4r den modernaste programvaran f\u00f6r produktionsplanering p\u00e5 marknaden. Den \u00e4r l\u00e4tt att installera och enkel att anv\u00e4nda. ... L\u00e4s mer\" \/>\n<meta property=\"og:url\" content=\"https:\/\/skyplanner.ai\/sv\/about-us\/\" \/>\n<meta property=\"og:site_name\" content=\"SkyPlanner\" \/>\n<meta property=\"article:modified_time\" content=\"2025-12-08T09:14:08+00:00\" \/>\n<meta property=\"og:image\" content=\"https:\/\/skyplanner.ai\/wp-content\/uploads\/2024\/06\/about_us.jpeg\" \/>\n\t<meta property=\"og:image:width\" content=\"1280\" \/>\n\t<meta property=\"og:image:height\" content=\"853\" \/>\n\t<meta property=\"og:image:type\" content=\"image\/jpeg\" \/>\n<meta name=\"twitter:card\" content=\"summary_large_image\" \/>\n<meta name=\"twitter:label1\" content=\"Ber\u00e4knad l\u00e4stid\" \/>\n\t<meta name=\"twitter:data1\" content=\"4 minuter\" \/>\n<script type=\"application\/ld+json\" class=\"yoast-schema-graph\">{\"@context\":\"https:\/\/schema.org\",\"@graph\":[{\"@type\":\"WebPage\",\"@id\":\"https:\/\/skyplanner.ai\/sv\/about-us\/\",\"url\":\"https:\/\/skyplanner.ai\/sv\/about-us\/\",\"name\":\"Om oss &#8211; SkyPlanner\",\"isPartOf\":{\"@id\":\"https:\/\/skyplanner.ai\/sv\/#website\"},\"primaryImageOfPage\":{\"@id\":\"https:\/\/skyplanner.ai\/sv\/about-us\/#primaryimage\"},\"image\":{\"@id\":\"https:\/\/skyplanner.ai\/sv\/about-us\/#primaryimage\"},\"thumbnailUrl\":\"https:\/\/skyplanner.ai\/wp-content\/uploads\/2024\/06\/about_us-1024x682.jpeg\",\"datePublished\":\"2024-07-02T08:10:29+00:00\",\"dateModified\":\"2025-12-08T09:14:08+00:00\",\"breadcrumb\":{\"@id\":\"https:\/\/skyplanner.ai\/sv\/about-us\/#breadcrumb\"},\"inLanguage\":\"sv-SE\",\"potentialAction\":[{\"@type\":\"ReadAction\",\"target\":[\"https:\/\/skyplanner.ai\/sv\/about-us\/\"]}]},{\"@type\":\"ImageObject\",\"inLanguage\":\"sv-SE\",\"@id\":\"https:\/\/skyplanner.ai\/sv\/about-us\/#primaryimage\",\"url\":\"https:\/\/skyplanner.ai\/wp-content\/uploads\/2024\/06\/about_us-1024x682.jpeg\",\"contentUrl\":\"https:\/\/skyplanner.ai\/wp-content\/uploads\/2024\/06\/about_us-1024x682.jpeg\"},{\"@type\":\"BreadcrumbList\",\"@id\":\"https:\/\/skyplanner.ai\/sv\/about-us\/#breadcrumb\",\"itemListElement\":[{\"@type\":\"ListItem\",\"position\":1,\"name\":\"Home\",\"item\":\"https:\/\/skyplanner.ai\/sv\/\"},{\"@type\":\"ListItem\",\"position\":2,\"name\":\"Om oss\"}]},{\"@type\":\"WebSite\",\"@id\":\"https:\/\/skyplanner.ai\/sv\/#website\",\"url\":\"https:\/\/skyplanner.ai\/sv\/\",\"name\":\"SkyPlanner\",\"description\":\"AI-powered production scheduling and planning software\",\"publisher\":{\"@id\":\"https:\/\/skyplanner.ai\/sv\/#organization\"},\"potentialAction\":[{\"@type\":\"SearchAction\",\"target\":{\"@type\":\"EntryPoint\",\"urlTemplate\":\"https:\/\/skyplanner.ai\/sv\/?s={search_term_string}\"},\"query-input\":{\"@type\":\"PropertyValueSpecification\",\"valueRequired\":true,\"valueName\":\"search_term_string\"}}],\"inLanguage\":\"sv-SE\"},{\"@type\":\"Organization\",\"@id\":\"https:\/\/skyplanner.ai\/sv\/#organization\",\"name\":\"SkyPlanner APS\",\"url\":\"https:\/\/skyplanner.ai\/sv\/\",\"logo\":{\"@type\":\"ImageObject\",\"inLanguage\":\"sv-SE\",\"@id\":\"https:\/\/skyplanner.ai\/sv\/#\/schema\/logo\/image\/\",\"url\":\"https:\/\/skyplanner.ai\/wp-content\/uploads\/2022\/05\/Skyplanner-logo-2.svg\",\"contentUrl\":\"https:\/\/skyplanner.ai\/wp-content\/uploads\/2022\/05\/Skyplanner-logo-2.svg\",\"width\":223,\"height\":43,\"caption\":\"SkyPlanner APS\"},\"image\":{\"@id\":\"https:\/\/skyplanner.ai\/sv\/#\/schema\/logo\/image\/\"},\"sameAs\":[\"https:\/\/www.linkedin.com\/company\/skyplanner-aps\/\",\"https:\/\/www.youtube.com\/@SkyPlannerAPS\",\"https:\/\/www.capterra.com\/p\/265911\/SkyPlanner-APS\/\",\"https:\/\/www.trustradius.com\/products\/skyplanner-aps\/reviews\",\"https:\/\/www.saasworthy.com\/product\/skyplanner-aps\",\"https:\/\/sourceforge.net\/software\/product\/SkyPlanner-APS\/\",\"https:\/\/www.g2.com\/products\/skyplanner-aps\/\",\"https:\/\/www.getapp.com\/project-management-planning-software\/a\/skyplanner-aps\/\",\"https:\/\/www.softwareadvice.com\/cmms\/skyplanner-aps-profile\/\"],\"description\":\"AI-powered production scheduling and planning software for manufacturing\",\"foundingDate\":\"1997\",\"legalName\":\"Skycode Oy\",\"alternateName\":\"SkyPlanner\",\"knowsAbout\":[\"Production Scheduling\",\"Advanced Planning and Scheduling\",\"Manufacturing AI\",\"Finite Capacity Scheduling\",\"ERP Integration\"],\"areaServed\":\"Worldwide\",\"contactPoint\":{\"@type\":\"ContactPoint\",\"contactType\":\"sales\",\"url\":\"https:\/\/skyplanner.ai\/trial\/\"}}]}<\/script>\n<!-- \/ Yoast SEO Premium plugin. -->","yoast_head_json":{"title":"Om oss &#8211; SkyPlanner","robots":{"index":"index","follow":"follow","max-snippet":"max-snippet:-1","max-image-preview":"max-image-preview:large","max-video-preview":"max-video-preview:-1"},"canonical":"https:\/\/skyplanner.ai\/sv\/about-us\/","og_locale":"sv_SE","og_type":"article","og_title":"Om oss","og_description":"Om oss &#8221;M\u00e4nniskans hj\u00e4rna \u00e4r inte utformad f\u00f6r att schemal\u00e4gga hundratals eller tusentals uppgifter manuellt i en fabrik. De \u00e4r b\u00e4ttre l\u00e4mpade f\u00f6r promenader i naturen \u00e4n f\u00f6r schemal\u00e4ggning av produktion.&#8221; SkyPlanner APS drivs av artificiell intelligens och \u00e4r den modernaste programvaran f\u00f6r produktionsplanering p\u00e5 marknaden. Den \u00e4r l\u00e4tt att installera och enkel att anv\u00e4nda. ... L\u00e4s mer","og_url":"https:\/\/skyplanner.ai\/sv\/about-us\/","og_site_name":"SkyPlanner","article_modified_time":"2025-12-08T09:14:08+00:00","og_image":[{"width":1280,"height":853,"url":"https:\/\/skyplanner.ai\/wp-content\/uploads\/2024\/06\/about_us.jpeg","type":"image\/jpeg"}],"twitter_card":"summary_large_image","twitter_misc":{"Ber\u00e4knad l\u00e4stid":"4 minuter"},"schema":{"@context":"https:\/\/schema.org","@graph":[{"@type":"WebPage","@id":"https:\/\/skyplanner.ai\/sv\/about-us\/","url":"https:\/\/skyplanner.ai\/sv\/about-us\/","name":"Om oss &#8211; SkyPlanner","isPartOf":{"@id":"https:\/\/skyplanner.ai\/sv\/#website"},"primaryImageOfPage":{"@id":"https:\/\/skyplanner.ai\/sv\/about-us\/#primaryimage"},"image":{"@id":"https:\/\/skyplanner.ai\/sv\/about-us\/#primaryimage"},"thumbnailUrl":"https:\/\/skyplanner.ai\/wp-content\/uploads\/2024\/06\/about_us-1024x682.jpeg","datePublished":"2024-07-02T08:10:29+00:00","dateModified":"2025-12-08T09:14:08+00:00","breadcrumb":{"@id":"https:\/\/skyplanner.ai\/sv\/about-us\/#breadcrumb"},"inLanguage":"sv-SE","potentialAction":[{"@type":"ReadAction","target":["https:\/\/skyplanner.ai\/sv\/about-us\/"]}]},{"@type":"ImageObject","inLanguage":"sv-SE","@id":"https:\/\/skyplanner.ai\/sv\/about-us\/#primaryimage","url":"https:\/\/skyplanner.ai\/wp-content\/uploads\/2024\/06\/about_us-1024x682.jpeg","contentUrl":"https:\/\/skyplanner.ai\/wp-content\/uploads\/2024\/06\/about_us-1024x682.jpeg"},{"@type":"BreadcrumbList","@id":"https:\/\/skyplanner.ai\/sv\/about-us\/#breadcrumb","itemListElement":[{"@type":"ListItem","position":1,"name":"Home","item":"https:\/\/skyplanner.ai\/sv\/"},{"@type":"ListItem","position":2,"name":"Om oss"}]},{"@type":"WebSite","@id":"https:\/\/skyplanner.ai\/sv\/#website","url":"https:\/\/skyplanner.ai\/sv\/","name":"SkyPlanner","description":"AI-powered production scheduling and planning software","publisher":{"@id":"https:\/\/skyplanner.ai\/sv\/#organization"},"potentialAction":[{"@type":"SearchAction","target":{"@type":"EntryPoint","urlTemplate":"https:\/\/skyplanner.ai\/sv\/?s={search_term_string}"},"query-input":{"@type":"PropertyValueSpecification","valueRequired":true,"valueName":"search_term_string"}}],"inLanguage":"sv-SE"},{"@type":"Organization","@id":"https:\/\/skyplanner.ai\/sv\/#organization","name":"SkyPlanner APS","url":"https:\/\/skyplanner.ai\/sv\/","logo":{"@type":"ImageObject","inLanguage":"sv-SE","@id":"https:\/\/skyplanner.ai\/sv\/#\/schema\/logo\/image\/","url":"https:\/\/skyplanner.ai\/wp-content\/uploads\/2022\/05\/Skyplanner-logo-2.svg","contentUrl":"https:\/\/skyplanner.ai\/wp-content\/uploads\/2022\/05\/Skyplanner-logo-2.svg","width":223,"height":43,"caption":"SkyPlanner APS"},"image":{"@id":"https:\/\/skyplanner.ai\/sv\/#\/schema\/logo\/image\/"},"sameAs":["https:\/\/www.linkedin.com\/company\/skyplanner-aps\/","https:\/\/www.youtube.com\/@SkyPlannerAPS","https:\/\/www.capterra.com\/p\/265911\/SkyPlanner-APS\/","https:\/\/www.trustradius.com\/products\/skyplanner-aps\/reviews","https:\/\/www.saasworthy.com\/product\/skyplanner-aps","https:\/\/sourceforge.net\/software\/product\/SkyPlanner-APS\/","https:\/\/www.g2.com\/products\/skyplanner-aps\/","https:\/\/www.getapp.com\/project-management-planning-software\/a\/skyplanner-aps\/","https:\/\/www.softwareadvice.com\/cmms\/skyplanner-aps-profile\/"],"description":"AI-powered production scheduling and planning software for manufacturing","foundingDate":"1997","legalName":"Skycode Oy","alternateName":"SkyPlanner","knowsAbout":["Production Scheduling","Advanced Planning and Scheduling","Manufacturing AI","Finite Capacity Scheduling","ERP Integration"],"areaServed":"Worldwide","contactPoint":{"@type":"ContactPoint","contactType":"sales","url":"https:\/\/skyplanner.ai\/trial\/"}}]}},"uagb_featured_image_src":{"full":false,"thumbnail":false,"medium":false,"medium_large":false,"large":false,"1536x1536":false,"2048x2048":false,"betterdocs-category-thumb":false},"uagb_author_info":{"display_name":"skyplanner","author_link":"https:\/\/skyplanner.ai\/sv\/author\/skyplanner\/"},"uagb_comment_info":0,"uagb_excerpt":"Om oss &#8221;M\u00e4nniskans hj\u00e4rna \u00e4r inte utformad f\u00f6r att schemal\u00e4gga hundratals eller tusentals uppgifter manuellt i en fabrik. De \u00e4r b\u00e4ttre l\u00e4mpade f\u00f6r promenader i naturen \u00e4n f\u00f6r schemal\u00e4ggning av produktion.&#8221; SkyPlanner APS drivs av artificiell intelligens och \u00e4r den modernaste programvaran f\u00f6r produktionsplanering p\u00e5 marknaden. Den \u00e4r l\u00e4tt att installera och enkel att anv\u00e4nda.&hellip;","_links":{"self":[{"href":"https:\/\/skyplanner.ai\/sv\/wp-json\/wp\/v2\/pages\/35938","targetHints":{"allow":["GET"]}}],"collection":[{"href":"https:\/\/skyplanner.ai\/sv\/wp-json\/wp\/v2\/pages"}],"about":[{"href":"https:\/\/skyplanner.ai\/sv\/wp-json\/wp\/v2\/types\/page"}],"author":[{"embeddable":true,"href":"https:\/\/skyplanner.ai\/sv\/wp-json\/wp\/v2\/users\/1"}],"replies":[{"embeddable":true,"href":"https:\/\/skyplanner.ai\/sv\/wp-json\/wp\/v2\/comments?post=35938"}],"version-history":[{"count":0,"href":"https:\/\/skyplanner.ai\/sv\/wp-json\/wp\/v2\/pages\/35938\/revisions"}],"wp:attachment":[{"href":"https:\/\/skyplanner.ai\/sv\/wp-json\/wp\/v2\/media?parent=35938"}],"curies":[{"name":"wp","href":"https:\/\/api.w.org\/{rel}","templated":true}]}}