{"id":35900,"date":"2024-07-02T08:10:29","date_gmt":"2024-07-02T08:10:29","guid":{"rendered":"https:\/\/skyplanner.ai\/o-nas\/"},"modified":"2025-12-08T09:12:12","modified_gmt":"2025-12-08T09:12:12","slug":"o-nas","status":"publish","type":"page","link":"https:\/\/skyplanner.ai\/sl\/o-nas\/","title":{"rendered":"O nas"},"content":{"rendered":"<div class=\"gb-container gb-container-95f3ac01\">\n<div class=\"gb-container gb-container-8106c6a2\">\n<div class=\"gb-container gb-container-865de0eb\"><div class=\"gb-inside-container\">\n\n<div class=\"wp-block-columns is-layout-flex wp-container-core-columns-is-layout-9d6595d7 wp-block-columns-is-layout-flex\">\n<div class=\"wp-block-column is-layout-flow wp-block-column-is-layout-flow\" style=\"flex-basis:50%\"><div class=\"gb-container gb-container-906e61dc\">\n\n<figure class=\"wp-block-image size-large rounded is-style-default\"><img decoding=\"async\" width=\"1024\" height=\"682\" src=\"https:\/\/skyplanner.ai\/wp-content\/uploads\/2024\/06\/about_us-1024x682.jpeg\" alt=\"\" class=\"wp-image-34962\" srcset=\"https:\/\/skyplanner.ai\/wp-content\/uploads\/2024\/06\/about_us-1024x682.jpeg 1024w, https:\/\/skyplanner.ai\/wp-content\/uploads\/2024\/06\/about_us-300x200.jpeg 300w, https:\/\/skyplanner.ai\/wp-content\/uploads\/2024\/06\/about_us-768x512.jpeg 768w, https:\/\/skyplanner.ai\/wp-content\/uploads\/2024\/06\/about_us.jpeg 1280w\" sizes=\"(max-width: 1024px) 100vw, 1024px\" \/><\/figure>\n\n<\/div><\/div>\n\n\n\n<div class=\"wp-block-column is-layout-flow wp-block-column-is-layout-flow\" style=\"flex-basis:50%\"><div class=\"gb-container gb-container-fd442b94\">\n<div class=\"gb-container gb-container-fbdc6dd0\">\n\n<h2 class=\"wp-block-heading has-text-align-center\" id=\"h-about-us\">O nas<\/h2>\n\n\n\n<p class=\"has-text-align-center has-medium-font-size\"><em>&#8220;\u010clove\u0161ki mo\u017egani niso zasnovani tako, da bi v tovarni ro\u010dno na\u010drtovali na stotine ali tiso\u010de nalog. Primernej\u0161e so za sprehode v naravi kot za na\u010drtovanje proizvodnje<\/em>.<em>&#8220;<\/em><\/p>\n\n\n\n<p class=\"has-text-align-center\" style=\"font-size:24px\">SkyPlanner APS, ki ga poganja umetna inteligenca, je najsodobnej\u0161a programska oprema za na\u010drtovanje proizvodnje na trgu. Enostavno ga je nastaviti in uporabljati.<\/p>\n\n<\/div>\n<\/div><\/div>\n<\/div>\n\n<\/div><\/div>\n<\/div>\n<\/div><div class=\"gb-container gb-container-86a83528\">\n<div class=\"gb-grid-wrapper gb-grid-wrapper-88ba9f7d\">\n<div class=\"gb-grid-column gb-grid-column-7ab1e934\"><div class=\"gb-container gb-container-7ab1e934 backglow\">\n<div class=\"gb-container gb-container-a24ec307\">\n\n<h2 class=\"wp-block-heading has-text-align-center has-text-color\" id=\"h-2100\" style=\"color:#303af2;font-size:62px;font-style:normal;font-weight:900\">2100+<\/h2>\n\n\n\n<p class=\"has-text-align-center\">Namestitve SkyPlannerja<\/p>\n\n<\/div>\n<\/div><\/div>\n\n<div class=\"gb-grid-column gb-grid-column-a785d916\"><div class=\"gb-container gb-container-a785d916 backglow\">\n<div class=\"gb-container gb-container-ae6908c2\">\n\n<h2 class=\"wp-block-heading has-text-align-center has-text-color\" id=\"h-27\" style=\"color:#303af2;font-size:62px;font-style:normal;font-weight:900\">27<\/h2>\n\n\n\n<p class=\"has-text-align-center\">Leta izku\u0161enj<\/p>\n\n<\/div>\n<\/div><\/div>\n\n<div class=\"gb-grid-column gb-grid-column-f284d427\"><div class=\"gb-container gb-container-f284d427 backglow\">\n<div class=\"gb-container gb-container-c7572b69\">\n\n<h2 class=\"wp-block-heading has-text-align-center has-text-color\" id=\"h-21\" style=\"color:#303af2;font-size:62px;font-style:normal;font-weight:900\">21<\/h2>\n\n\n\n<p class=\"has-text-align-center\">Dr\u017eave s strokovnjaki SkyPlannerja<\/p>\n\n<\/div>\n<\/div><\/div>\n<\/div>\n<\/div><div class=\"gb-container gb-container-6e686c8f\">\n\n<figure class=\"wp-block-embed is-type-video is-provider-youtube wp-block-embed-youtube wp-embed-aspect-16-9 wp-has-aspect-ratio\"><div class=\"wp-block-embed__wrapper\">\n<iframe title=\"SkyPlanner&#039;s team and office\" width=\"1200\" height=\"675\" src=\"https:\/\/www.youtube.com\/embed\/SFdpNPCmlks?feature=oembed\" frameborder=\"0\" allow=\"accelerometer; autoplay; clipboard-write; encrypted-media; gyroscope; picture-in-picture; web-share\" referrerpolicy=\"strict-origin-when-cross-origin\" allowfullscreen><\/iframe>\n<\/div><\/figure>\n\n<\/div><div class=\"gb-container gb-container-0ee67634\">\n<div class=\"gb-container gb-container-548ede57\">\n\n<div class=\"wp-block-columns is-layout-flex wp-container-core-columns-is-layout-9d6595d7 wp-block-columns-is-layout-flex\">\n<div class=\"wp-block-column is-layout-flow wp-block-column-is-layout-flow\"><div class=\"gb-container gb-container-83050036\">\n<div class=\"wp-block-image\">\n<figure class=\"alignright size-full\"><img decoding=\"async\" width=\"959\" height=\"586\" src=\"https:\/\/skyplanner.ai\/wp-content\/uploads\/2024\/06\/skycode.jpeg\" alt=\"\" class=\"wp-image-35021\" srcset=\"https:\/\/skyplanner.ai\/wp-content\/uploads\/2024\/06\/skycode.jpeg 959w, https:\/\/skyplanner.ai\/wp-content\/uploads\/2024\/06\/skycode-300x183.jpeg 300w, https:\/\/skyplanner.ai\/wp-content\/uploads\/2024\/06\/skycode-768x469.jpeg 768w\" sizes=\"(max-width: 959px) 100vw, 959px\" \/><\/figure>\n<\/div>\n<\/div><\/div>\n\n\n\n<div class=\"wp-block-column is-layout-flow wp-block-column-is-layout-flow\"><div class=\"gb-container gb-container-ceaedc69\">\n\n<h2 class=\"wp-block-heading has-x-large-font-size\" id=\"h-our-story\">Na\u0161a zgodba<\/h2>\n\n\n\n<p>SkyPlanner APS je razvilo finsko podjetje Skycode Oy in ga distribuira po vsem svetu. Ni pomembno, kje na svetu se nahaja va\u0161e podjetje, v kateri panogi poslujete ali kako veliko je va\u0161e podjetje. Mi in na\u0161a mednarodna partnerska mre\u017ea zagotavljamo zanesljive storitve, prilagojene potrebam va\u0161ega podjetja. \u010ce \u017eelite, lahko program SkyPlanner uporabljate v svojem maternem jeziku.<\/p>\n\n\n\n<p>Na\u0161e podjetje Skycode Oy je bilo ustanovljeno pred 27 leti, leta 1997. Specializirani smo za prilagojeno programsko opremo za industrijo in integracije ERP. To je bila odli\u010dna podlaga za razvoj programa SkyPlanner, ki smo ga v sodelovanju s strankami za\u010deli razvijati leta 2016.<\/p>\n\n<\/div><\/div>\n<\/div>\n\n<\/div>\n<\/div><div class=\"gb-container gb-container-ecf82a77\">\n<div class=\"gb-container gb-container-c1fd2326\">\n<div class=\"gb-container gb-container-373069a5\">\n<div class=\"gb-grid-wrapper gb-grid-wrapper-ae22fb5f\">\n<div class=\"gb-grid-column gb-grid-column-45002862\"><div class=\"gb-container gb-container-45002862\">\n<div class=\"gb-container gb-container-4fefabbe\">\n\n<h3 class=\"wp-block-heading has-base-3-color has-text-color\" id=\"h-integration\">Integracija<\/h3>\n\n\n\n<p class=\"has-base-3-color has-text-color\">SkyPlanner vklju\u010duje sodoben in obse\u017een vmesnik REST API za integracije. Integracijo lahko ustvarite sami, uporabite obstoje\u010dega partnerja za integracijo ali pri nas naro\u010dite storitve integracije. SkyPlanner je zaradi na\u0161ih ve\u010ddesetletnih izku\u0161enj z integracijo mogo\u010de integrirati z vso drugo programsko opremo &#8211; to je na\u0161a obljuba.<\/p>\n\n<\/div>\n<\/div><\/div>\n\n<div class=\"gb-grid-column gb-grid-column-d65b454d\"><div class=\"gb-container gb-container-d65b454d\">\n<div class=\"gb-container gb-container-e441b4ed\">\n\n<figure class=\"wp-block-image size-full\"><img decoding=\"async\" width=\"301\" height=\"301\" src=\"https:\/\/skyplanner.ai\/wp-content\/uploads\/2023\/12\/e384cf5b3ca8cd9cf46508b95ea672db.png\" alt=\"\" class=\"wp-image-32041\" srcset=\"https:\/\/skyplanner.ai\/wp-content\/uploads\/2023\/12\/e384cf5b3ca8cd9cf46508b95ea672db.png 301w, https:\/\/skyplanner.ai\/wp-content\/uploads\/2023\/12\/e384cf5b3ca8cd9cf46508b95ea672db-150x150.png 150w\" sizes=\"(max-width: 301px) 100vw, 301px\" \/><\/figure>\n\n<\/div>\n<\/div><\/div>\n<\/div>\n<\/div>\n<\/div>\n<\/div><div class=\"gb-container gb-container-34317aad\">\n\n<div class=\"wp-block-columns is-layout-flex wp-container-core-columns-is-layout-9d6595d7 wp-block-columns-is-layout-flex\">\n<div class=\"wp-block-column is-layout-flow wp-block-column-is-layout-flow\"><div class=\"gb-container gb-container-e5ae920d\">\n<div class=\"gb-container gb-container-ff0d9ce2\">\n\n<h3 class=\"wp-block-heading has-text-align-center has-large-font-size\" id=\"h-new-era\"><strong>Novo obdobje<\/strong><\/h3>\n\n\n\n<p>Pred leti smo opazili, da je programska oprema za preglednice absolutno vodilna na trgu programske opreme za na\u010drtovanje proizvodnje. Tudi vsa druga razpolo\u017eljiva programska oprema je obi\u010dajno temeljila na ro\u010dnem na\u010drtovanju proizvodnje. Vendar nih\u010de ni maral ro\u010dnega na\u010drtovanja proizvodnje, prav tako pa ni bilo na voljo dovolj dobrih alternativ.<\/p>\n\n\n\n<p>Tovarne so neu\u010dinkovite, na\u010drtovalci proizvodnje pa se soo\u010dajo z veliko stresa, ko so proizvodni na\u010drti neoptimalni in \u0161e vedno potrebujejo ogromno \u010dasa za izdelavo. Tovarne delujejo pod zmogljivostjo, zanesljivost dobave naro\u010dil pa je slaba.<\/p>\n\n\n\n<p>\u017de od za\u010detka smo imeli jasno vizijo, da je umetna inteligenca najbolj\u0161a tehnologija za samodejno na\u010drtovanje proizvodnje, saj se dobro prilagaja zahtevam razli\u010dnih proizvodnih procesov. Zato lahko program SkyPlanner konfigurirate za razli\u010dne panoge in upo\u0161tevate celo edinstvene potrebe, ne da bi spreminjali algoritem. \u0160e vedno vodite operacije umetne inteligence, saj je sodelovanje \u010dloveka in umetne inteligence najbolj\u0161a kombinacija.<\/p>\n\n\n\n<p>Umetna inteligenca je tudi najhitrej\u0161i na\u010din za izvajanje tovrstnih matemati\u010dnih izra\u010dunov. Hitrost se nam zdi zelo pomembna, zato je umetna inteligenca, ki smo jo razvili za SkyPlanner, Arcturus, najhitrej\u0161a umetna inteligenca na svetu za na\u010drtovanje proizvodnje, tudi v velikih proizvodnjah.<\/p>\n\n\n\n<p>Preglednice nikoli niso bile najbolj\u0161a programska oprema za optimizacijo proizvodnje, vendar so jo ljudje lahko sami uporabljali in jo prilagodili po svojih \u017eeljah. Program SkyPlanner smo naredili \u0161e enostavnej\u0161i za izvajanje brez obse\u017enih in dragih projektov IT. SkyPlanner lahko za\u010dnete uporabljati \u017ee danes na na\u0161em spletnem mestu. Ponujamo obse\u017eno knji\u017enico vodnikov in videoposnetkov z navodili, s katerimi se lahko sami nau\u010dite programske opreme. Tako zelo zaupamo na\u0161i programski opremi, da lahko SkyPlanner pred odlo\u010ditvijo o nakupu preizkusite z brezpla\u010dnim preizkusnim obdobjem.<\/p>\n\n<\/div>\n<\/div><\/div>\n\n\n\n<div class=\"wp-block-column is-layout-flow wp-block-column-is-layout-flow\"><div class=\"gb-container gb-container-06653eb2\">\n<div class=\"gb-container gb-container-5eba43cc\">\n\n<h3 class=\"wp-block-heading has-text-align-center has-large-font-size\" id=\"h-our-services\"><strong>Na\u0161e storitve<\/strong><\/h3>\n\n\n\n<p class=\"has-text-align-center\">Razumemo, da \u017eelijo \u0161tevilne stranke kot dodatno storitev kupiti usposabljanje za izvajanje, ki ga izvajajo na\u0161i strokovnjaki. Nekateri \u017eelijo prilagoditve in integracije, prilagojene njihovim \u017eeljam za SkyPlanner. Vse te dodatne storitve vam ponujamo z veliko izku\u0161njami. Poleg tega vam na\u0161a mednarodna partnerska mre\u017ea slu\u017ei na skoraj vseh celinah in \u010dasovnih pasovih. Kontaktirajte nas in povedali vam bomo ve\u010d o na\u0161ih strokovnih storitvah.<\/p>\n\n\n\n<p class=\"has-text-align-center\">Na\u0161a organizacija je visoko motivirana in ima bogate izku\u0161nje v panogi. Z aplikacijo SkyPlanner ne boste nikoli sami. Poleg gradiva za usposabljanje lahko prejmete tudi na\u0161o podporo prek klepeta, video klica, e-po\u0161te in telefona. Po potrebi organiziramo tudi delavnice v proizvodnih obratih na\u0161ih strank po vsem svetu.<\/p>\n\n\n\n<p class=\"has-text-align-center\">V to programsko opremo smo vlo\u017eili ne le tehnologijo, temve\u010d tudi srce. \u017delimo biti najbolj\u0161i na svetu v tem, kar po\u010dnemo, in vam olaj\u0161ati delo pri na\u010drtovanju proizvodnje.<\/p>\n\n\n\n<p class=\"has-text-align-center\">\u017delimo zagotoviti, da se nobeni tovarni ne bo ve\u010d treba spopadati z ro\u010dnim na\u010drtovanjem proizvodnje.<\/p>\n\n\n\n<p class=\"has-text-align-center\">\u010ce se \u017eelite znebiti ro\u010dnega na\u010drtovanja proizvodnje in izbolj\u0161ati u\u010dinkovitost proizvodnje, ste pri\u0161li na pravo mesto. SkyPlanner je tu, da spremeni prihodnost industrije. SkyPlanner lahko za\u010dnete uporabljati \u0161e danes.<\/p>\n\n<\/div>\n<\/div><\/div>\n<\/div>\n\n<\/div><div class=\"gb-container gb-container-1d2bde4a backglow  pricing\">\n\n<h3 class=\"wp-block-heading\" id=\"h-company-information\">Informacije o podjetju<\/h3>\n\n\n\n<div class=\"wp-block-columns is-layout-flex wp-container-core-columns-is-layout-9d6595d7 wp-block-columns-is-layout-flex\">\n<div class=\"wp-block-column is-layout-flow wp-block-column-is-layout-flow\">\n<p><strong>Ime podjetja<\/strong><br\/>Skycode Oy<br\/><br\/><strong>ID podjetja<\/strong><br\/>FI22049470<br\/><br\/><strong>Sede\u017e podjetja<\/strong><br\/>Rantakatu 2 G 11, 65100 Vaasa, Finska<br\/><br\/><strong>Telefonska \u0161tevilka podjetja<\/strong><br\/><a href=\"tel:+358407000002\">+358 40 700 0002<\/a><\/p>\n<\/div>\n\n\n\n<div class=\"wp-block-column is-layout-flow wp-block-column-is-layout-flow\">\n<p><strong>Podpora<\/strong><br\/>support@skyplanner.ai<br\/><br\/><strong>Prodaja<\/strong><br\/>jussi@skycode.fi<br\/><br\/><strong>Finan\u010dni oddelek<\/strong><br\/>niko@skycode.fi<\/p>\n<\/div>\n<\/div>\n\n\n\t\t\t<div \n\t\t\tclass=\"wp-block-uagb-google-map uagb-google-map__wrap uagb-block-c0d340a1     \"\n\t\t\tstyle=\"\" >\n\t\t\t\t<embed\n\t\t\t\t\tclass=\"uagb-google-map__iframe\"\n\t\t\t\t\ttitle=\"Google Map for \"\n\t\t\t\t\tsrc=\"https:\/\/maps.google.com\/maps?q=Skycode%20Rantakatu%202%20G%2011%2C%2065100%20Vaasa&#038;z=12&#038;hl=en&#038;t=m&#038;output=embed&#038;iwloc=near\"\n\t\t\t\t\twidth=\"640\"\n\t\t\t\t\theight=\"300\"\n\t\t\t\t\tloading=\"lazy\"\n\t\t\t\t><\/embed>\n\t\t\t<\/div>\n\t\t\t\n<\/div>","protected":false},"excerpt":{"rendered":"<p>O nas &#8220;\u010clove\u0161ki mo\u017egani niso zasnovani tako, da bi v tovarni ro\u010dno na\u010drtovali na stotine ali tiso\u010de nalog. Primernej\u0161e so za sprehode v naravi kot za na\u010drtovanje proizvodnje.&#8220; SkyPlanner APS, ki ga poganja umetna inteligenca, je najsodobnej\u0161a programska oprema za na\u010drtovanje proizvodnje na trgu. Enostavno ga je nastaviti in uporabljati. Na\u0161a zgodba SkyPlanner APS je &#8230; <a title=\"O nas\" class=\"read-more\" href=\"https:\/\/skyplanner.ai\/sl\/o-nas\/\" aria-label=\"Read more about O nas\">Read more<\/a><\/p>\n","protected":false},"author":1,"featured_media":0,"parent":0,"menu_order":0,"comment_status":"closed","ping_status":"closed","template":"","meta":{"inline_featured_image":false,"_uag_custom_page_level_css":"","footnotes":""},"class_list":["post-35900","page","type-page","status-publish"],"acf":[],"yoast_head":"<!-- This site is optimized with the Yoast SEO Premium plugin v26.9 (Yoast SEO v27.0) - https:\/\/yoast.com\/product\/yoast-seo-premium-wordpress\/ -->\n<title>O nas &#8211; SkyPlanner<\/title>\n<meta name=\"robots\" content=\"index, follow, max-snippet:-1, max-image-preview:large, max-video-preview:-1\" \/>\n<link rel=\"canonical\" href=\"https:\/\/skyplanner.ai\/sl\/o-nas\/\" \/>\n<meta property=\"og:locale\" content=\"sl_SI\" \/>\n<meta property=\"og:type\" content=\"article\" \/>\n<meta property=\"og:title\" content=\"O nas\" \/>\n<meta property=\"og:description\" content=\"O nas &#8220;\u010clove\u0161ki mo\u017egani niso zasnovani tako, da bi v tovarni ro\u010dno na\u010drtovali na stotine ali tiso\u010de nalog. Primernej\u0161e so za sprehode v naravi kot za na\u010drtovanje proizvodnje.&#8220; SkyPlanner APS, ki ga poganja umetna inteligenca, je najsodobnej\u0161a programska oprema za na\u010drtovanje proizvodnje na trgu. Enostavno ga je nastaviti in uporabljati. Na\u0161a zgodba SkyPlanner APS je ... Read more\" \/>\n<meta property=\"og:url\" content=\"https:\/\/skyplanner.ai\/sl\/o-nas\/\" \/>\n<meta property=\"og:site_name\" content=\"SkyPlanner\" \/>\n<meta property=\"article:modified_time\" content=\"2025-12-08T09:12:12+00:00\" \/>\n<meta property=\"og:image\" content=\"https:\/\/skyplanner.ai\/wp-content\/uploads\/2024\/06\/about_us.jpeg\" \/>\n\t<meta property=\"og:image:width\" content=\"1280\" \/>\n\t<meta property=\"og:image:height\" content=\"853\" \/>\n\t<meta property=\"og:image:type\" content=\"image\/jpeg\" \/>\n<meta name=\"twitter:card\" content=\"summary_large_image\" \/>\n<meta name=\"twitter:label1\" content=\"Est. reading time\" \/>\n\t<meta name=\"twitter:data1\" content=\"4 minute\" \/>\n<script type=\"application\/ld+json\" class=\"yoast-schema-graph\">{\"@context\":\"https:\/\/schema.org\",\"@graph\":[{\"@type\":\"WebPage\",\"@id\":\"https:\/\/skyplanner.ai\/sl\/o-nas\/\",\"url\":\"https:\/\/skyplanner.ai\/sl\/o-nas\/\",\"name\":\"O nas &#8211; SkyPlanner\",\"isPartOf\":{\"@id\":\"https:\/\/skyplanner.ai\/sl\/#website\"},\"primaryImageOfPage\":{\"@id\":\"https:\/\/skyplanner.ai\/sl\/o-nas\/#primaryimage\"},\"image\":{\"@id\":\"https:\/\/skyplanner.ai\/sl\/o-nas\/#primaryimage\"},\"thumbnailUrl\":\"https:\/\/skyplanner.ai\/wp-content\/uploads\/2024\/06\/about_us-1024x682.jpeg\",\"datePublished\":\"2024-07-02T08:10:29+00:00\",\"dateModified\":\"2025-12-08T09:12:12+00:00\",\"breadcrumb\":{\"@id\":\"https:\/\/skyplanner.ai\/sl\/o-nas\/#breadcrumb\"},\"inLanguage\":\"sl-SI\",\"potentialAction\":[{\"@type\":\"ReadAction\",\"target\":[\"https:\/\/skyplanner.ai\/sl\/o-nas\/\"]}]},{\"@type\":\"ImageObject\",\"inLanguage\":\"sl-SI\",\"@id\":\"https:\/\/skyplanner.ai\/sl\/o-nas\/#primaryimage\",\"url\":\"https:\/\/skyplanner.ai\/wp-content\/uploads\/2024\/06\/about_us-1024x682.jpeg\",\"contentUrl\":\"https:\/\/skyplanner.ai\/wp-content\/uploads\/2024\/06\/about_us-1024x682.jpeg\"},{\"@type\":\"BreadcrumbList\",\"@id\":\"https:\/\/skyplanner.ai\/sl\/o-nas\/#breadcrumb\",\"itemListElement\":[{\"@type\":\"ListItem\",\"position\":1,\"name\":\"Home\",\"item\":\"https:\/\/skyplanner.ai\/sl\/domaca-stran\/\"},{\"@type\":\"ListItem\",\"position\":2,\"name\":\"O nas\"}]},{\"@type\":\"WebSite\",\"@id\":\"https:\/\/skyplanner.ai\/sl\/#website\",\"url\":\"https:\/\/skyplanner.ai\/sl\/\",\"name\":\"SkyPlanner\",\"description\":\"AI-powered production scheduling and planning software\",\"publisher\":{\"@id\":\"https:\/\/skyplanner.ai\/sl\/#organization\"},\"potentialAction\":[{\"@type\":\"SearchAction\",\"target\":{\"@type\":\"EntryPoint\",\"urlTemplate\":\"https:\/\/skyplanner.ai\/sl\/?s={search_term_string}\"},\"query-input\":{\"@type\":\"PropertyValueSpecification\",\"valueRequired\":true,\"valueName\":\"search_term_string\"}}],\"inLanguage\":\"sl-SI\"},{\"@type\":\"Organization\",\"@id\":\"https:\/\/skyplanner.ai\/sl\/#organization\",\"name\":\"SkyPlanner APS\",\"url\":\"https:\/\/skyplanner.ai\/sl\/\",\"logo\":{\"@type\":\"ImageObject\",\"inLanguage\":\"sl-SI\",\"@id\":\"https:\/\/skyplanner.ai\/sl\/#\/schema\/logo\/image\/\",\"url\":\"https:\/\/skyplanner.ai\/wp-content\/uploads\/2022\/05\/Skyplanner-logo-2.svg\",\"contentUrl\":\"https:\/\/skyplanner.ai\/wp-content\/uploads\/2022\/05\/Skyplanner-logo-2.svg\",\"width\":223,\"height\":43,\"caption\":\"SkyPlanner APS\"},\"image\":{\"@id\":\"https:\/\/skyplanner.ai\/sl\/#\/schema\/logo\/image\/\"},\"sameAs\":[\"https:\/\/www.linkedin.com\/company\/skyplanner-aps\/\",\"https:\/\/www.youtube.com\/@SkyPlannerAPS\",\"https:\/\/www.capterra.com\/p\/265911\/SkyPlanner-APS\/\",\"https:\/\/www.trustradius.com\/products\/skyplanner-aps\/reviews\",\"https:\/\/www.saasworthy.com\/product\/skyplanner-aps\",\"https:\/\/sourceforge.net\/software\/product\/SkyPlanner-APS\/\",\"https:\/\/www.g2.com\/products\/skyplanner-aps\/\",\"https:\/\/www.getapp.com\/project-management-planning-software\/a\/skyplanner-aps\/\",\"https:\/\/www.softwareadvice.com\/cmms\/skyplanner-aps-profile\/\"],\"description\":\"AI-powered production scheduling and planning software for manufacturing\",\"foundingDate\":\"1997\",\"legalName\":\"Skycode Oy\",\"alternateName\":\"SkyPlanner\",\"knowsAbout\":[\"Production Scheduling\",\"Advanced Planning and Scheduling\",\"Manufacturing AI\",\"Finite Capacity Scheduling\",\"ERP Integration\"],\"areaServed\":\"Worldwide\",\"contactPoint\":{\"@type\":\"ContactPoint\",\"contactType\":\"sales\",\"url\":\"https:\/\/skyplanner.ai\/trial\/\"}}]}<\/script>\n<!-- \/ Yoast SEO Premium plugin. -->","yoast_head_json":{"title":"O nas &#8211; SkyPlanner","robots":{"index":"index","follow":"follow","max-snippet":"max-snippet:-1","max-image-preview":"max-image-preview:large","max-video-preview":"max-video-preview:-1"},"canonical":"https:\/\/skyplanner.ai\/sl\/o-nas\/","og_locale":"sl_SI","og_type":"article","og_title":"O nas","og_description":"O nas &#8220;\u010clove\u0161ki mo\u017egani niso zasnovani tako, da bi v tovarni ro\u010dno na\u010drtovali na stotine ali tiso\u010de nalog. Primernej\u0161e so za sprehode v naravi kot za na\u010drtovanje proizvodnje.&#8220; SkyPlanner APS, ki ga poganja umetna inteligenca, je najsodobnej\u0161a programska oprema za na\u010drtovanje proizvodnje na trgu. Enostavno ga je nastaviti in uporabljati. Na\u0161a zgodba SkyPlanner APS je ... Read more","og_url":"https:\/\/skyplanner.ai\/sl\/o-nas\/","og_site_name":"SkyPlanner","article_modified_time":"2025-12-08T09:12:12+00:00","og_image":[{"width":1280,"height":853,"url":"https:\/\/skyplanner.ai\/wp-content\/uploads\/2024\/06\/about_us.jpeg","type":"image\/jpeg"}],"twitter_card":"summary_large_image","twitter_misc":{"Est. reading time":"4 minute"},"schema":{"@context":"https:\/\/schema.org","@graph":[{"@type":"WebPage","@id":"https:\/\/skyplanner.ai\/sl\/o-nas\/","url":"https:\/\/skyplanner.ai\/sl\/o-nas\/","name":"O nas &#8211; SkyPlanner","isPartOf":{"@id":"https:\/\/skyplanner.ai\/sl\/#website"},"primaryImageOfPage":{"@id":"https:\/\/skyplanner.ai\/sl\/o-nas\/#primaryimage"},"image":{"@id":"https:\/\/skyplanner.ai\/sl\/o-nas\/#primaryimage"},"thumbnailUrl":"https:\/\/skyplanner.ai\/wp-content\/uploads\/2024\/06\/about_us-1024x682.jpeg","datePublished":"2024-07-02T08:10:29+00:00","dateModified":"2025-12-08T09:12:12+00:00","breadcrumb":{"@id":"https:\/\/skyplanner.ai\/sl\/o-nas\/#breadcrumb"},"inLanguage":"sl-SI","potentialAction":[{"@type":"ReadAction","target":["https:\/\/skyplanner.ai\/sl\/o-nas\/"]}]},{"@type":"ImageObject","inLanguage":"sl-SI","@id":"https:\/\/skyplanner.ai\/sl\/o-nas\/#primaryimage","url":"https:\/\/skyplanner.ai\/wp-content\/uploads\/2024\/06\/about_us-1024x682.jpeg","contentUrl":"https:\/\/skyplanner.ai\/wp-content\/uploads\/2024\/06\/about_us-1024x682.jpeg"},{"@type":"BreadcrumbList","@id":"https:\/\/skyplanner.ai\/sl\/o-nas\/#breadcrumb","itemListElement":[{"@type":"ListItem","position":1,"name":"Home","item":"https:\/\/skyplanner.ai\/sl\/domaca-stran\/"},{"@type":"ListItem","position":2,"name":"O nas"}]},{"@type":"WebSite","@id":"https:\/\/skyplanner.ai\/sl\/#website","url":"https:\/\/skyplanner.ai\/sl\/","name":"SkyPlanner","description":"AI-powered production scheduling and planning software","publisher":{"@id":"https:\/\/skyplanner.ai\/sl\/#organization"},"potentialAction":[{"@type":"SearchAction","target":{"@type":"EntryPoint","urlTemplate":"https:\/\/skyplanner.ai\/sl\/?s={search_term_string}"},"query-input":{"@type":"PropertyValueSpecification","valueRequired":true,"valueName":"search_term_string"}}],"inLanguage":"sl-SI"},{"@type":"Organization","@id":"https:\/\/skyplanner.ai\/sl\/#organization","name":"SkyPlanner APS","url":"https:\/\/skyplanner.ai\/sl\/","logo":{"@type":"ImageObject","inLanguage":"sl-SI","@id":"https:\/\/skyplanner.ai\/sl\/#\/schema\/logo\/image\/","url":"https:\/\/skyplanner.ai\/wp-content\/uploads\/2022\/05\/Skyplanner-logo-2.svg","contentUrl":"https:\/\/skyplanner.ai\/wp-content\/uploads\/2022\/05\/Skyplanner-logo-2.svg","width":223,"height":43,"caption":"SkyPlanner APS"},"image":{"@id":"https:\/\/skyplanner.ai\/sl\/#\/schema\/logo\/image\/"},"sameAs":["https:\/\/www.linkedin.com\/company\/skyplanner-aps\/","https:\/\/www.youtube.com\/@SkyPlannerAPS","https:\/\/www.capterra.com\/p\/265911\/SkyPlanner-APS\/","https:\/\/www.trustradius.com\/products\/skyplanner-aps\/reviews","https:\/\/www.saasworthy.com\/product\/skyplanner-aps","https:\/\/sourceforge.net\/software\/product\/SkyPlanner-APS\/","https:\/\/www.g2.com\/products\/skyplanner-aps\/","https:\/\/www.getapp.com\/project-management-planning-software\/a\/skyplanner-aps\/","https:\/\/www.softwareadvice.com\/cmms\/skyplanner-aps-profile\/"],"description":"AI-powered production scheduling and planning software for manufacturing","foundingDate":"1997","legalName":"Skycode Oy","alternateName":"SkyPlanner","knowsAbout":["Production Scheduling","Advanced Planning and Scheduling","Manufacturing AI","Finite Capacity Scheduling","ERP Integration"],"areaServed":"Worldwide","contactPoint":{"@type":"ContactPoint","contactType":"sales","url":"https:\/\/skyplanner.ai\/trial\/"}}]}},"uagb_featured_image_src":{"full":false,"thumbnail":false,"medium":false,"medium_large":false,"large":false,"1536x1536":false,"2048x2048":false,"betterdocs-category-thumb":false},"uagb_author_info":{"display_name":"skyplanner","author_link":"https:\/\/skyplanner.ai\/sl\/author\/skyplanner\/"},"uagb_comment_info":0,"uagb_excerpt":"O nas &#8220;\u010clove\u0161ki mo\u017egani niso zasnovani tako, da bi v tovarni ro\u010dno na\u010drtovali na stotine ali tiso\u010de nalog. Primernej\u0161e so za sprehode v naravi kot za na\u010drtovanje proizvodnje.&#8220; SkyPlanner APS, ki ga poganja umetna inteligenca, je najsodobnej\u0161a programska oprema za na\u010drtovanje proizvodnje na trgu. Enostavno ga je nastaviti in uporabljati. Na\u0161a zgodba SkyPlanner APS je&hellip;","_links":{"self":[{"href":"https:\/\/skyplanner.ai\/sl\/wp-json\/wp\/v2\/pages\/35900","targetHints":{"allow":["GET"]}}],"collection":[{"href":"https:\/\/skyplanner.ai\/sl\/wp-json\/wp\/v2\/pages"}],"about":[{"href":"https:\/\/skyplanner.ai\/sl\/wp-json\/wp\/v2\/types\/page"}],"author":[{"embeddable":true,"href":"https:\/\/skyplanner.ai\/sl\/wp-json\/wp\/v2\/users\/1"}],"replies":[{"embeddable":true,"href":"https:\/\/skyplanner.ai\/sl\/wp-json\/wp\/v2\/comments?post=35900"}],"version-history":[{"count":0,"href":"https:\/\/skyplanner.ai\/sl\/wp-json\/wp\/v2\/pages\/35900\/revisions"}],"wp:attachment":[{"href":"https:\/\/skyplanner.ai\/sl\/wp-json\/wp\/v2\/media?parent=35900"}],"curies":[{"name":"wp","href":"https:\/\/api.w.org\/{rel}","templated":true}]}}