{"id":39609,"date":"2022-09-12T12:16:08","date_gmt":"2022-09-12T12:16:08","guid":{"rendered":"https:\/\/skyplanner.ai\/incepeti-cu-skyplanner-aps\/"},"modified":"2024-08-12T07:39:54","modified_gmt":"2024-08-12T07:39:54","slug":"incepeti-cu-skyplanner-aps","status":"publish","type":"page","link":"https:\/\/skyplanner.ai\/ro\/incepeti-cu-skyplanner-aps\/","title":{"rendered":"\u00cencepe\u021bi cu SkyPlanner APS"},"content":{"rendered":"<div class=\"gb-container gb-container-858c1b7c\"><div class=\"gb-inside-container\">\n<div class=\"gb-container gb-container-654b059b\"><div class=\"gb-inside-container\">\n<div class=\"gb-container gb-container-7e72b514 front-head\"><div class=\"gb-inside-container\">\n\n<h1 class=\"wp-block-heading has-text-align-center\" id=\"h-get-started-with-skyplanner-aps\">\u00cencepe\u021bi cu SkyPlanner APS<\/h1>\n\n<\/div><\/div>\n\n<div class=\"gb-container gb-container-48f29560\"><div class=\"gb-inside-container\">\n\n<p class=\"has-text-align-center\">SkyPlanner este un software avansat de planificare \u0219i programare pentru industria prelucr\u0103toare.\nDa\u021bi startul optimiz\u0103rii produc\u021biei dvs. ast\u0103zi desc\u0103rc\u00e2nd pachetul nostru informativ. <\/p>\n\n<\/div><\/div>\n<\/div><\/div>\n<\/div><\/div><div class=\"gb-container gb-container-5be12586\"><div class=\"gb-inside-container\">\n<div class=\"gb-container gb-container-a84d1fda\"><div class=\"gb-inside-container\">\n<div class=\"gb-grid-wrapper gb-grid-wrapper-85438851\">\n<div class=\"gb-grid-column gb-grid-column-f25f4cf2\"><div class=\"gb-container gb-container-f25f4cf2 backglow\"><div class=\"gb-inside-container\">\n\n<h4 class=\"wp-block-heading\" id=\"h-download-our-information-package\">Desc\u0103rca\u021bi pachetul nostru informativ<\/h4>\n\n\n\n<p>Pachetul de informa\u021bii SkyPlanner APS este un document pdf care con\u021bine mai multe informa\u021bii despre caracteristicile \u0219i implementarea produsului.<\/p>\n\n\n<div class=\"gb-container gb-container-0c941e56\"><div class=\"gb-inside-container\">\n\n<div class=\"pipedriveWebForms\" data-pd-webforms=\"https:\/\/webforms.pipedrive.com\/f\/1roLHkbzMcgoBvvf0E5iK6JDreihY6PZRD9n6kuBHhGlepZY0ayVMS2h0cfLjGwtJ\"><script src=\"https:\/\/webforms.pipedrive.com\/f\/loader\"><\/script><\/div>\n\n<\/div><\/div>\n<\/div><\/div><\/div>\n\n<div class=\"gb-grid-column gb-grid-column-697bc7f9\"><div class=\"gb-container gb-container-697bc7f9 blue-opacity hide-mobile hide-tablet\"><div class=\"gb-inside-container\"><\/div><\/div><\/div>\n<\/div>\n<\/div><\/div>\n<\/div><\/div><div class=\"gb-container gb-container-a8b0c6d0 features-mobile\"><div class=\"gb-inside-container\">\n<div class=\"gb-container gb-container-b13ea8b7 no-overflow latest-tips-mobile\"><div class=\"gb-inside-container\">\n<div class=\"gb-grid-wrapper gb-grid-wrapper-4c7a821c\">\n<div class=\"gb-grid-column gb-grid-column-be28339b\"><div class=\"gb-container gb-container-be28339b hide-mobile\"><div class=\"gb-inside-container\"><\/div><\/div><\/div>\n\n<div class=\"gb-grid-column gb-grid-column-524f5b33\"><div class=\"gb-container gb-container-524f5b33\"><div class=\"gb-inside-container\">\n\n<h3 class=\"wp-block-heading\" id=\"h-our-team-is-just-a-phone-call-away\">Echipa noastr\u0103 este doar la un telefon distan\u021b\u0103<\/h3>\n\n\n\n<div style=\"height:10px\" aria-hidden=\"true\" class=\"wp-block-spacer\"><\/div>\n\n\n\n<p>Dac\u0103 prefera\u021bi s\u0103 discuta\u021bi despre nevoile \u0219i aspira\u021biile companiei dvs. cu echipa noastr\u0103 la telefon, suntem mai mult dec\u00e2t bucuro\u0219i s\u0103 facem acest lucru.\nDa\u021bi-ne un telefon la +358 40 700 0002 \u0219i vom \u00eencepe de acolo. <\/p>\n\n\n<div class=\"gb-button-wrapper gb-button-wrapper-6d97aaa2\">\n\n<a class=\"gb-button gb-button-5bd6a03f\" href=\"tel:+358407000002\"><span class=\"gb-button-text\">Suna\u021bi echipa noastr\u0103<\/span><span class=\"gb-icon\"><svg xmlns=\"http:\/\/www.w3.org\/2000\/svg\" aria-hidden=\"true\" role=\"img\" height=\"1em\" width=\"1em\" viewbox=\"0 0 256 512\"><path fill=\"currentColor\" d=\"M224.3 273l-136 136c-9.4 9.4-24.6 9.4-33.9 0l-22.6-22.6c-9.4-9.4-9.4-24.6 0-33.9l96.4-96.4-96.4-96.4c-9.4-9.4-9.4-24.6 0-33.9L54.3 103c9.4-9.4 24.6-9.4 33.9 0l136 136c9.5 9.4 9.5 24.6.1 34z\"><\/path><\/svg><\/span><\/a>\n\n<\/div>\n<\/div><\/div><\/div>\n<\/div>\n<\/div><\/div>\n<\/div><\/div>","protected":false},"excerpt":{"rendered":"<p>\u00cencepe\u021bi cu SkyPlanner APS SkyPlanner este un software avansat de planificare \u0219i programare pentru industria prelucr\u0103toare. Da\u021bi startul optimiz\u0103rii produc\u021biei dvs. ast\u0103zi desc\u0103rc\u00e2nd pachetul nostru informativ.<\/p>\n","protected":false},"author":2,"featured_media":0,"parent":0,"menu_order":0,"comment_status":"closed","ping_status":"closed","template":"","meta":{"inline_featured_image":false,"_uag_custom_page_level_css":"","footnotes":""},"class_list":["post-39609","page","type-page","status-publish"],"acf":[],"yoast_head":"<!-- This site is optimized with the Yoast SEO Premium plugin v26.9 (Yoast SEO v27.0) - https:\/\/yoast.com\/product\/yoast-seo-premium-wordpress\/ -->\n<title>\u00cencepe\u021bi cu SkyPlanner APS &#8211; SkyPlanner<\/title>\n<meta name=\"robots\" content=\"noindex, nofollow\" \/>\n<meta property=\"og:locale\" content=\"ro_RO\" \/>\n<meta property=\"og:type\" content=\"article\" \/>\n<meta property=\"og:title\" content=\"\u00cencepe\u021bi cu SkyPlanner APS\" \/>\n<meta property=\"og:description\" content=\"\u00cencepe\u021bi cu SkyPlanner APS SkyPlanner este un software avansat de planificare \u0219i programare pentru industria prelucr\u0103toare. Da\u021bi startul optimiz\u0103rii produc\u021biei dvs. ast\u0103zi desc\u0103rc\u00e2nd pachetul nostru informativ.\" \/>\n<meta property=\"og:url\" content=\"https:\/\/skyplanner.ai\/ro\/incepeti-cu-skyplanner-aps\/\" \/>\n<meta property=\"og:site_name\" content=\"SkyPlanner\" \/>\n<meta property=\"article:modified_time\" content=\"2024-08-12T07:39:54+00:00\" \/>\n<meta name=\"twitter:card\" content=\"summary_large_image\" \/>\n<meta name=\"twitter:label1\" content=\"Timp estimat pentru citire\" \/>\n\t<meta name=\"twitter:data1\" content=\"1 minute\" \/>\n<script type=\"application\/ld+json\" class=\"yoast-schema-graph\">{\"@context\":\"https:\/\/schema.org\",\"@graph\":[{\"@type\":\"WebPage\",\"@id\":\"https:\/\/skyplanner.ai\/ro\/incepeti-cu-skyplanner-aps\/\",\"url\":\"https:\/\/skyplanner.ai\/ro\/incepeti-cu-skyplanner-aps\/\",\"name\":\"\u00cencepe\u021bi cu SkyPlanner APS &#8211; SkyPlanner\",\"isPartOf\":{\"@id\":\"https:\/\/skyplanner.ai\/ro\/#website\"},\"datePublished\":\"2022-09-12T12:16:08+00:00\",\"dateModified\":\"2024-08-12T07:39:54+00:00\",\"breadcrumb\":{\"@id\":\"https:\/\/skyplanner.ai\/ro\/incepeti-cu-skyplanner-aps\/#breadcrumb\"},\"inLanguage\":\"ro-RO\",\"potentialAction\":[{\"@type\":\"ReadAction\",\"target\":[\"https:\/\/skyplanner.ai\/ro\/incepeti-cu-skyplanner-aps\/\"]}]},{\"@type\":\"BreadcrumbList\",\"@id\":\"https:\/\/skyplanner.ai\/ro\/incepeti-cu-skyplanner-aps\/#breadcrumb\",\"itemListElement\":[{\"@type\":\"ListItem\",\"position\":1,\"name\":\"Home\",\"item\":\"https:\/\/skyplanner.ai\/ro\/prima-pagina\/\"},{\"@type\":\"ListItem\",\"position\":2,\"name\":\"\u00cencepe\u021bi cu SkyPlanner APS\"}]},{\"@type\":\"WebSite\",\"@id\":\"https:\/\/skyplanner.ai\/ro\/#website\",\"url\":\"https:\/\/skyplanner.ai\/ro\/\",\"name\":\"SkyPlanner\",\"description\":\"AI-powered production scheduling and planning software\",\"publisher\":{\"@id\":\"https:\/\/skyplanner.ai\/ro\/#organization\"},\"potentialAction\":[{\"@type\":\"SearchAction\",\"target\":{\"@type\":\"EntryPoint\",\"urlTemplate\":\"https:\/\/skyplanner.ai\/ro\/?s={search_term_string}\"},\"query-input\":{\"@type\":\"PropertyValueSpecification\",\"valueRequired\":true,\"valueName\":\"search_term_string\"}}],\"inLanguage\":\"ro-RO\"},{\"@type\":\"Organization\",\"@id\":\"https:\/\/skyplanner.ai\/ro\/#organization\",\"name\":\"SkyPlanner APS\",\"url\":\"https:\/\/skyplanner.ai\/ro\/\",\"logo\":{\"@type\":\"ImageObject\",\"inLanguage\":\"ro-RO\",\"@id\":\"https:\/\/skyplanner.ai\/ro\/#\/schema\/logo\/image\/\",\"url\":\"https:\/\/skyplanner.ai\/wp-content\/uploads\/2022\/05\/Skyplanner-logo-2.svg\",\"contentUrl\":\"https:\/\/skyplanner.ai\/wp-content\/uploads\/2022\/05\/Skyplanner-logo-2.svg\",\"width\":223,\"height\":43,\"caption\":\"SkyPlanner APS\"},\"image\":{\"@id\":\"https:\/\/skyplanner.ai\/ro\/#\/schema\/logo\/image\/\"},\"sameAs\":[\"https:\/\/www.linkedin.com\/company\/skyplanner-aps\/\",\"https:\/\/www.youtube.com\/@SkyPlannerAPS\",\"https:\/\/www.capterra.com\/p\/265911\/SkyPlanner-APS\/\",\"https:\/\/www.trustradius.com\/products\/skyplanner-aps\/reviews\",\"https:\/\/www.saasworthy.com\/product\/skyplanner-aps\",\"https:\/\/sourceforge.net\/software\/product\/SkyPlanner-APS\/\",\"https:\/\/www.g2.com\/products\/skyplanner-aps\/\",\"https:\/\/www.getapp.com\/project-management-planning-software\/a\/skyplanner-aps\/\",\"https:\/\/www.softwareadvice.com\/cmms\/skyplanner-aps-profile\/\"],\"description\":\"AI-powered production scheduling and planning software for manufacturing\",\"foundingDate\":\"1997\",\"legalName\":\"Skycode Oy\",\"alternateName\":\"SkyPlanner\",\"knowsAbout\":[\"Production Scheduling\",\"Advanced Planning and Scheduling\",\"Manufacturing AI\",\"Finite Capacity Scheduling\",\"ERP Integration\"],\"areaServed\":\"Worldwide\",\"contactPoint\":{\"@type\":\"ContactPoint\",\"contactType\":\"sales\",\"url\":\"https:\/\/skyplanner.ai\/trial\/\"}}]}<\/script>\n<!-- \/ Yoast SEO Premium plugin. -->","yoast_head_json":{"title":"\u00cencepe\u021bi cu SkyPlanner APS &#8211; SkyPlanner","robots":{"index":"noindex","follow":"nofollow"},"og_locale":"ro_RO","og_type":"article","og_title":"\u00cencepe\u021bi cu SkyPlanner APS","og_description":"\u00cencepe\u021bi cu SkyPlanner APS SkyPlanner este un software avansat de planificare \u0219i programare pentru industria prelucr\u0103toare. Da\u021bi startul optimiz\u0103rii produc\u021biei dvs. ast\u0103zi desc\u0103rc\u00e2nd pachetul nostru informativ.","og_url":"https:\/\/skyplanner.ai\/ro\/incepeti-cu-skyplanner-aps\/","og_site_name":"SkyPlanner","article_modified_time":"2024-08-12T07:39:54+00:00","twitter_card":"summary_large_image","twitter_misc":{"Timp estimat pentru citire":"1 minute"},"schema":{"@context":"https:\/\/schema.org","@graph":[{"@type":"WebPage","@id":"https:\/\/skyplanner.ai\/ro\/incepeti-cu-skyplanner-aps\/","url":"https:\/\/skyplanner.ai\/ro\/incepeti-cu-skyplanner-aps\/","name":"\u00cencepe\u021bi cu SkyPlanner APS &#8211; SkyPlanner","isPartOf":{"@id":"https:\/\/skyplanner.ai\/ro\/#website"},"datePublished":"2022-09-12T12:16:08+00:00","dateModified":"2024-08-12T07:39:54+00:00","breadcrumb":{"@id":"https:\/\/skyplanner.ai\/ro\/incepeti-cu-skyplanner-aps\/#breadcrumb"},"inLanguage":"ro-RO","potentialAction":[{"@type":"ReadAction","target":["https:\/\/skyplanner.ai\/ro\/incepeti-cu-skyplanner-aps\/"]}]},{"@type":"BreadcrumbList","@id":"https:\/\/skyplanner.ai\/ro\/incepeti-cu-skyplanner-aps\/#breadcrumb","itemListElement":[{"@type":"ListItem","position":1,"name":"Home","item":"https:\/\/skyplanner.ai\/ro\/prima-pagina\/"},{"@type":"ListItem","position":2,"name":"\u00cencepe\u021bi cu SkyPlanner APS"}]},{"@type":"WebSite","@id":"https:\/\/skyplanner.ai\/ro\/#website","url":"https:\/\/skyplanner.ai\/ro\/","name":"SkyPlanner","description":"AI-powered production scheduling and planning software","publisher":{"@id":"https:\/\/skyplanner.ai\/ro\/#organization"},"potentialAction":[{"@type":"SearchAction","target":{"@type":"EntryPoint","urlTemplate":"https:\/\/skyplanner.ai\/ro\/?s={search_term_string}"},"query-input":{"@type":"PropertyValueSpecification","valueRequired":true,"valueName":"search_term_string"}}],"inLanguage":"ro-RO"},{"@type":"Organization","@id":"https:\/\/skyplanner.ai\/ro\/#organization","name":"SkyPlanner APS","url":"https:\/\/skyplanner.ai\/ro\/","logo":{"@type":"ImageObject","inLanguage":"ro-RO","@id":"https:\/\/skyplanner.ai\/ro\/#\/schema\/logo\/image\/","url":"https:\/\/skyplanner.ai\/wp-content\/uploads\/2022\/05\/Skyplanner-logo-2.svg","contentUrl":"https:\/\/skyplanner.ai\/wp-content\/uploads\/2022\/05\/Skyplanner-logo-2.svg","width":223,"height":43,"caption":"SkyPlanner APS"},"image":{"@id":"https:\/\/skyplanner.ai\/ro\/#\/schema\/logo\/image\/"},"sameAs":["https:\/\/www.linkedin.com\/company\/skyplanner-aps\/","https:\/\/www.youtube.com\/@SkyPlannerAPS","https:\/\/www.capterra.com\/p\/265911\/SkyPlanner-APS\/","https:\/\/www.trustradius.com\/products\/skyplanner-aps\/reviews","https:\/\/www.saasworthy.com\/product\/skyplanner-aps","https:\/\/sourceforge.net\/software\/product\/SkyPlanner-APS\/","https:\/\/www.g2.com\/products\/skyplanner-aps\/","https:\/\/www.getapp.com\/project-management-planning-software\/a\/skyplanner-aps\/","https:\/\/www.softwareadvice.com\/cmms\/skyplanner-aps-profile\/"],"description":"AI-powered production scheduling and planning software for manufacturing","foundingDate":"1997","legalName":"Skycode Oy","alternateName":"SkyPlanner","knowsAbout":["Production Scheduling","Advanced Planning and Scheduling","Manufacturing AI","Finite Capacity Scheduling","ERP Integration"],"areaServed":"Worldwide","contactPoint":{"@type":"ContactPoint","contactType":"sales","url":"https:\/\/skyplanner.ai\/trial\/"}}]}},"uagb_featured_image_src":{"full":false,"thumbnail":false,"medium":false,"medium_large":false,"large":false,"1536x1536":false,"2048x2048":false,"betterdocs-category-thumb":false},"uagb_author_info":{"display_name":"Jesse Sinisalo","author_link":"https:\/\/skyplanner.ai\/ro\/author\/jesse\/"},"uagb_comment_info":0,"uagb_excerpt":"\u00cencepe\u021bi cu SkyPlanner APS SkyPlanner este un software avansat de planificare \u0219i programare pentru industria prelucr\u0103toare. Da\u021bi startul optimiz\u0103rii produc\u021biei dvs. ast\u0103zi desc\u0103rc\u00e2nd pachetul nostru informativ.","_links":{"self":[{"href":"https:\/\/skyplanner.ai\/ro\/wp-json\/wp\/v2\/pages\/39609","targetHints":{"allow":["GET"]}}],"collection":[{"href":"https:\/\/skyplanner.ai\/ro\/wp-json\/wp\/v2\/pages"}],"about":[{"href":"https:\/\/skyplanner.ai\/ro\/wp-json\/wp\/v2\/types\/page"}],"author":[{"embeddable":true,"href":"https:\/\/skyplanner.ai\/ro\/wp-json\/wp\/v2\/users\/2"}],"replies":[{"embeddable":true,"href":"https:\/\/skyplanner.ai\/ro\/wp-json\/wp\/v2\/comments?post=39609"}],"version-history":[{"count":0,"href":"https:\/\/skyplanner.ai\/ro\/wp-json\/wp\/v2\/pages\/39609\/revisions"}],"wp:attachment":[{"href":"https:\/\/skyplanner.ai\/ro\/wp-json\/wp\/v2\/media?parent=39609"}],"curies":[{"name":"wp","href":"https:\/\/api.w.org\/{rel}","templated":true}]}}