{"id":35936,"date":"2024-07-02T08:10:29","date_gmt":"2024-07-02T08:10:29","guid":{"rendered":"https:\/\/skyplanner.ai\/about-us\/"},"modified":"2025-12-08T09:06:25","modified_gmt":"2025-12-08T09:06:25","slug":"about-us","status":"publish","type":"page","link":"https:\/\/skyplanner.ai\/pt-pt\/about-us\/","title":{"rendered":"Sobre n\u00f3s"},"content":{"rendered":"<div class=\"gb-container gb-container-95f3ac01\">\n<div class=\"gb-container gb-container-8106c6a2\">\n<div class=\"gb-container gb-container-865de0eb\"><div class=\"gb-inside-container\">\n\n<div class=\"wp-block-columns is-layout-flex wp-container-core-columns-is-layout-9d6595d7 wp-block-columns-is-layout-flex\">\n<div class=\"wp-block-column is-layout-flow wp-block-column-is-layout-flow\" style=\"flex-basis:50%\"><div class=\"gb-container gb-container-906e61dc\">\n\n<figure class=\"wp-block-image size-large rounded is-style-default\"><img decoding=\"async\" width=\"1024\" height=\"682\" src=\"https:\/\/skyplanner.ai\/wp-content\/uploads\/2024\/06\/about_us-1024x682.jpeg\" alt=\"\" class=\"wp-image-34962\" srcset=\"https:\/\/skyplanner.ai\/wp-content\/uploads\/2024\/06\/about_us-1024x682.jpeg 1024w, https:\/\/skyplanner.ai\/wp-content\/uploads\/2024\/06\/about_us-300x200.jpeg 300w, https:\/\/skyplanner.ai\/wp-content\/uploads\/2024\/06\/about_us-768x512.jpeg 768w, https:\/\/skyplanner.ai\/wp-content\/uploads\/2024\/06\/about_us.jpeg 1280w\" sizes=\"(max-width: 1024px) 100vw, 1024px\" \/><\/figure>\n\n<\/div><\/div>\n\n\n\n<div class=\"wp-block-column is-layout-flow wp-block-column-is-layout-flow\" style=\"flex-basis:50%\"><div class=\"gb-container gb-container-fd442b94\">\n<div class=\"gb-container gb-container-fbdc6dd0\">\n\n<h2 class=\"wp-block-heading has-text-align-center\" id=\"h-about-us\">Sobre n\u00f3s<\/h2>\n\n\n\n<p class=\"has-text-align-center has-medium-font-size\"><em>&#8220;Os c\u00e9rebros humanos n\u00e3o foram concebidos para programar centenas ou milhares de tarefas manualmente numa f\u00e1brica. S\u00e3o mais adequados para passear na natureza do que para programar a produ\u00e7\u00e3o<\/em>.<em>&#8220;<\/em><\/p>\n\n\n\n<p class=\"has-text-align-center\" style=\"font-size:24px\">Alimentado por intelig\u00eancia artificial, o SkyPlanner APS \u00e9 o software de planeamento da produ\u00e7\u00e3o mais moderno do mercado. \u00c9 f\u00e1cil de configurar e simples de utilizar.<\/p>\n\n<\/div>\n<\/div><\/div>\n<\/div>\n\n<\/div><\/div>\n<\/div>\n<\/div><div class=\"gb-container gb-container-86a83528\">\n<div class=\"gb-grid-wrapper gb-grid-wrapper-88ba9f7d\">\n<div class=\"gb-grid-column gb-grid-column-7ab1e934\"><div class=\"gb-container gb-container-7ab1e934 backglow\">\n<div class=\"gb-container gb-container-a24ec307\">\n\n<h2 class=\"wp-block-heading has-text-align-center has-text-color\" id=\"h-2100\" style=\"color:#303af2;font-size:62px;font-style:normal;font-weight:900\">2100+<\/h2>\n\n\n\n<p class=\"has-text-align-center\">Instala\u00e7\u00f5es do SkyPlanner<\/p>\n\n<\/div>\n<\/div><\/div>\n\n<div class=\"gb-grid-column gb-grid-column-a785d916\"><div class=\"gb-container gb-container-a785d916 backglow\">\n<div class=\"gb-container gb-container-ae6908c2\">\n\n<h2 class=\"wp-block-heading has-text-align-center has-text-color\" id=\"h-27\" style=\"color:#303af2;font-size:62px;font-style:normal;font-weight:900\">27<\/h2>\n\n\n\n<p class=\"has-text-align-center\">Anos de experi\u00eancia<\/p>\n\n<\/div>\n<\/div><\/div>\n\n<div class=\"gb-grid-column gb-grid-column-f284d427\"><div class=\"gb-container gb-container-f284d427 backglow\">\n<div class=\"gb-container gb-container-c7572b69\">\n\n<h2 class=\"wp-block-heading has-text-align-center has-text-color\" id=\"h-21\" style=\"color:#303af2;font-size:62px;font-style:normal;font-weight:900\">21<\/h2>\n\n\n\n<p class=\"has-text-align-center\">Pa\u00edses com especialistas SkyPlanner<\/p>\n\n<\/div>\n<\/div><\/div>\n<\/div>\n<\/div><div class=\"gb-container gb-container-6e686c8f\">\n\n<figure class=\"wp-block-embed is-type-video is-provider-youtube wp-block-embed-youtube wp-embed-aspect-16-9 wp-has-aspect-ratio\"><div class=\"wp-block-embed__wrapper\">\n<iframe title=\"SkyPlanner&#039;s team and office\" width=\"1200\" height=\"675\" src=\"https:\/\/www.youtube.com\/embed\/SFdpNPCmlks?feature=oembed\" frameborder=\"0\" allow=\"accelerometer; autoplay; clipboard-write; encrypted-media; gyroscope; picture-in-picture; web-share\" referrerpolicy=\"strict-origin-when-cross-origin\" allowfullscreen><\/iframe>\n<\/div><\/figure>\n\n<\/div><div class=\"gb-container gb-container-0ee67634\">\n<div class=\"gb-container gb-container-548ede57\">\n\n<div class=\"wp-block-columns is-layout-flex wp-container-core-columns-is-layout-9d6595d7 wp-block-columns-is-layout-flex\">\n<div class=\"wp-block-column is-layout-flow wp-block-column-is-layout-flow\"><div class=\"gb-container gb-container-83050036\">\n<div class=\"wp-block-image\">\n<figure class=\"alignright size-full\"><img decoding=\"async\" width=\"959\" height=\"586\" src=\"https:\/\/skyplanner.ai\/wp-content\/uploads\/2024\/06\/skycode.jpeg\" alt=\"\" class=\"wp-image-35021\" srcset=\"https:\/\/skyplanner.ai\/wp-content\/uploads\/2024\/06\/skycode.jpeg 959w, https:\/\/skyplanner.ai\/wp-content\/uploads\/2024\/06\/skycode-300x183.jpeg 300w, https:\/\/skyplanner.ai\/wp-content\/uploads\/2024\/06\/skycode-768x469.jpeg 768w\" sizes=\"(max-width: 959px) 100vw, 959px\" \/><\/figure>\n<\/div>\n<\/div><\/div>\n\n\n\n<div class=\"wp-block-column is-layout-flow wp-block-column-is-layout-flow\"><div class=\"gb-container gb-container-ceaedc69\">\n\n<h2 class=\"wp-block-heading has-x-large-font-size\" id=\"h-our-story\">A nossa hist\u00f3ria<\/h2>\n\n\n\n<p>O SkyPlanner APS \u00e9 desenvolvido pela empresa finlandesa Skycode Oy e distribu\u00eddo em todo o mundo. N\u00e3o importa em que parte do mundo a tua empresa est\u00e1 localizada, em que sector operas ou qual a dimens\u00e3o da tua empresa. N\u00f3s e a nossa rede de parceiros internacionais fornecemos servi\u00e7os fi\u00e1veis e adaptados \u00e0s necessidades da tua empresa. Se quiseres, podes utilizar o SkyPlanner na tua l\u00edngua materna.<\/p>\n\n\n\n<p>A nossa empresa, Skycode Oy, foi fundada h\u00e1 27 anos, em 1997. Somos especializados em software personalizado para a ind\u00fastria e integra\u00e7\u00f5es ERP. Esta foi uma excelente base para o desenvolvimento do SkyPlanner, que come\u00e7ou em colabora\u00e7\u00e3o com os nossos clientes em 2016.<\/p>\n\n<\/div><\/div>\n<\/div>\n\n<\/div>\n<\/div><div class=\"gb-container gb-container-ecf82a77\">\n<div class=\"gb-container gb-container-c1fd2326\">\n<div class=\"gb-container gb-container-373069a5\">\n<div class=\"gb-grid-wrapper gb-grid-wrapper-ae22fb5f\">\n<div class=\"gb-grid-column gb-grid-column-45002862\"><div class=\"gb-container gb-container-45002862\">\n<div class=\"gb-container gb-container-4fefabbe\">\n\n<h3 class=\"wp-block-heading has-base-3-color has-text-color\" id=\"h-integration\">Integra\u00e7\u00e3o<\/h3>\n\n\n\n<p class=\"has-base-3-color has-text-color\">O SkyPlanner inclui uma interface REST API moderna e extensa para integra\u00e7\u00f5es. Podes criar a integra\u00e7\u00e3o por ti pr\u00f3prio, utilizar o teu parceiro de integra\u00e7\u00e3o existente ou encomendar-nos servi\u00e7os de integra\u00e7\u00e3o. Gra\u00e7as \u00e0 nossa experi\u00eancia de d\u00e9cadas em integra\u00e7\u00e3o, o SkyPlanner pode ser integrado com qualquer outro software &#8211; \u00e9 a nossa promessa.<\/p>\n\n<\/div>\n<\/div><\/div>\n\n<div class=\"gb-grid-column gb-grid-column-d65b454d\"><div class=\"gb-container gb-container-d65b454d\">\n<div class=\"gb-container gb-container-e441b4ed\">\n\n<figure class=\"wp-block-image size-full\"><img decoding=\"async\" width=\"301\" height=\"301\" src=\"https:\/\/skyplanner.ai\/wp-content\/uploads\/2023\/12\/e384cf5b3ca8cd9cf46508b95ea672db.png\" alt=\"\" class=\"wp-image-32041\" srcset=\"https:\/\/skyplanner.ai\/wp-content\/uploads\/2023\/12\/e384cf5b3ca8cd9cf46508b95ea672db.png 301w, https:\/\/skyplanner.ai\/wp-content\/uploads\/2023\/12\/e384cf5b3ca8cd9cf46508b95ea672db-150x150.png 150w\" sizes=\"(max-width: 301px) 100vw, 301px\" \/><\/figure>\n\n<\/div>\n<\/div><\/div>\n<\/div>\n<\/div>\n<\/div>\n<\/div><div class=\"gb-container gb-container-34317aad\">\n\n<div class=\"wp-block-columns is-layout-flex wp-container-core-columns-is-layout-9d6595d7 wp-block-columns-is-layout-flex\">\n<div class=\"wp-block-column is-layout-flow wp-block-column-is-layout-flow\"><div class=\"gb-container gb-container-e5ae920d\">\n<div class=\"gb-container gb-container-ff0d9ce2\">\n\n<h3 class=\"wp-block-heading has-text-align-center has-large-font-size\" id=\"h-new-era\"><strong>Nova era<\/strong><\/h3>\n\n\n\n<p>H\u00e1 alguns anos, repar\u00e1mos que o software de folha de c\u00e1lculo era o l\u00edder absoluto do mercado de software de planeamento da produ\u00e7\u00e3o. Todos os outros softwares dispon\u00edveis tamb\u00e9m se baseavam normalmente no planeamento manual da produ\u00e7\u00e3o. No entanto, ningu\u00e9m gostava do planeamento manual da produ\u00e7\u00e3o e n\u00e3o existiam alternativas suficientemente boas.<\/p>\n\n\n\n<p>As f\u00e1bricas s\u00e3o ineficientes e os planeadores de produ\u00e7\u00e3o enfrentam muito stress quando os planos de produ\u00e7\u00e3o n\u00e3o s\u00e3o \u00f3ptimos e demoram imenso tempo a criar. As f\u00e1bricas funcionam abaixo da sua capacidade e a fiabilidade da entrega das encomendas \u00e9 fraca.<\/p>\n\n\n\n<p>Desde o in\u00edcio, tivemos uma vis\u00e3o clara de que a intelig\u00eancia artificial \u00e9 a melhor tecnologia para a programa\u00e7\u00e3o autom\u00e1tica da produ\u00e7\u00e3o, porque se adapta bem aos requisitos de v\u00e1rios processos de produ\u00e7\u00e3o. Como resultado, podes configurar o SkyPlanner para diferentes ind\u00fastrias e fazer com que tenha em conta necessidades \u00fanicas sem modificar o algoritmo. Continuas a liderar as opera\u00e7\u00f5es da IA, uma vez que a colabora\u00e7\u00e3o entre a intelig\u00eancia humana e a artificial \u00e9 a melhor combina\u00e7\u00e3o.<\/p>\n\n\n\n<p>A IA \u00e9 tamb\u00e9m a forma mais r\u00e1pida de efetuar este tipo de c\u00e1lculos matem\u00e1ticos. Consideramos a velocidade muito importante, pelo que a IA que desenvolvemos para o SkyPlanner, Arcturus, \u00e9 a IA mais r\u00e1pida do mundo para o planeamento da produ\u00e7\u00e3o, mesmo em grandes produ\u00e7\u00f5es.<\/p>\n\n\n\n<p>As folhas de c\u00e1lculo nunca foram o melhor software para a otimiza\u00e7\u00e3o da produ\u00e7\u00e3o, mas as pessoas t\u00eam sido capazes de as utilizar e de as personalizar como querem. Torn\u00e1mos a SkyPlanner ainda mais f\u00e1cil de implementar sem projectos de TI extensos e dispendiosos. Podes come\u00e7ar a utilizar o SkyPlanner hoje mesmo atrav\u00e9s do nosso s\u00edtio Web. Oferecemos uma vasta biblioteca de guias e v\u00eddeos de instru\u00e7\u00f5es para te ajudar a aprenderes o software por ti pr\u00f3prio. Confiamos tanto no nosso software que podes experimentar o SkyPlanner com um per\u00edodo de teste gratuito antes de tomares uma decis\u00e3o de compra.<\/p>\n\n<\/div>\n<\/div><\/div>\n\n\n\n<div class=\"wp-block-column is-layout-flow wp-block-column-is-layout-flow\"><div class=\"gb-container gb-container-06653eb2\">\n<div class=\"gb-container gb-container-5eba43cc\">\n\n<h3 class=\"wp-block-heading has-text-align-center has-large-font-size\" id=\"h-our-services\"><strong>Os nossos servi\u00e7os<\/strong><\/h3>\n\n\n\n<p class=\"has-text-align-center\">Compreendemos que muitos clientes pretendem adquirir forma\u00e7\u00e3o de implementa\u00e7\u00e3o dos nossos especialistas como um servi\u00e7o adicional. Alguns pretendem personaliza\u00e7\u00f5es e integra\u00e7\u00f5es adaptadas aos seus desejos para o SkyPlanner. Oferecemos-te todos estes servi\u00e7os extra com muita experi\u00eancia. Al\u00e9m disso, a nossa rede de parceiros internacionais serve-te em quase todos os continentes e fusos hor\u00e1rios. Entra em contacto connosco e iremos falar-te mais sobre os nossos servi\u00e7os especializados.<\/p>\n\n\n\n<p class=\"has-text-align-center\">A nossa organiza\u00e7\u00e3o est\u00e1 altamente motivada e tem uma vasta experi\u00eancia no sector. Nunca estar\u00e1s sozinho quando utilizares a SkyPlanner. Para al\u00e9m do material de forma\u00e7\u00e3o, tamb\u00e9m podes receber o nosso apoio atrav\u00e9s de chat, videochamada, e-mail e telefone. Tamb\u00e9m organizamos workshops nas instala\u00e7\u00f5es de produ\u00e7\u00e3o dos nossos clientes em todo o mundo, se necess\u00e1rio.<\/p>\n\n\n\n<p class=\"has-text-align-center\">Coloc\u00e1mos n\u00e3o s\u00f3 a tecnologia, mas tamb\u00e9m o nosso cora\u00e7\u00e3o neste software. Queremos ser os melhores do mundo no que fazemos e, finalmente, facilitar o teu trabalho no planeamento da produ\u00e7\u00e3o.<\/p>\n\n\n\n<p class=\"has-text-align-center\">Queremos garantir que nenhuma f\u00e1brica tenha de continuar a debater-se com o planeamento manual da produ\u00e7\u00e3o.<\/p>\n\n\n\n<p class=\"has-text-align-center\">Vieste ao s\u00edtio certo se queres livrar-te do planeamento manual da produ\u00e7\u00e3o e melhorar a efici\u00eancia da tua produ\u00e7\u00e3o. A SkyPlanner est\u00e1 aqui para mudar o futuro das ind\u00fastrias. Come\u00e7a a utilizar o SkyPlanner hoje mesmo.<\/p>\n\n<\/div>\n<\/div><\/div>\n<\/div>\n\n<\/div><div class=\"gb-container gb-container-1d2bde4a backglow  pricing\">\n\n<h3 class=\"wp-block-heading\" id=\"h-company-information\">Informa\u00e7\u00f5es sobre a empresa<\/h3>\n\n\n\n<div class=\"wp-block-columns is-layout-flex wp-container-core-columns-is-layout-9d6595d7 wp-block-columns-is-layout-flex\">\n<div class=\"wp-block-column is-layout-flow wp-block-column-is-layout-flow\">\n<p><strong>Nome da empresa<\/strong><br\/>Skycode Oy<br\/><br\/><strong>ID da empresa<\/strong><br\/>FI22049470<br\/><br\/><strong>Sede da empresa<\/strong><br\/>Rantakatu 2 G 11, 65100 Vaasa, Finl\u00e2ndia<br\/><br\/><strong>N\u00famero de telefone da empresa<\/strong><br\/>+358<a href=\"tel:+358407000002\"> 40 700 0002<\/a><\/p>\n<\/div>\n\n\n\n<div class=\"wp-block-column is-layout-flow wp-block-column-is-layout-flow\">\n<p><strong>Apoio<\/strong><br\/>support@skyplanner.ai<br\/><br\/><strong>Vendas<\/strong><br\/>jussi@skycode.fi<br\/><br\/><strong>Departamento financeiro<\/strong><br\/>niko@skycode.fi<\/p>\n<\/div>\n<\/div>\n\n\n\t\t\t<div \n\t\t\tclass=\"wp-block-uagb-google-map uagb-google-map__wrap uagb-block-c0d340a1     \"\n\t\t\tstyle=\"\" >\n\t\t\t\t<embed\n\t\t\t\t\tclass=\"uagb-google-map__iframe\"\n\t\t\t\t\ttitle=\"Google Map for \"\n\t\t\t\t\tsrc=\"https:\/\/maps.google.com\/maps?q=Skycode%20Rantakatu%202%20G%2011%2C%2065100%20Vaasa&#038;z=12&#038;hl=en&#038;t=m&#038;output=embed&#038;iwloc=near\"\n\t\t\t\t\twidth=\"640\"\n\t\t\t\t\theight=\"300\"\n\t\t\t\t\tloading=\"lazy\"\n\t\t\t\t><\/embed>\n\t\t\t<\/div>\n\t\t\t\n<\/div>","protected":false},"excerpt":{"rendered":"<p>Sobre n\u00f3s &#8220;Os c\u00e9rebros humanos n\u00e3o foram concebidos para programar centenas ou milhares de tarefas manualmente numa f\u00e1brica. S\u00e3o mais adequados para passear na natureza do que para programar a produ\u00e7\u00e3o.&#8220; Alimentado por intelig\u00eancia artificial, o SkyPlanner APS \u00e9 o software de planeamento da produ\u00e7\u00e3o mais moderno do mercado. \u00c9 f\u00e1cil de configurar e simples &#8230; <a title=\"Sobre n\u00f3s\" class=\"read-more\" href=\"https:\/\/skyplanner.ai\/pt-pt\/about-us\/\" aria-label=\"Leia mais sobre Sobre n\u00f3s\">Ler mais<\/a><\/p>\n","protected":false},"author":1,"featured_media":0,"parent":0,"menu_order":0,"comment_status":"closed","ping_status":"closed","template":"","meta":{"inline_featured_image":false,"_uag_custom_page_level_css":"","footnotes":""},"class_list":["post-35936","page","type-page","status-publish"],"acf":[],"yoast_head":"<!-- This site is optimized with the Yoast SEO Premium plugin v26.9 (Yoast SEO v27.0) - https:\/\/yoast.com\/product\/yoast-seo-premium-wordpress\/ -->\n<title>Sobre n\u00f3s &#8211; SkyPlanner<\/title>\n<meta name=\"robots\" content=\"index, follow, max-snippet:-1, max-image-preview:large, max-video-preview:-1\" \/>\n<link rel=\"canonical\" href=\"https:\/\/skyplanner.ai\/pt-pt\/about-us\/\" \/>\n<meta property=\"og:locale\" content=\"pt_PT\" \/>\n<meta property=\"og:type\" content=\"article\" \/>\n<meta property=\"og:title\" content=\"Sobre n\u00f3s\" \/>\n<meta property=\"og:description\" content=\"Sobre n\u00f3s &#8220;Os c\u00e9rebros humanos n\u00e3o foram concebidos para programar centenas ou milhares de tarefas manualmente numa f\u00e1brica. S\u00e3o mais adequados para passear na natureza do que para programar a produ\u00e7\u00e3o.&#8220; Alimentado por intelig\u00eancia artificial, o SkyPlanner APS \u00e9 o software de planeamento da produ\u00e7\u00e3o mais moderno do mercado. \u00c9 f\u00e1cil de configurar e simples ... Ler mais\" \/>\n<meta property=\"og:url\" content=\"https:\/\/skyplanner.ai\/pt-pt\/about-us\/\" \/>\n<meta property=\"og:site_name\" content=\"SkyPlanner\" \/>\n<meta property=\"article:modified_time\" content=\"2025-12-08T09:06:25+00:00\" \/>\n<meta property=\"og:image\" content=\"https:\/\/skyplanner.ai\/wp-content\/uploads\/2024\/06\/about_us.jpeg\" \/>\n\t<meta property=\"og:image:width\" content=\"1280\" \/>\n\t<meta property=\"og:image:height\" content=\"853\" \/>\n\t<meta property=\"og:image:type\" content=\"image\/jpeg\" \/>\n<meta name=\"twitter:card\" content=\"summary_large_image\" \/>\n<meta name=\"twitter:label1\" content=\"Tempo estimado de leitura\" \/>\n\t<meta name=\"twitter:data1\" content=\"5 minutos\" \/>\n<script type=\"application\/ld+json\" class=\"yoast-schema-graph\">{\"@context\":\"https:\/\/schema.org\",\"@graph\":[{\"@type\":\"WebPage\",\"@id\":\"https:\/\/skyplanner.ai\/pt-pt\/about-us\/\",\"url\":\"https:\/\/skyplanner.ai\/pt-pt\/about-us\/\",\"name\":\"Sobre n\u00f3s &#8211; SkyPlanner\",\"isPartOf\":{\"@id\":\"https:\/\/skyplanner.ai\/pt-pt\/#website\"},\"primaryImageOfPage\":{\"@id\":\"https:\/\/skyplanner.ai\/pt-pt\/about-us\/#primaryimage\"},\"image\":{\"@id\":\"https:\/\/skyplanner.ai\/pt-pt\/about-us\/#primaryimage\"},\"thumbnailUrl\":\"https:\/\/skyplanner.ai\/wp-content\/uploads\/2024\/06\/about_us-1024x682.jpeg\",\"datePublished\":\"2024-07-02T08:10:29+00:00\",\"dateModified\":\"2025-12-08T09:06:25+00:00\",\"breadcrumb\":{\"@id\":\"https:\/\/skyplanner.ai\/pt-pt\/about-us\/#breadcrumb\"},\"inLanguage\":\"pt-PT\",\"potentialAction\":[{\"@type\":\"ReadAction\",\"target\":[\"https:\/\/skyplanner.ai\/pt-pt\/about-us\/\"]}]},{\"@type\":\"ImageObject\",\"inLanguage\":\"pt-PT\",\"@id\":\"https:\/\/skyplanner.ai\/pt-pt\/about-us\/#primaryimage\",\"url\":\"https:\/\/skyplanner.ai\/wp-content\/uploads\/2024\/06\/about_us-1024x682.jpeg\",\"contentUrl\":\"https:\/\/skyplanner.ai\/wp-content\/uploads\/2024\/06\/about_us-1024x682.jpeg\"},{\"@type\":\"BreadcrumbList\",\"@id\":\"https:\/\/skyplanner.ai\/pt-pt\/about-us\/#breadcrumb\",\"itemListElement\":[{\"@type\":\"ListItem\",\"position\":1,\"name\":\"Home\",\"item\":\"https:\/\/skyplanner.ai\/pt-pt\/pagina-inicial\/\"},{\"@type\":\"ListItem\",\"position\":2,\"name\":\"Sobre n\u00f3s\"}]},{\"@type\":\"WebSite\",\"@id\":\"https:\/\/skyplanner.ai\/pt-pt\/#website\",\"url\":\"https:\/\/skyplanner.ai\/pt-pt\/\",\"name\":\"SkyPlanner\",\"description\":\"AI-powered production scheduling and planning software\",\"publisher\":{\"@id\":\"https:\/\/skyplanner.ai\/pt-pt\/#organization\"},\"potentialAction\":[{\"@type\":\"SearchAction\",\"target\":{\"@type\":\"EntryPoint\",\"urlTemplate\":\"https:\/\/skyplanner.ai\/pt-pt\/?s={search_term_string}\"},\"query-input\":{\"@type\":\"PropertyValueSpecification\",\"valueRequired\":true,\"valueName\":\"search_term_string\"}}],\"inLanguage\":\"pt-PT\"},{\"@type\":\"Organization\",\"@id\":\"https:\/\/skyplanner.ai\/pt-pt\/#organization\",\"name\":\"SkyPlanner APS\",\"url\":\"https:\/\/skyplanner.ai\/pt-pt\/\",\"logo\":{\"@type\":\"ImageObject\",\"inLanguage\":\"pt-PT\",\"@id\":\"https:\/\/skyplanner.ai\/pt-pt\/#\/schema\/logo\/image\/\",\"url\":\"https:\/\/skyplanner.ai\/wp-content\/uploads\/2022\/05\/Skyplanner-logo-2.svg\",\"contentUrl\":\"https:\/\/skyplanner.ai\/wp-content\/uploads\/2022\/05\/Skyplanner-logo-2.svg\",\"width\":223,\"height\":43,\"caption\":\"SkyPlanner APS\"},\"image\":{\"@id\":\"https:\/\/skyplanner.ai\/pt-pt\/#\/schema\/logo\/image\/\"},\"sameAs\":[\"https:\/\/www.linkedin.com\/company\/skyplanner-aps\/\",\"https:\/\/www.youtube.com\/@SkyPlannerAPS\",\"https:\/\/www.capterra.com\/p\/265911\/SkyPlanner-APS\/\",\"https:\/\/www.trustradius.com\/products\/skyplanner-aps\/reviews\",\"https:\/\/www.saasworthy.com\/product\/skyplanner-aps\",\"https:\/\/sourceforge.net\/software\/product\/SkyPlanner-APS\/\",\"https:\/\/www.g2.com\/products\/skyplanner-aps\/\",\"https:\/\/www.getapp.com\/project-management-planning-software\/a\/skyplanner-aps\/\",\"https:\/\/www.softwareadvice.com\/cmms\/skyplanner-aps-profile\/\"],\"description\":\"AI-powered production scheduling and planning software for manufacturing\",\"foundingDate\":\"1997\",\"legalName\":\"Skycode Oy\",\"alternateName\":\"SkyPlanner\",\"knowsAbout\":[\"Production Scheduling\",\"Advanced Planning and Scheduling\",\"Manufacturing AI\",\"Finite Capacity Scheduling\",\"ERP Integration\"],\"areaServed\":\"Worldwide\",\"contactPoint\":{\"@type\":\"ContactPoint\",\"contactType\":\"sales\",\"url\":\"https:\/\/skyplanner.ai\/trial\/\"}}]}<\/script>\n<!-- \/ Yoast SEO Premium plugin. -->","yoast_head_json":{"title":"Sobre n\u00f3s &#8211; SkyPlanner","robots":{"index":"index","follow":"follow","max-snippet":"max-snippet:-1","max-image-preview":"max-image-preview:large","max-video-preview":"max-video-preview:-1"},"canonical":"https:\/\/skyplanner.ai\/pt-pt\/about-us\/","og_locale":"pt_PT","og_type":"article","og_title":"Sobre n\u00f3s","og_description":"Sobre n\u00f3s &#8220;Os c\u00e9rebros humanos n\u00e3o foram concebidos para programar centenas ou milhares de tarefas manualmente numa f\u00e1brica. S\u00e3o mais adequados para passear na natureza do que para programar a produ\u00e7\u00e3o.&#8220; Alimentado por intelig\u00eancia artificial, o SkyPlanner APS \u00e9 o software de planeamento da produ\u00e7\u00e3o mais moderno do mercado. \u00c9 f\u00e1cil de configurar e simples ... Ler mais","og_url":"https:\/\/skyplanner.ai\/pt-pt\/about-us\/","og_site_name":"SkyPlanner","article_modified_time":"2025-12-08T09:06:25+00:00","og_image":[{"width":1280,"height":853,"url":"https:\/\/skyplanner.ai\/wp-content\/uploads\/2024\/06\/about_us.jpeg","type":"image\/jpeg"}],"twitter_card":"summary_large_image","twitter_misc":{"Tempo estimado de leitura":"5 minutos"},"schema":{"@context":"https:\/\/schema.org","@graph":[{"@type":"WebPage","@id":"https:\/\/skyplanner.ai\/pt-pt\/about-us\/","url":"https:\/\/skyplanner.ai\/pt-pt\/about-us\/","name":"Sobre n\u00f3s &#8211; SkyPlanner","isPartOf":{"@id":"https:\/\/skyplanner.ai\/pt-pt\/#website"},"primaryImageOfPage":{"@id":"https:\/\/skyplanner.ai\/pt-pt\/about-us\/#primaryimage"},"image":{"@id":"https:\/\/skyplanner.ai\/pt-pt\/about-us\/#primaryimage"},"thumbnailUrl":"https:\/\/skyplanner.ai\/wp-content\/uploads\/2024\/06\/about_us-1024x682.jpeg","datePublished":"2024-07-02T08:10:29+00:00","dateModified":"2025-12-08T09:06:25+00:00","breadcrumb":{"@id":"https:\/\/skyplanner.ai\/pt-pt\/about-us\/#breadcrumb"},"inLanguage":"pt-PT","potentialAction":[{"@type":"ReadAction","target":["https:\/\/skyplanner.ai\/pt-pt\/about-us\/"]}]},{"@type":"ImageObject","inLanguage":"pt-PT","@id":"https:\/\/skyplanner.ai\/pt-pt\/about-us\/#primaryimage","url":"https:\/\/skyplanner.ai\/wp-content\/uploads\/2024\/06\/about_us-1024x682.jpeg","contentUrl":"https:\/\/skyplanner.ai\/wp-content\/uploads\/2024\/06\/about_us-1024x682.jpeg"},{"@type":"BreadcrumbList","@id":"https:\/\/skyplanner.ai\/pt-pt\/about-us\/#breadcrumb","itemListElement":[{"@type":"ListItem","position":1,"name":"Home","item":"https:\/\/skyplanner.ai\/pt-pt\/pagina-inicial\/"},{"@type":"ListItem","position":2,"name":"Sobre n\u00f3s"}]},{"@type":"WebSite","@id":"https:\/\/skyplanner.ai\/pt-pt\/#website","url":"https:\/\/skyplanner.ai\/pt-pt\/","name":"SkyPlanner","description":"AI-powered production scheduling and planning software","publisher":{"@id":"https:\/\/skyplanner.ai\/pt-pt\/#organization"},"potentialAction":[{"@type":"SearchAction","target":{"@type":"EntryPoint","urlTemplate":"https:\/\/skyplanner.ai\/pt-pt\/?s={search_term_string}"},"query-input":{"@type":"PropertyValueSpecification","valueRequired":true,"valueName":"search_term_string"}}],"inLanguage":"pt-PT"},{"@type":"Organization","@id":"https:\/\/skyplanner.ai\/pt-pt\/#organization","name":"SkyPlanner APS","url":"https:\/\/skyplanner.ai\/pt-pt\/","logo":{"@type":"ImageObject","inLanguage":"pt-PT","@id":"https:\/\/skyplanner.ai\/pt-pt\/#\/schema\/logo\/image\/","url":"https:\/\/skyplanner.ai\/wp-content\/uploads\/2022\/05\/Skyplanner-logo-2.svg","contentUrl":"https:\/\/skyplanner.ai\/wp-content\/uploads\/2022\/05\/Skyplanner-logo-2.svg","width":223,"height":43,"caption":"SkyPlanner APS"},"image":{"@id":"https:\/\/skyplanner.ai\/pt-pt\/#\/schema\/logo\/image\/"},"sameAs":["https:\/\/www.linkedin.com\/company\/skyplanner-aps\/","https:\/\/www.youtube.com\/@SkyPlannerAPS","https:\/\/www.capterra.com\/p\/265911\/SkyPlanner-APS\/","https:\/\/www.trustradius.com\/products\/skyplanner-aps\/reviews","https:\/\/www.saasworthy.com\/product\/skyplanner-aps","https:\/\/sourceforge.net\/software\/product\/SkyPlanner-APS\/","https:\/\/www.g2.com\/products\/skyplanner-aps\/","https:\/\/www.getapp.com\/project-management-planning-software\/a\/skyplanner-aps\/","https:\/\/www.softwareadvice.com\/cmms\/skyplanner-aps-profile\/"],"description":"AI-powered production scheduling and planning software for manufacturing","foundingDate":"1997","legalName":"Skycode Oy","alternateName":"SkyPlanner","knowsAbout":["Production Scheduling","Advanced Planning and Scheduling","Manufacturing AI","Finite Capacity Scheduling","ERP Integration"],"areaServed":"Worldwide","contactPoint":{"@type":"ContactPoint","contactType":"sales","url":"https:\/\/skyplanner.ai\/trial\/"}}]}},"uagb_featured_image_src":{"full":false,"thumbnail":false,"medium":false,"medium_large":false,"large":false,"1536x1536":false,"2048x2048":false,"betterdocs-category-thumb":false},"uagb_author_info":{"display_name":"skyplanner","author_link":"https:\/\/skyplanner.ai\/pt-pt\/author\/skyplanner\/"},"uagb_comment_info":0,"uagb_excerpt":"Sobre n\u00f3s &#8220;Os c\u00e9rebros humanos n\u00e3o foram concebidos para programar centenas ou milhares de tarefas manualmente numa f\u00e1brica. S\u00e3o mais adequados para passear na natureza do que para programar a produ\u00e7\u00e3o.&#8220; Alimentado por intelig\u00eancia artificial, o SkyPlanner APS \u00e9 o software de planeamento da produ\u00e7\u00e3o mais moderno do mercado. \u00c9 f\u00e1cil de configurar e simples&hellip;","_links":{"self":[{"href":"https:\/\/skyplanner.ai\/pt-pt\/wp-json\/wp\/v2\/pages\/35936","targetHints":{"allow":["GET"]}}],"collection":[{"href":"https:\/\/skyplanner.ai\/pt-pt\/wp-json\/wp\/v2\/pages"}],"about":[{"href":"https:\/\/skyplanner.ai\/pt-pt\/wp-json\/wp\/v2\/types\/page"}],"author":[{"embeddable":true,"href":"https:\/\/skyplanner.ai\/pt-pt\/wp-json\/wp\/v2\/users\/1"}],"replies":[{"embeddable":true,"href":"https:\/\/skyplanner.ai\/pt-pt\/wp-json\/wp\/v2\/comments?post=35936"}],"version-history":[{"count":0,"href":"https:\/\/skyplanner.ai\/pt-pt\/wp-json\/wp\/v2\/pages\/35936\/revisions"}],"wp:attachment":[{"href":"https:\/\/skyplanner.ai\/pt-pt\/wp-json\/wp\/v2\/media?parent=35936"}],"curies":[{"name":"wp","href":"https:\/\/api.w.org\/{rel}","templated":true}]}}