{"id":7539,"date":"2022-09-12T12:16:08","date_gmt":"2022-09-12T12:16:08","guid":{"rendered":"https:\/\/skyplanner.ai\/rozpocznij-prace-z-programem-skyplanner-aps\/"},"modified":"2024-07-02T10:29:17","modified_gmt":"2024-07-02T10:29:17","slug":"rozpocznij-prace-z-programem-skyplanner-aps","status":"publish","type":"page","link":"https:\/\/skyplanner.ai\/pl\/rozpocznij-prace-z-programem-skyplanner-aps\/","title":{"rendered":"Rozpocznij prac\u0119 z programem SkyPlanner APS"},"content":{"rendered":"<div class=\"gb-container gb-container-858c1b7c\"><div class=\"gb-inside-container\">\n<div class=\"gb-container gb-container-654b059b\"><div class=\"gb-inside-container\">\n<div class=\"gb-container gb-container-7e72b514 front-head\"><div class=\"gb-inside-container\">\n\n<h1 class=\"wp-block-heading has-text-align-center\" id=\"h-get-started-with-skyplanner-aps\">Rozpocznij prac\u0119 z programem SkyPlanner APS<\/h1>\n\n<\/div><\/div>\n\n<div class=\"gb-container gb-container-48f29560\"><div class=\"gb-inside-container\">\n\n<p class=\"has-text-align-center\">SkyPlanner to zaawansowane oprogramowanie do planowania i harmonogramowania dla bran\u017cy produkcyjnej. Rozpocznij optymalizacj\u0119 produkcji ju\u017c dzi\u015b, pobieraj\u0105c nasz Pakiet Informacyjny.<\/p>\n\n<\/div><\/div>\n<\/div><\/div>\n<\/div><\/div>\n\n<div class=\"gb-container gb-container-5be12586\"><div class=\"gb-inside-container\">\n<div class=\"gb-container gb-container-a84d1fda\"><div class=\"gb-inside-container\">\n<div class=\"gb-grid-wrapper gb-grid-wrapper-85438851\">\n<div class=\"gb-grid-column gb-grid-column-f25f4cf2\"><div class=\"gb-container gb-container-f25f4cf2 backglow\"><div class=\"gb-inside-container\">\n\n<h4 class=\"wp-block-heading\" id=\"h-download-our-information-package\">Pobierz nasz pakiet informacyjny<\/h4>\n\n\n\n<p>Pakiet informacyjny SkyPlanner APS to plik pdf zawieraj\u0105cy wi\u0119cej informacji o cechach produktu i jego wdro\u017ceniu.<\/p>\n\n\n<div class=\"gb-container gb-container-0c941e56\"><div class=\"gb-inside-container\">\n\n<div class=\"pipedriveWebForms\" data-pd-webforms=\"https:\/\/webforms.pipedrive.com\/f\/1roLHkbzMcgoBvvf0E5iK6JDreihY6PZRD9n6kuBHhGlepZY0ayVMS2h0cfLjGwtJ\"><script src=\"https:\/\/webforms.pipedrive.com\/f\/loader\"><\/script><\/div>\n\n<\/div><\/div>\n<\/div><\/div><\/div>\n\n<div class=\"gb-grid-column gb-grid-column-697bc7f9\"><div class=\"gb-container gb-container-697bc7f9 blue-opacity hide-mobile hide-tablet\"><div class=\"gb-inside-container\"><\/div><\/div><\/div>\n<\/div>\n<\/div><\/div>\n<\/div><\/div>\n\n<div class=\"gb-container gb-container-a8b0c6d0 features-mobile\"><div class=\"gb-inside-container\">\n<div class=\"gb-container gb-container-b13ea8b7 no-overflow latest-tips-mobile\"><div class=\"gb-inside-container\">\n<div class=\"gb-grid-wrapper gb-grid-wrapper-4c7a821c\">\n<div class=\"gb-grid-column gb-grid-column-be28339b\"><div class=\"gb-container gb-container-be28339b hide-mobile\"><div class=\"gb-inside-container\"><\/div><\/div><\/div>\n\n<div class=\"gb-grid-column gb-grid-column-524f5b33\"><div class=\"gb-container gb-container-524f5b33\"><div class=\"gb-inside-container\">\n\n<h3 class=\"wp-block-heading\" id=\"h-our-team-is-just-a-phone-call-away\">Nasz zesp\u00f3\u0142 jest do dyspozycji pod jednym telefonem<\/h3>\n\n\n\n<div style=\"height:10px\" aria-hidden=\"true\" class=\"wp-block-spacer\"><\/div>\n\n\n\n<p>Je\u015bli wolisz porozmawia\u0107 z naszym zespo\u0142em o potrzebach i aspiracjach swojej firmy przez telefon, z przyjemno\u015bci\u0105 to zrobimy. Zadzwo\u0144 do nas pod numer +358 40 700 0002, a my zaczniemy od pocz\u0105tku.<\/p>\n\n\n<div class=\"gb-button-wrapper gb-button-wrapper-6d97aaa2\">\n\n<a class=\"gb-button gb-button-5bd6a03f\" href=\"tel:+358407000002\"><span class=\"gb-button-text\">Zadzwo\u0144 do naszego zespo\u0142u<\/span><span class=\"gb-icon\"><svg xmlns=\"http:\/\/www.w3.org\/2000\/svg\" aria-hidden=\"true\" role=\"img\" height=\"1em\" width=\"1em\" viewBox=\"0 0 256 512\"><path fill=\"currentColor\" d=\"M224.3 273l-136 136c-9.4 9.4-24.6 9.4-33.9 0l-22.6-22.6c-9.4-9.4-9.4-24.6 0-33.9l96.4-96.4-96.4-96.4c-9.4-9.4-9.4-24.6 0-33.9L54.3 103c9.4-9.4 24.6-9.4 33.9 0l136 136c9.5 9.4 9.5 24.6.1 34z\"><\/path><\/svg><\/span><\/a>\n\n<\/div>\n<\/div><\/div><\/div>\n<\/div>\n<\/div><\/div>\n<\/div><\/div>","protected":false},"excerpt":{"rendered":"<p>Rozpocznij prac\u0119 z programem SkyPlanner APS SkyPlanner to zaawansowane oprogramowanie do planowania i harmonogramowania dla bran\u017cy produkcyjnej. Rozpocznij optymalizacj\u0119 produkcji ju\u017c dzi\u015b, pobieraj\u0105c nasz Pakiet Informacyjny.<\/p>\n","protected":false},"author":2,"featured_media":0,"parent":0,"menu_order":0,"comment_status":"closed","ping_status":"closed","template":"","meta":{"inline_featured_image":false,"_uag_custom_page_level_css":"","footnotes":""},"class_list":["post-7539","page","type-page","status-publish"],"acf":[],"yoast_head":"<!-- This site is optimized with the Yoast SEO Premium plugin v26.9 (Yoast SEO v27.0) - https:\/\/yoast.com\/product\/yoast-seo-premium-wordpress\/ -->\n<title>Rozpocznij prac\u0119 z programem SkyPlanner APS &#8211; SkyPlanner<\/title>\n<meta name=\"robots\" content=\"noindex, nofollow\" \/>\n<meta property=\"og:locale\" content=\"pl_PL\" \/>\n<meta property=\"og:type\" content=\"article\" \/>\n<meta property=\"og:title\" content=\"Rozpocznij prac\u0119 z programem SkyPlanner APS\" \/>\n<meta property=\"og:description\" content=\"Rozpocznij prac\u0119 z programem SkyPlanner APS SkyPlanner to zaawansowane oprogramowanie do planowania i harmonogramowania dla bran\u017cy produkcyjnej. Rozpocznij optymalizacj\u0119 produkcji ju\u017c dzi\u015b, pobieraj\u0105c nasz Pakiet Informacyjny.\" \/>\n<meta property=\"og:url\" content=\"https:\/\/skyplanner.ai\/pl\/rozpocznij-prace-z-programem-skyplanner-aps\/\" \/>\n<meta property=\"og:site_name\" content=\"SkyPlanner\" \/>\n<meta property=\"article:modified_time\" content=\"2024-07-02T10:29:17+00:00\" \/>\n<meta name=\"twitter:card\" content=\"summary_large_image\" \/>\n<meta name=\"twitter:label1\" content=\"Szacowany czas czytania\" \/>\n\t<meta name=\"twitter:data1\" content=\"1 minuta\" \/>\n<script type=\"application\/ld+json\" class=\"yoast-schema-graph\">{\"@context\":\"https:\/\/schema.org\",\"@graph\":[{\"@type\":\"WebPage\",\"@id\":\"https:\/\/skyplanner.ai\/pl\/rozpocznij-prace-z-programem-skyplanner-aps\/\",\"url\":\"https:\/\/skyplanner.ai\/pl\/rozpocznij-prace-z-programem-skyplanner-aps\/\",\"name\":\"Rozpocznij prac\u0119 z programem SkyPlanner APS &#8211; SkyPlanner\",\"isPartOf\":{\"@id\":\"https:\/\/skyplanner.ai\/pl\/#website\"},\"datePublished\":\"2022-09-12T12:16:08+00:00\",\"dateModified\":\"2024-07-02T10:29:17+00:00\",\"breadcrumb\":{\"@id\":\"https:\/\/skyplanner.ai\/pl\/rozpocznij-prace-z-programem-skyplanner-aps\/#breadcrumb\"},\"inLanguage\":\"pl-PL\",\"potentialAction\":[{\"@type\":\"ReadAction\",\"target\":[\"https:\/\/skyplanner.ai\/pl\/rozpocznij-prace-z-programem-skyplanner-aps\/\"]}]},{\"@type\":\"BreadcrumbList\",\"@id\":\"https:\/\/skyplanner.ai\/pl\/rozpocznij-prace-z-programem-skyplanner-aps\/#breadcrumb\",\"itemListElement\":[{\"@type\":\"ListItem\",\"position\":1,\"name\":\"Home\",\"item\":\"https:\/\/skyplanner.ai\/pl\/strona-glowna-2\/\"},{\"@type\":\"ListItem\",\"position\":2,\"name\":\"Rozpocznij prac\u0119 z programem SkyPlanner APS\"}]},{\"@type\":\"WebSite\",\"@id\":\"https:\/\/skyplanner.ai\/pl\/#website\",\"url\":\"https:\/\/skyplanner.ai\/pl\/\",\"name\":\"SkyPlanner\",\"description\":\"AI-powered production scheduling and planning software\",\"publisher\":{\"@id\":\"https:\/\/skyplanner.ai\/pl\/#organization\"},\"potentialAction\":[{\"@type\":\"SearchAction\",\"target\":{\"@type\":\"EntryPoint\",\"urlTemplate\":\"https:\/\/skyplanner.ai\/pl\/?s={search_term_string}\"},\"query-input\":{\"@type\":\"PropertyValueSpecification\",\"valueRequired\":true,\"valueName\":\"search_term_string\"}}],\"inLanguage\":\"pl-PL\"},{\"@type\":\"Organization\",\"@id\":\"https:\/\/skyplanner.ai\/pl\/#organization\",\"name\":\"SkyPlanner APS\",\"url\":\"https:\/\/skyplanner.ai\/pl\/\",\"logo\":{\"@type\":\"ImageObject\",\"inLanguage\":\"pl-PL\",\"@id\":\"https:\/\/skyplanner.ai\/pl\/#\/schema\/logo\/image\/\",\"url\":\"https:\/\/skyplanner.ai\/wp-content\/uploads\/2022\/05\/Skyplanner-logo-2.svg\",\"contentUrl\":\"https:\/\/skyplanner.ai\/wp-content\/uploads\/2022\/05\/Skyplanner-logo-2.svg\",\"width\":223,\"height\":43,\"caption\":\"SkyPlanner APS\"},\"image\":{\"@id\":\"https:\/\/skyplanner.ai\/pl\/#\/schema\/logo\/image\/\"},\"sameAs\":[\"https:\/\/www.linkedin.com\/company\/skyplanner-aps\/\",\"https:\/\/www.youtube.com\/@SkyPlannerAPS\",\"https:\/\/www.capterra.com\/p\/265911\/SkyPlanner-APS\/\",\"https:\/\/www.trustradius.com\/products\/skyplanner-aps\/reviews\",\"https:\/\/www.saasworthy.com\/product\/skyplanner-aps\",\"https:\/\/sourceforge.net\/software\/product\/SkyPlanner-APS\/\",\"https:\/\/www.g2.com\/products\/skyplanner-aps\/\",\"https:\/\/www.getapp.com\/project-management-planning-software\/a\/skyplanner-aps\/\",\"https:\/\/www.softwareadvice.com\/cmms\/skyplanner-aps-profile\/\"],\"description\":\"AI-powered production scheduling and planning software for manufacturing\",\"foundingDate\":\"1997\",\"legalName\":\"Skycode Oy\",\"alternateName\":\"SkyPlanner\",\"knowsAbout\":[\"Production Scheduling\",\"Advanced Planning and Scheduling\",\"Manufacturing AI\",\"Finite Capacity Scheduling\",\"ERP Integration\"],\"areaServed\":\"Worldwide\",\"contactPoint\":{\"@type\":\"ContactPoint\",\"contactType\":\"sales\",\"url\":\"https:\/\/skyplanner.ai\/trial\/\"}}]}<\/script>\n<!-- \/ Yoast SEO Premium plugin. -->","yoast_head_json":{"title":"Rozpocznij prac\u0119 z programem SkyPlanner APS &#8211; SkyPlanner","robots":{"index":"noindex","follow":"nofollow"},"og_locale":"pl_PL","og_type":"article","og_title":"Rozpocznij prac\u0119 z programem SkyPlanner APS","og_description":"Rozpocznij prac\u0119 z programem SkyPlanner APS SkyPlanner to zaawansowane oprogramowanie do planowania i harmonogramowania dla bran\u017cy produkcyjnej. Rozpocznij optymalizacj\u0119 produkcji ju\u017c dzi\u015b, pobieraj\u0105c nasz Pakiet Informacyjny.","og_url":"https:\/\/skyplanner.ai\/pl\/rozpocznij-prace-z-programem-skyplanner-aps\/","og_site_name":"SkyPlanner","article_modified_time":"2024-07-02T10:29:17+00:00","twitter_card":"summary_large_image","twitter_misc":{"Szacowany czas czytania":"1 minuta"},"schema":{"@context":"https:\/\/schema.org","@graph":[{"@type":"WebPage","@id":"https:\/\/skyplanner.ai\/pl\/rozpocznij-prace-z-programem-skyplanner-aps\/","url":"https:\/\/skyplanner.ai\/pl\/rozpocznij-prace-z-programem-skyplanner-aps\/","name":"Rozpocznij prac\u0119 z programem SkyPlanner APS &#8211; SkyPlanner","isPartOf":{"@id":"https:\/\/skyplanner.ai\/pl\/#website"},"datePublished":"2022-09-12T12:16:08+00:00","dateModified":"2024-07-02T10:29:17+00:00","breadcrumb":{"@id":"https:\/\/skyplanner.ai\/pl\/rozpocznij-prace-z-programem-skyplanner-aps\/#breadcrumb"},"inLanguage":"pl-PL","potentialAction":[{"@type":"ReadAction","target":["https:\/\/skyplanner.ai\/pl\/rozpocznij-prace-z-programem-skyplanner-aps\/"]}]},{"@type":"BreadcrumbList","@id":"https:\/\/skyplanner.ai\/pl\/rozpocznij-prace-z-programem-skyplanner-aps\/#breadcrumb","itemListElement":[{"@type":"ListItem","position":1,"name":"Home","item":"https:\/\/skyplanner.ai\/pl\/strona-glowna-2\/"},{"@type":"ListItem","position":2,"name":"Rozpocznij prac\u0119 z programem SkyPlanner APS"}]},{"@type":"WebSite","@id":"https:\/\/skyplanner.ai\/pl\/#website","url":"https:\/\/skyplanner.ai\/pl\/","name":"SkyPlanner","description":"AI-powered production scheduling and planning software","publisher":{"@id":"https:\/\/skyplanner.ai\/pl\/#organization"},"potentialAction":[{"@type":"SearchAction","target":{"@type":"EntryPoint","urlTemplate":"https:\/\/skyplanner.ai\/pl\/?s={search_term_string}"},"query-input":{"@type":"PropertyValueSpecification","valueRequired":true,"valueName":"search_term_string"}}],"inLanguage":"pl-PL"},{"@type":"Organization","@id":"https:\/\/skyplanner.ai\/pl\/#organization","name":"SkyPlanner APS","url":"https:\/\/skyplanner.ai\/pl\/","logo":{"@type":"ImageObject","inLanguage":"pl-PL","@id":"https:\/\/skyplanner.ai\/pl\/#\/schema\/logo\/image\/","url":"https:\/\/skyplanner.ai\/wp-content\/uploads\/2022\/05\/Skyplanner-logo-2.svg","contentUrl":"https:\/\/skyplanner.ai\/wp-content\/uploads\/2022\/05\/Skyplanner-logo-2.svg","width":223,"height":43,"caption":"SkyPlanner APS"},"image":{"@id":"https:\/\/skyplanner.ai\/pl\/#\/schema\/logo\/image\/"},"sameAs":["https:\/\/www.linkedin.com\/company\/skyplanner-aps\/","https:\/\/www.youtube.com\/@SkyPlannerAPS","https:\/\/www.capterra.com\/p\/265911\/SkyPlanner-APS\/","https:\/\/www.trustradius.com\/products\/skyplanner-aps\/reviews","https:\/\/www.saasworthy.com\/product\/skyplanner-aps","https:\/\/sourceforge.net\/software\/product\/SkyPlanner-APS\/","https:\/\/www.g2.com\/products\/skyplanner-aps\/","https:\/\/www.getapp.com\/project-management-planning-software\/a\/skyplanner-aps\/","https:\/\/www.softwareadvice.com\/cmms\/skyplanner-aps-profile\/"],"description":"AI-powered production scheduling and planning software for manufacturing","foundingDate":"1997","legalName":"Skycode Oy","alternateName":"SkyPlanner","knowsAbout":["Production Scheduling","Advanced Planning and Scheduling","Manufacturing AI","Finite Capacity Scheduling","ERP Integration"],"areaServed":"Worldwide","contactPoint":{"@type":"ContactPoint","contactType":"sales","url":"https:\/\/skyplanner.ai\/trial\/"}}]}},"uagb_featured_image_src":{"full":false,"thumbnail":false,"medium":false,"medium_large":false,"large":false,"1536x1536":false,"2048x2048":false,"betterdocs-category-thumb":false},"uagb_author_info":{"display_name":"Jesse Sinisalo","author_link":"https:\/\/skyplanner.ai\/pl\/author\/jesse\/"},"uagb_comment_info":0,"uagb_excerpt":"Rozpocznij prac\u0119 z programem SkyPlanner APS SkyPlanner to zaawansowane oprogramowanie do planowania i harmonogramowania dla bran\u017cy produkcyjnej. Rozpocznij optymalizacj\u0119 produkcji ju\u017c dzi\u015b, pobieraj\u0105c nasz Pakiet Informacyjny.","_links":{"self":[{"href":"https:\/\/skyplanner.ai\/pl\/wp-json\/wp\/v2\/pages\/7539","targetHints":{"allow":["GET"]}}],"collection":[{"href":"https:\/\/skyplanner.ai\/pl\/wp-json\/wp\/v2\/pages"}],"about":[{"href":"https:\/\/skyplanner.ai\/pl\/wp-json\/wp\/v2\/types\/page"}],"author":[{"embeddable":true,"href":"https:\/\/skyplanner.ai\/pl\/wp-json\/wp\/v2\/users\/2"}],"replies":[{"embeddable":true,"href":"https:\/\/skyplanner.ai\/pl\/wp-json\/wp\/v2\/comments?post=7539"}],"version-history":[{"count":0,"href":"https:\/\/skyplanner.ai\/pl\/wp-json\/wp\/v2\/pages\/7539\/revisions"}],"wp:attachment":[{"href":"https:\/\/skyplanner.ai\/pl\/wp-json\/wp\/v2\/media?parent=7539"}],"curies":[{"name":"wp","href":"https:\/\/api.w.org\/{rel}","templated":true}]}}