{"id":38955,"date":"2024-07-02T08:10:29","date_gmt":"2024-07-02T08:10:29","guid":{"rendered":"https:\/\/skyplanner.ai\/om-oss\/"},"modified":"2025-12-08T09:02:18","modified_gmt":"2025-12-08T09:02:18","slug":"om-oss","status":"publish","type":"page","link":"https:\/\/skyplanner.ai\/no\/om-oss\/","title":{"rendered":"Om oss"},"content":{"rendered":"<div class=\"gb-container gb-container-95f3ac01\">\n<div class=\"gb-container gb-container-8106c6a2\">\n<div class=\"gb-container gb-container-865de0eb\"><div class=\"gb-inside-container\">\n\n<div class=\"wp-block-columns is-layout-flex wp-container-core-columns-is-layout-9d6595d7 wp-block-columns-is-layout-flex\">\n<div class=\"wp-block-column is-layout-flow wp-block-column-is-layout-flow\" style=\"flex-basis:50%\"><div class=\"gb-container gb-container-906e61dc\">\n\n<figure class=\"wp-block-image size-large rounded is-style-default\"><img decoding=\"async\" width=\"1024\" height=\"682\" src=\"https:\/\/skyplanner.ai\/wp-content\/uploads\/2024\/06\/about_us-1024x682.jpeg\" alt=\"\" class=\"wp-image-34962\" srcset=\"https:\/\/skyplanner.ai\/wp-content\/uploads\/2024\/06\/about_us-1024x682.jpeg 1024w, https:\/\/skyplanner.ai\/wp-content\/uploads\/2024\/06\/about_us-300x200.jpeg 300w, https:\/\/skyplanner.ai\/wp-content\/uploads\/2024\/06\/about_us-768x512.jpeg 768w, https:\/\/skyplanner.ai\/wp-content\/uploads\/2024\/06\/about_us.jpeg 1280w\" sizes=\"(max-width: 1024px) 100vw, 1024px\" \/><\/figure>\n\n<\/div><\/div>\n\n\n\n<div class=\"wp-block-column is-layout-flow wp-block-column-is-layout-flow\" style=\"flex-basis:50%\"><div class=\"gb-container gb-container-fd442b94\">\n<div class=\"gb-container gb-container-fbdc6dd0\">\n\n<h2 class=\"wp-block-heading has-text-align-center\" id=\"h-about-us\">Om oss<\/h2>\n\n\n\n<p class=\"has-text-align-center has-medium-font-size\"><em>&laquo;Menneskehjernen er ikke konstruert for \u00e5 planlegge hundrevis eller tusenvis av oppgaver manuelt i en fabrikk. De egner seg bedre til \u00e5 g\u00e5 i naturen enn til planlegging av produksjon<\/em>.<em>&laquo;<\/em><\/p>\n\n\n\n<p class=\"has-text-align-center\" style=\"font-size:24px\">SkyPlanner APS er drevet av kunstig intelligens og er den mest moderne programvaren for produksjonsplanlegging p\u00e5 markedet. Den er enkel \u00e5 sette opp og enkel \u00e5 bruke.<\/p>\n\n<\/div>\n<\/div><\/div>\n<\/div>\n\n<\/div><\/div>\n<\/div>\n<\/div><div class=\"gb-container gb-container-86a83528\">\n<div class=\"gb-grid-wrapper gb-grid-wrapper-88ba9f7d\">\n<div class=\"gb-grid-column gb-grid-column-7ab1e934\"><div class=\"gb-container gb-container-7ab1e934 backglow\">\n<div class=\"gb-container gb-container-a24ec307\">\n\n<h2 class=\"wp-block-heading has-text-align-center has-text-color\" id=\"h-2100\" style=\"color:#303af2;font-size:62px;font-style:normal;font-weight:900\">2100+<\/h2>\n\n\n\n<p class=\"has-text-align-center\">SkyPlanner-installasjoner<\/p>\n\n<\/div>\n<\/div><\/div>\n\n<div class=\"gb-grid-column gb-grid-column-a785d916\"><div class=\"gb-container gb-container-a785d916 backglow\">\n<div class=\"gb-container gb-container-ae6908c2\">\n\n<h2 class=\"wp-block-heading has-text-align-center has-text-color\" id=\"h-27\" style=\"color:#303af2;font-size:62px;font-style:normal;font-weight:900\">27<\/h2>\n\n\n\n<p class=\"has-text-align-center\">Flere \u00e5rs erfaring<\/p>\n\n<\/div>\n<\/div><\/div>\n\n<div class=\"gb-grid-column gb-grid-column-f284d427\"><div class=\"gb-container gb-container-f284d427 backglow\">\n<div class=\"gb-container gb-container-c7572b69\">\n\n<h2 class=\"wp-block-heading has-text-align-center has-text-color\" id=\"h-21\" style=\"color:#303af2;font-size:62px;font-style:normal;font-weight:900\">21<\/h2>\n\n\n\n<p class=\"has-text-align-center\">Land med SkyPlanner-eksperter<\/p>\n\n<\/div>\n<\/div><\/div>\n<\/div>\n<\/div><div class=\"gb-container gb-container-6e686c8f\">\n\n<figure class=\"wp-block-embed is-type-video is-provider-youtube wp-block-embed-youtube wp-embed-aspect-16-9 wp-has-aspect-ratio\"><div class=\"wp-block-embed__wrapper\">\n<iframe title=\"SkyPlanner&#039;s team and office\" width=\"1200\" height=\"675\" src=\"https:\/\/www.youtube.com\/embed\/SFdpNPCmlks?feature=oembed\" frameborder=\"0\" allow=\"accelerometer; autoplay; clipboard-write; encrypted-media; gyroscope; picture-in-picture; web-share\" referrerpolicy=\"strict-origin-when-cross-origin\" allowfullscreen><\/iframe>\n<\/div><\/figure>\n\n<\/div><div class=\"gb-container gb-container-0ee67634\">\n<div class=\"gb-container gb-container-548ede57\">\n\n<div class=\"wp-block-columns is-layout-flex wp-container-core-columns-is-layout-9d6595d7 wp-block-columns-is-layout-flex\">\n<div class=\"wp-block-column is-layout-flow wp-block-column-is-layout-flow\"><div class=\"gb-container gb-container-83050036\">\n<div class=\"wp-block-image\">\n<figure class=\"alignright size-full\"><img decoding=\"async\" width=\"959\" height=\"586\" src=\"https:\/\/skyplanner.ai\/wp-content\/uploads\/2024\/06\/skycode.jpeg\" alt=\"\" class=\"wp-image-35021\" srcset=\"https:\/\/skyplanner.ai\/wp-content\/uploads\/2024\/06\/skycode.jpeg 959w, https:\/\/skyplanner.ai\/wp-content\/uploads\/2024\/06\/skycode-300x183.jpeg 300w, https:\/\/skyplanner.ai\/wp-content\/uploads\/2024\/06\/skycode-768x469.jpeg 768w\" sizes=\"(max-width: 959px) 100vw, 959px\" \/><\/figure>\n<\/div>\n<\/div><\/div>\n\n\n\n<div class=\"wp-block-column is-layout-flow wp-block-column-is-layout-flow\"><div class=\"gb-container gb-container-ceaedc69\">\n\n<h2 class=\"wp-block-heading has-x-large-font-size\" id=\"h-our-story\">V\u00e5r historie<\/h2>\n\n\n\n<p>SkyPlanner APS er utviklet av det finske selskapet Skycode Oy og distribueres over hele verden. Det spiller ingen rolle hvor i verden bedriften din befinner seg, hvilken bransje du opererer i, eller hvor stor bedriften din er. Vi og v\u00e5rt internasjonale partnernettverk tilbyr p\u00e5litelige tjenester som er skreddersydd for din bedrifts behov. Hvis du \u00f8nsker det, kan du bruke SkyPlanner p\u00e5 ditt eget morsm\u00e5l.<\/p>\n\n\n\n<p>V\u00e5rt selskap, Skycode Oy, ble grunnlagt for 27 \u00e5r siden, i 1997. Vi spesialiserer oss p\u00e5 bransjetilpasset programvare og ERP-integrasjoner. Dette var et utmerket grunnlag for utviklingen av SkyPlanner, som startet i samarbeid med kundene v\u00e5re i 2016.<\/p>\n\n<\/div><\/div>\n<\/div>\n\n<\/div>\n<\/div><div class=\"gb-container gb-container-ecf82a77\">\n<div class=\"gb-container gb-container-c1fd2326\">\n<div class=\"gb-container gb-container-373069a5\">\n<div class=\"gb-grid-wrapper gb-grid-wrapper-ae22fb5f\">\n<div class=\"gb-grid-column gb-grid-column-45002862\"><div class=\"gb-container gb-container-45002862\">\n<div class=\"gb-container gb-container-4fefabbe\">\n\n<h3 class=\"wp-block-heading has-base-3-color has-text-color\" id=\"h-integration\">Integrering<\/h3>\n\n\n\n<p class=\"has-base-3-color has-text-color\">SkyPlanner inkluderer et moderne og omfattende REST API-grensesnitt for integrasjoner. Du kan lage integrasjonen selv, bruke din eksisterende integrasjonspartner eller bestille integrasjonstjenester fra oss. Takket v\u00e6re v\u00e5r flere ti\u00e5r lange erfaring med integrering kan SkyPlanner integreres med all annen programvare &#8211; det lover vi.<\/p>\n\n<\/div>\n<\/div><\/div>\n\n<div class=\"gb-grid-column gb-grid-column-d65b454d\"><div class=\"gb-container gb-container-d65b454d\">\n<div class=\"gb-container gb-container-e441b4ed\">\n\n<figure class=\"wp-block-image size-full\"><img decoding=\"async\" width=\"301\" height=\"301\" src=\"https:\/\/skyplanner.ai\/wp-content\/uploads\/2023\/12\/e384cf5b3ca8cd9cf46508b95ea672db.png\" alt=\"\" class=\"wp-image-32041\" srcset=\"https:\/\/skyplanner.ai\/wp-content\/uploads\/2023\/12\/e384cf5b3ca8cd9cf46508b95ea672db.png 301w, https:\/\/skyplanner.ai\/wp-content\/uploads\/2023\/12\/e384cf5b3ca8cd9cf46508b95ea672db-150x150.png 150w\" sizes=\"(max-width: 301px) 100vw, 301px\" \/><\/figure>\n\n<\/div>\n<\/div><\/div>\n<\/div>\n<\/div>\n<\/div>\n<\/div><div class=\"gb-container gb-container-34317aad\">\n\n<div class=\"wp-block-columns is-layout-flex wp-container-core-columns-is-layout-9d6595d7 wp-block-columns-is-layout-flex\">\n<div class=\"wp-block-column is-layout-flow wp-block-column-is-layout-flow\"><div class=\"gb-container gb-container-e5ae920d\">\n<div class=\"gb-container gb-container-ff0d9ce2\">\n\n<h3 class=\"wp-block-heading has-text-align-center has-large-font-size\" id=\"h-new-era\"><strong>Ny \u00e6ra<\/strong><\/h3>\n\n\n\n<p>For mange \u00e5r siden la vi merke til at regnearkprogramvare var den absolutte markedslederen innen programvare for produksjonsplanlegging. Alle andre tilgjengelige programvarer baserte seg ogs\u00e5 vanligvis p\u00e5 manuell produksjonsplanlegging. Ingen likte imidlertid manuell produksjonsplanlegging, og det fantes ingen gode nok alternativer.<\/p>\n\n\n\n<p>Fabrikkene opplever ineffektivitet, og produksjonsplanleggerne opplever mye stress n\u00e5r produksjonsplanene ikke er optimale og likevel tar utrolig lang tid \u00e5 lage. Fabrikkene opererer under kapasitet, og leveringsp\u00e5liteligheten er d\u00e5rlig.<\/p>\n\n\n\n<p>Fra begynnelsen av hadde vi en klar visjon om at kunstig intelligens er den beste teknologien for automatisk produksjonsplanlegging fordi den tilpasser seg godt til kravene i ulike produksjonsprosesser. Dermed kan du konfigurere SkyPlanner for ulike bransjer og f\u00e5 den til \u00e5 ta hensyn til unike behov uten \u00e5 endre algoritmen. Du leder fortsatt AI-operasjonene, ettersom samarbeid mellom mennesker og kunstig intelligens er den beste kombinasjonen.<\/p>\n\n\n\n<p>AI er ogs\u00e5 den raskeste m\u00e5ten \u00e5 utf\u00f8re denne typen matematiske beregninger p\u00e5. Vi anser hastighet som sv\u00e6rt viktig, s\u00e5 den kunstige intelligensen vi har utviklet for SkyPlanner, Arcturus, er den raskeste kunstige intelligensen i verden for produksjonsplanlegging, selv i store produksjoner.<\/p>\n\n\n\n<p>Regneark har aldri v\u00e6rt den beste programvaren for produksjonsoptimalisering, men folk har kunnet ta den i bruk selv og tilpasse den slik de \u00f8nsker. Vi har gjort SkyPlanner enda enklere \u00e5 implementere uten omfattende og kostbare IT-prosjekter. Du kan selv begynne \u00e5 bruke SkyPlanner i dag via nettstedet v\u00e5rt. Vi tilbyr et stort bibliotek med veiledninger og instruksjonsvideoer som hjelper deg med \u00e5 l\u00e6re deg programvaren p\u00e5 egen h\u00e5nd. Vi stoler s\u00e5 mye p\u00e5 programvaren v\u00e5r at du kan pr\u00f8ve SkyPlanner i en gratis pr\u00f8veperiode f\u00f8r du bestemmer deg for \u00e5 kj\u00f8pe den.<\/p>\n\n<\/div>\n<\/div><\/div>\n\n\n\n<div class=\"wp-block-column is-layout-flow wp-block-column-is-layout-flow\"><div class=\"gb-container gb-container-06653eb2\">\n<div class=\"gb-container gb-container-5eba43cc\">\n\n<h3 class=\"wp-block-heading has-text-align-center has-large-font-size\" id=\"h-our-services\"><strong>V\u00e5re tjenester<\/strong><\/h3>\n\n\n\n<p class=\"has-text-align-center\">Vi forst\u00e5r at mange kunder \u00f8nsker \u00e5 kj\u00f8pe implementeringsoppl\u00e6ring fra ekspertene v\u00e5re som en tilleggstjeneste. Noen \u00f8nsker tilpasninger og integrasjoner som er skreddersydd etter deres \u00f8nsker for SkyPlanner. Vi tilbyr deg alle disse ekstra tjenestene med mye erfaring. I tillegg betjener v\u00e5rt internasjonale partnernettverk deg p\u00e5 nesten alle kontinenter og i alle tidssoner. Ta kontakt med oss, s\u00e5 forteller vi deg mer om v\u00e5re eksperttjenester.<\/p>\n\n\n\n<p class=\"has-text-align-center\">V\u00e5r organisasjon er sv\u00e6rt motivert og har omfattende bransjeerfaring. Du vil aldri v\u00e6re alene n\u00e5r du bruker SkyPlanner. I tillegg til oppl\u00e6ringsmateriellet kan du ogs\u00e5 f\u00e5 st\u00f8tte fra oss via chat, videosamtaler, e-post og telefon. Ved behov arrangerer vi ogs\u00e5 workshops p\u00e5 v\u00e5re kunders produksjonsanlegg over hele verden.<\/p>\n\n\n\n<p class=\"has-text-align-center\">Vi har ikke bare lagt ned teknologi, men ogs\u00e5 hjertet v\u00e5rt i denne programvaren. Vi \u00f8nsker \u00e5 v\u00e6re best i verden p\u00e5 det vi gj\u00f8r, og endelig gj\u00f8re jobben din med produksjonsplanlegging enkel.<\/p>\n\n\n\n<p class=\"has-text-align-center\">Vi vil s\u00f8rge for at ingen fabrikker lenger trenger \u00e5 slite med manuell produksjonsplanlegging.<\/p>\n\n\n\n<p class=\"has-text-align-center\">Du har kommet til rett sted hvis du \u00f8nsker \u00e5 kvitte deg med manuell produksjonsplanlegging og forbedre produksjonseffektiviteten. SkyPlanner er her for \u00e5 forandre bransjens fremtid. Begynn \u00e5 bruke SkyPlanner i dag.<\/p>\n\n<\/div>\n<\/div><\/div>\n<\/div>\n\n<\/div><div class=\"gb-container gb-container-1d2bde4a backglow  pricing\">\n\n<h3 class=\"wp-block-heading\" id=\"h-company-information\">Informasjon om selskapet<\/h3>\n\n\n\n<div class=\"wp-block-columns is-layout-flex wp-container-core-columns-is-layout-9d6595d7 wp-block-columns-is-layout-flex\">\n<div class=\"wp-block-column is-layout-flow wp-block-column-is-layout-flow\">\n<p><strong>Selskapets navn<\/strong><br\/>Skycode Oy<br\/><br\/><strong>Selskapets ID<\/strong><br\/>FI22049470<br\/><br\/><strong>Selskapets hovedkontor<\/strong><br\/>Rantakatu 2 G 11, 65100 Vaasa, Finland<br\/><br\/><strong>Selskapets telefonnummer<\/strong><br\/><a href=\"tel:+358407000002\">+358 40 700 0002<\/a><\/p>\n<\/div>\n\n\n\n<div class=\"wp-block-column is-layout-flow wp-block-column-is-layout-flow\">\n<p><strong>Support<\/strong><br\/>support@skyplanner.ai<br\/><br\/><strong>Salg<\/strong><br\/>jussi@skycode.fi<br\/><br\/><strong> <br\/>niko@skycode.fi\u00d8konomiavdelingen<\/strong><\/p>\n<\/div>\n<\/div>\n\n\n\t\t\t<div \n\t\t\tclass=\"wp-block-uagb-google-map uagb-google-map__wrap uagb-block-c0d340a1     \"\n\t\t\tstyle=\"\" >\n\t\t\t\t<embed\n\t\t\t\t\tclass=\"uagb-google-map__iframe\"\n\t\t\t\t\ttitle=\"Google Map for \"\n\t\t\t\t\tsrc=\"https:\/\/maps.google.com\/maps?q=Skycode%20Rantakatu%202%20G%2011%2C%2065100%20Vaasa&#038;z=12&#038;hl=en&#038;t=m&#038;output=embed&#038;iwloc=near\"\n\t\t\t\t\twidth=\"640\"\n\t\t\t\t\theight=\"300\"\n\t\t\t\t\tloading=\"lazy\"\n\t\t\t\t><\/embed>\n\t\t\t<\/div>\n\t\t\t\n<\/div>","protected":false},"excerpt":{"rendered":"<p>Om oss &laquo;Menneskehjernen er ikke konstruert for \u00e5 planlegge hundrevis eller tusenvis av oppgaver manuelt i en fabrikk. De egner seg bedre til \u00e5 g\u00e5 i naturen enn til planlegging av produksjon.&laquo; SkyPlanner APS er drevet av kunstig intelligens og er den mest moderne programvaren for produksjonsplanlegging p\u00e5 markedet. Den er enkel \u00e5 sette opp &#8230; <a title=\"Om oss\" class=\"read-more\" href=\"https:\/\/skyplanner.ai\/no\/om-oss\/\" aria-label=\"Read more about Om oss\">Les mer<\/a><\/p>\n","protected":false},"author":1,"featured_media":0,"parent":0,"menu_order":0,"comment_status":"closed","ping_status":"closed","template":"","meta":{"inline_featured_image":false,"_uag_custom_page_level_css":"","footnotes":""},"class_list":["post-38955","page","type-page","status-publish"],"acf":[],"yoast_head":"<!-- This site is optimized with the Yoast SEO Premium plugin v26.9 (Yoast SEO v27.0) - https:\/\/yoast.com\/product\/yoast-seo-premium-wordpress\/ -->\n<title>Om oss &#8211; SkyPlanner<\/title>\n<meta name=\"robots\" content=\"index, follow, max-snippet:-1, max-image-preview:large, max-video-preview:-1\" \/>\n<link rel=\"canonical\" href=\"https:\/\/skyplanner.ai\/no\/om-oss\/\" \/>\n<meta property=\"og:locale\" content=\"nb_NO\" \/>\n<meta property=\"og:type\" content=\"article\" \/>\n<meta property=\"og:title\" content=\"Om oss\" \/>\n<meta property=\"og:description\" content=\"Om oss &laquo;Menneskehjernen er ikke konstruert for \u00e5 planlegge hundrevis eller tusenvis av oppgaver manuelt i en fabrikk. De egner seg bedre til \u00e5 g\u00e5 i naturen enn til planlegging av produksjon.&laquo; SkyPlanner APS er drevet av kunstig intelligens og er den mest moderne programvaren for produksjonsplanlegging p\u00e5 markedet. Den er enkel \u00e5 sette opp ... Les mer\" \/>\n<meta property=\"og:url\" content=\"https:\/\/skyplanner.ai\/no\/om-oss\/\" \/>\n<meta property=\"og:site_name\" content=\"SkyPlanner\" \/>\n<meta property=\"article:modified_time\" content=\"2025-12-08T09:02:18+00:00\" \/>\n<meta property=\"og:image\" content=\"https:\/\/skyplanner.ai\/wp-content\/uploads\/2024\/06\/about_us.jpeg\" \/>\n\t<meta property=\"og:image:width\" content=\"1280\" \/>\n\t<meta property=\"og:image:height\" content=\"853\" \/>\n\t<meta property=\"og:image:type\" content=\"image\/jpeg\" \/>\n<meta name=\"twitter:card\" content=\"summary_large_image\" \/>\n<meta name=\"twitter:label1\" content=\"Ansl. lesetid\" \/>\n\t<meta name=\"twitter:data1\" content=\"4 minutter\" \/>\n<script type=\"application\/ld+json\" class=\"yoast-schema-graph\">{\"@context\":\"https:\/\/schema.org\",\"@graph\":[{\"@type\":\"WebPage\",\"@id\":\"https:\/\/skyplanner.ai\/no\/om-oss\/\",\"url\":\"https:\/\/skyplanner.ai\/no\/om-oss\/\",\"name\":\"Om oss &#8211; SkyPlanner\",\"isPartOf\":{\"@id\":\"https:\/\/skyplanner.ai\/no\/#website\"},\"primaryImageOfPage\":{\"@id\":\"https:\/\/skyplanner.ai\/no\/om-oss\/#primaryimage\"},\"image\":{\"@id\":\"https:\/\/skyplanner.ai\/no\/om-oss\/#primaryimage\"},\"thumbnailUrl\":\"https:\/\/skyplanner.ai\/wp-content\/uploads\/2024\/06\/about_us-1024x682.jpeg\",\"datePublished\":\"2024-07-02T08:10:29+00:00\",\"dateModified\":\"2025-12-08T09:02:18+00:00\",\"breadcrumb\":{\"@id\":\"https:\/\/skyplanner.ai\/no\/om-oss\/#breadcrumb\"},\"inLanguage\":\"nb-NO\",\"potentialAction\":[{\"@type\":\"ReadAction\",\"target\":[\"https:\/\/skyplanner.ai\/no\/om-oss\/\"]}]},{\"@type\":\"ImageObject\",\"inLanguage\":\"nb-NO\",\"@id\":\"https:\/\/skyplanner.ai\/no\/om-oss\/#primaryimage\",\"url\":\"https:\/\/skyplanner.ai\/wp-content\/uploads\/2024\/06\/about_us-1024x682.jpeg\",\"contentUrl\":\"https:\/\/skyplanner.ai\/wp-content\/uploads\/2024\/06\/about_us-1024x682.jpeg\"},{\"@type\":\"BreadcrumbList\",\"@id\":\"https:\/\/skyplanner.ai\/no\/om-oss\/#breadcrumb\",\"itemListElement\":[{\"@type\":\"ListItem\",\"position\":1,\"name\":\"Home\",\"item\":\"https:\/\/skyplanner.ai\/no\/forsiden\/\"},{\"@type\":\"ListItem\",\"position\":2,\"name\":\"Om oss\"}]},{\"@type\":\"WebSite\",\"@id\":\"https:\/\/skyplanner.ai\/no\/#website\",\"url\":\"https:\/\/skyplanner.ai\/no\/\",\"name\":\"SkyPlanner\",\"description\":\"AI-powered production scheduling and planning software\",\"publisher\":{\"@id\":\"https:\/\/skyplanner.ai\/no\/#organization\"},\"potentialAction\":[{\"@type\":\"SearchAction\",\"target\":{\"@type\":\"EntryPoint\",\"urlTemplate\":\"https:\/\/skyplanner.ai\/no\/?s={search_term_string}\"},\"query-input\":{\"@type\":\"PropertyValueSpecification\",\"valueRequired\":true,\"valueName\":\"search_term_string\"}}],\"inLanguage\":\"nb-NO\"},{\"@type\":\"Organization\",\"@id\":\"https:\/\/skyplanner.ai\/no\/#organization\",\"name\":\"SkyPlanner APS\",\"url\":\"https:\/\/skyplanner.ai\/no\/\",\"logo\":{\"@type\":\"ImageObject\",\"inLanguage\":\"nb-NO\",\"@id\":\"https:\/\/skyplanner.ai\/no\/#\/schema\/logo\/image\/\",\"url\":\"https:\/\/skyplanner.ai\/wp-content\/uploads\/2022\/05\/Skyplanner-logo-2.svg\",\"contentUrl\":\"https:\/\/skyplanner.ai\/wp-content\/uploads\/2022\/05\/Skyplanner-logo-2.svg\",\"width\":223,\"height\":43,\"caption\":\"SkyPlanner APS\"},\"image\":{\"@id\":\"https:\/\/skyplanner.ai\/no\/#\/schema\/logo\/image\/\"},\"sameAs\":[\"https:\/\/www.linkedin.com\/company\/skyplanner-aps\/\",\"https:\/\/www.youtube.com\/@SkyPlannerAPS\",\"https:\/\/www.capterra.com\/p\/265911\/SkyPlanner-APS\/\",\"https:\/\/www.trustradius.com\/products\/skyplanner-aps\/reviews\",\"https:\/\/www.saasworthy.com\/product\/skyplanner-aps\",\"https:\/\/sourceforge.net\/software\/product\/SkyPlanner-APS\/\",\"https:\/\/www.g2.com\/products\/skyplanner-aps\/\",\"https:\/\/www.getapp.com\/project-management-planning-software\/a\/skyplanner-aps\/\",\"https:\/\/www.softwareadvice.com\/cmms\/skyplanner-aps-profile\/\"],\"description\":\"AI-powered production scheduling and planning software for manufacturing\",\"foundingDate\":\"1997\",\"legalName\":\"Skycode Oy\",\"alternateName\":\"SkyPlanner\",\"knowsAbout\":[\"Production Scheduling\",\"Advanced Planning and Scheduling\",\"Manufacturing AI\",\"Finite Capacity Scheduling\",\"ERP Integration\"],\"areaServed\":\"Worldwide\",\"contactPoint\":{\"@type\":\"ContactPoint\",\"contactType\":\"sales\",\"url\":\"https:\/\/skyplanner.ai\/trial\/\"}}]}<\/script>\n<!-- \/ Yoast SEO Premium plugin. -->","yoast_head_json":{"title":"Om oss &#8211; SkyPlanner","robots":{"index":"index","follow":"follow","max-snippet":"max-snippet:-1","max-image-preview":"max-image-preview:large","max-video-preview":"max-video-preview:-1"},"canonical":"https:\/\/skyplanner.ai\/no\/om-oss\/","og_locale":"nb_NO","og_type":"article","og_title":"Om oss","og_description":"Om oss &laquo;Menneskehjernen er ikke konstruert for \u00e5 planlegge hundrevis eller tusenvis av oppgaver manuelt i en fabrikk. De egner seg bedre til \u00e5 g\u00e5 i naturen enn til planlegging av produksjon.&laquo; SkyPlanner APS er drevet av kunstig intelligens og er den mest moderne programvaren for produksjonsplanlegging p\u00e5 markedet. Den er enkel \u00e5 sette opp ... Les mer","og_url":"https:\/\/skyplanner.ai\/no\/om-oss\/","og_site_name":"SkyPlanner","article_modified_time":"2025-12-08T09:02:18+00:00","og_image":[{"width":1280,"height":853,"url":"https:\/\/skyplanner.ai\/wp-content\/uploads\/2024\/06\/about_us.jpeg","type":"image\/jpeg"}],"twitter_card":"summary_large_image","twitter_misc":{"Ansl. lesetid":"4 minutter"},"schema":{"@context":"https:\/\/schema.org","@graph":[{"@type":"WebPage","@id":"https:\/\/skyplanner.ai\/no\/om-oss\/","url":"https:\/\/skyplanner.ai\/no\/om-oss\/","name":"Om oss &#8211; SkyPlanner","isPartOf":{"@id":"https:\/\/skyplanner.ai\/no\/#website"},"primaryImageOfPage":{"@id":"https:\/\/skyplanner.ai\/no\/om-oss\/#primaryimage"},"image":{"@id":"https:\/\/skyplanner.ai\/no\/om-oss\/#primaryimage"},"thumbnailUrl":"https:\/\/skyplanner.ai\/wp-content\/uploads\/2024\/06\/about_us-1024x682.jpeg","datePublished":"2024-07-02T08:10:29+00:00","dateModified":"2025-12-08T09:02:18+00:00","breadcrumb":{"@id":"https:\/\/skyplanner.ai\/no\/om-oss\/#breadcrumb"},"inLanguage":"nb-NO","potentialAction":[{"@type":"ReadAction","target":["https:\/\/skyplanner.ai\/no\/om-oss\/"]}]},{"@type":"ImageObject","inLanguage":"nb-NO","@id":"https:\/\/skyplanner.ai\/no\/om-oss\/#primaryimage","url":"https:\/\/skyplanner.ai\/wp-content\/uploads\/2024\/06\/about_us-1024x682.jpeg","contentUrl":"https:\/\/skyplanner.ai\/wp-content\/uploads\/2024\/06\/about_us-1024x682.jpeg"},{"@type":"BreadcrumbList","@id":"https:\/\/skyplanner.ai\/no\/om-oss\/#breadcrumb","itemListElement":[{"@type":"ListItem","position":1,"name":"Home","item":"https:\/\/skyplanner.ai\/no\/forsiden\/"},{"@type":"ListItem","position":2,"name":"Om oss"}]},{"@type":"WebSite","@id":"https:\/\/skyplanner.ai\/no\/#website","url":"https:\/\/skyplanner.ai\/no\/","name":"SkyPlanner","description":"AI-powered production scheduling and planning software","publisher":{"@id":"https:\/\/skyplanner.ai\/no\/#organization"},"potentialAction":[{"@type":"SearchAction","target":{"@type":"EntryPoint","urlTemplate":"https:\/\/skyplanner.ai\/no\/?s={search_term_string}"},"query-input":{"@type":"PropertyValueSpecification","valueRequired":true,"valueName":"search_term_string"}}],"inLanguage":"nb-NO"},{"@type":"Organization","@id":"https:\/\/skyplanner.ai\/no\/#organization","name":"SkyPlanner APS","url":"https:\/\/skyplanner.ai\/no\/","logo":{"@type":"ImageObject","inLanguage":"nb-NO","@id":"https:\/\/skyplanner.ai\/no\/#\/schema\/logo\/image\/","url":"https:\/\/skyplanner.ai\/wp-content\/uploads\/2022\/05\/Skyplanner-logo-2.svg","contentUrl":"https:\/\/skyplanner.ai\/wp-content\/uploads\/2022\/05\/Skyplanner-logo-2.svg","width":223,"height":43,"caption":"SkyPlanner APS"},"image":{"@id":"https:\/\/skyplanner.ai\/no\/#\/schema\/logo\/image\/"},"sameAs":["https:\/\/www.linkedin.com\/company\/skyplanner-aps\/","https:\/\/www.youtube.com\/@SkyPlannerAPS","https:\/\/www.capterra.com\/p\/265911\/SkyPlanner-APS\/","https:\/\/www.trustradius.com\/products\/skyplanner-aps\/reviews","https:\/\/www.saasworthy.com\/product\/skyplanner-aps","https:\/\/sourceforge.net\/software\/product\/SkyPlanner-APS\/","https:\/\/www.g2.com\/products\/skyplanner-aps\/","https:\/\/www.getapp.com\/project-management-planning-software\/a\/skyplanner-aps\/","https:\/\/www.softwareadvice.com\/cmms\/skyplanner-aps-profile\/"],"description":"AI-powered production scheduling and planning software for manufacturing","foundingDate":"1997","legalName":"Skycode Oy","alternateName":"SkyPlanner","knowsAbout":["Production Scheduling","Advanced Planning and Scheduling","Manufacturing AI","Finite Capacity Scheduling","ERP Integration"],"areaServed":"Worldwide","contactPoint":{"@type":"ContactPoint","contactType":"sales","url":"https:\/\/skyplanner.ai\/trial\/"}}]}},"uagb_featured_image_src":{"full":false,"thumbnail":false,"medium":false,"medium_large":false,"large":false,"1536x1536":false,"2048x2048":false,"betterdocs-category-thumb":false},"uagb_author_info":{"display_name":"skyplanner","author_link":"https:\/\/skyplanner.ai\/no\/author\/skyplanner\/"},"uagb_comment_info":0,"uagb_excerpt":"Om oss &laquo;Menneskehjernen er ikke konstruert for \u00e5 planlegge hundrevis eller tusenvis av oppgaver manuelt i en fabrikk. De egner seg bedre til \u00e5 g\u00e5 i naturen enn til planlegging av produksjon.&laquo; SkyPlanner APS er drevet av kunstig intelligens og er den mest moderne programvaren for produksjonsplanlegging p\u00e5 markedet. Den er enkel \u00e5 sette opp&hellip;","_links":{"self":[{"href":"https:\/\/skyplanner.ai\/no\/wp-json\/wp\/v2\/pages\/38955","targetHints":{"allow":["GET"]}}],"collection":[{"href":"https:\/\/skyplanner.ai\/no\/wp-json\/wp\/v2\/pages"}],"about":[{"href":"https:\/\/skyplanner.ai\/no\/wp-json\/wp\/v2\/types\/page"}],"author":[{"embeddable":true,"href":"https:\/\/skyplanner.ai\/no\/wp-json\/wp\/v2\/users\/1"}],"replies":[{"embeddable":true,"href":"https:\/\/skyplanner.ai\/no\/wp-json\/wp\/v2\/comments?post=38955"}],"version-history":[{"count":0,"href":"https:\/\/skyplanner.ai\/no\/wp-json\/wp\/v2\/pages\/38955\/revisions"}],"wp:attachment":[{"href":"https:\/\/skyplanner.ai\/no\/wp-json\/wp\/v2\/media?parent=38955"}],"curies":[{"name":"wp","href":"https:\/\/api.w.org\/{rel}","templated":true}]}}