{"id":35926,"date":"2024-07-02T08:10:29","date_gmt":"2024-07-02T08:10:29","guid":{"rendered":"https:\/\/skyplanner.ai\/about-us\/"},"modified":"2025-12-08T08:54:30","modified_gmt":"2025-12-08T08:54:30","slug":"about-us","status":"publish","type":"page","link":"https:\/\/skyplanner.ai\/it\/about-us\/","title":{"rendered":"About us"},"content":{"rendered":"<div class=\"gb-container gb-container-95f3ac01\">\n<div class=\"gb-container gb-container-8106c6a2\">\n<div class=\"gb-container gb-container-865de0eb\"><div class=\"gb-inside-container\">\n\n<div class=\"wp-block-columns is-layout-flex wp-container-core-columns-is-layout-9d6595d7 wp-block-columns-is-layout-flex\">\n<div class=\"wp-block-column is-layout-flow wp-block-column-is-layout-flow\" style=\"flex-basis:50%\"><div class=\"gb-container gb-container-906e61dc\">\n\n<figure class=\"wp-block-image size-large rounded is-style-default\"><img decoding=\"async\" width=\"1024\" height=\"682\" src=\"https:\/\/skyplanner.ai\/wp-content\/uploads\/2024\/06\/about_us-1024x682.jpeg\" alt=\"\" class=\"wp-image-34962\" srcset=\"https:\/\/skyplanner.ai\/wp-content\/uploads\/2024\/06\/about_us-1024x682.jpeg 1024w, https:\/\/skyplanner.ai\/wp-content\/uploads\/2024\/06\/about_us-300x200.jpeg 300w, https:\/\/skyplanner.ai\/wp-content\/uploads\/2024\/06\/about_us-768x512.jpeg 768w, https:\/\/skyplanner.ai\/wp-content\/uploads\/2024\/06\/about_us.jpeg 1280w\" sizes=\"(max-width: 1024px) 100vw, 1024px\" \/><\/figure>\n\n<\/div><\/div>\n\n\n\n<div class=\"wp-block-column is-layout-flow wp-block-column-is-layout-flow\" style=\"flex-basis:50%\"><div class=\"gb-container gb-container-fd442b94\">\n<div class=\"gb-container gb-container-fbdc6dd0\">\n\n<h2 class=\"wp-block-heading has-text-align-center\" id=\"h-about-us\">About us<\/h2>\n\n\n\n<p class=\"has-text-align-center has-medium-font-size\"><em>&#8220;Il cervello umano non \u00e8 progettato per programmare manualmente centinaia o migliaia di attivit\u00e0 in una fabbrica. Sono pi\u00f9 adatte alle passeggiate nella natura che alla programmazione.<\/em>.<em>&#8220;<\/em><\/p>\n\n\n\n<p class=\"has-text-align-center\" style=\"font-size:24px\">Grazie all&#8217;intelligenza artificiale, SkyPlanner APS \u00e8 il software di pianificazione della produzione pi\u00f9 moderno sul mercato. \u00c8 facile da configurare e semplice da usare.<\/p>\n\n<\/div>\n<\/div><\/div>\n<\/div>\n\n<\/div><\/div>\n<\/div>\n<\/div><div class=\"gb-container gb-container-86a83528\">\n<div class=\"gb-grid-wrapper gb-grid-wrapper-88ba9f7d\">\n<div class=\"gb-grid-column gb-grid-column-7ab1e934\"><div class=\"gb-container gb-container-7ab1e934 backglow\">\n<div class=\"gb-container gb-container-a24ec307\">\n\n<h2 class=\"wp-block-heading has-text-align-center has-text-color\" id=\"h-2100\" style=\"color:#303af2;font-size:62px;font-style:normal;font-weight:900\">2100+<\/h2>\n\n\n\n<p class=\"has-text-align-center\">Installazioni di SkyPlanner<\/p>\n\n<\/div>\n<\/div><\/div>\n\n<div class=\"gb-grid-column gb-grid-column-a785d916\"><div class=\"gb-container gb-container-a785d916 backglow\">\n<div class=\"gb-container gb-container-ae6908c2\">\n\n<h2 class=\"wp-block-heading has-text-align-center has-text-color\" id=\"h-27\" style=\"color:#303af2;font-size:62px;font-style:normal;font-weight:900\">27<\/h2>\n\n\n\n<p class=\"has-text-align-center\">Anni di esperienza<\/p>\n\n<\/div>\n<\/div><\/div>\n\n<div class=\"gb-grid-column gb-grid-column-f284d427\"><div class=\"gb-container gb-container-f284d427 backglow\">\n<div class=\"gb-container gb-container-c7572b69\">\n\n<h2 class=\"wp-block-heading has-text-align-center has-text-color\" id=\"h-21\" style=\"color:#303af2;font-size:62px;font-style:normal;font-weight:900\">21<\/h2>\n\n\n\n<p class=\"has-text-align-center\">Paesi con esperti SkyPlanner<\/p>\n\n<\/div>\n<\/div><\/div>\n<\/div>\n<\/div><div class=\"gb-container gb-container-6e686c8f\">\n\n<figure class=\"wp-block-embed is-type-video is-provider-youtube wp-block-embed-youtube wp-embed-aspect-16-9 wp-has-aspect-ratio\"><div class=\"wp-block-embed__wrapper\">\n<iframe title=\"SkyPlanner&#039;s team and office\" width=\"1200\" height=\"675\" src=\"https:\/\/www.youtube.com\/embed\/SFdpNPCmlks?feature=oembed\" frameborder=\"0\" allow=\"accelerometer; autoplay; clipboard-write; encrypted-media; gyroscope; picture-in-picture; web-share\" referrerpolicy=\"strict-origin-when-cross-origin\" allowfullscreen><\/iframe>\n<\/div><\/figure>\n\n<\/div><div class=\"gb-container gb-container-0ee67634\">\n<div class=\"gb-container gb-container-548ede57\">\n\n<div class=\"wp-block-columns is-layout-flex wp-container-core-columns-is-layout-9d6595d7 wp-block-columns-is-layout-flex\">\n<div class=\"wp-block-column is-layout-flow wp-block-column-is-layout-flow\"><div class=\"gb-container gb-container-83050036\">\n<div class=\"wp-block-image\">\n<figure class=\"alignright size-full\"><img decoding=\"async\" width=\"959\" height=\"586\" src=\"https:\/\/skyplanner.ai\/wp-content\/uploads\/2024\/06\/skycode.jpeg\" alt=\"\" class=\"wp-image-35021\" srcset=\"https:\/\/skyplanner.ai\/wp-content\/uploads\/2024\/06\/skycode.jpeg 959w, https:\/\/skyplanner.ai\/wp-content\/uploads\/2024\/06\/skycode-300x183.jpeg 300w, https:\/\/skyplanner.ai\/wp-content\/uploads\/2024\/06\/skycode-768x469.jpeg 768w\" sizes=\"(max-width: 959px) 100vw, 959px\" \/><\/figure>\n<\/div>\n<\/div><\/div>\n\n\n\n<div class=\"wp-block-column is-layout-flow wp-block-column-is-layout-flow\"><div class=\"gb-container gb-container-ceaedc69\">\n\n<h2 class=\"wp-block-heading has-x-large-font-size\" id=\"h-our-story\">La nostra storia<\/h2>\n\n\n\n<p>SkyPlanner APS \u00e8 sviluppato dall&#8217;azienda finlandese Skycode Oy e distribuito in tutto il mondo. Non importa in quale parte del mondo si trovi la tua azienda, in quale settore operi o quali siano le sue dimensioni. Noi e la nostra rete di partner internazionali forniamo servizi affidabili e adatti alle esigenze della tua azienda. Se lo desideri, puoi utilizzare SkyPlanner nella tua lingua madre.<\/p>\n\n\n\n<p>La nostra azienda, Skycode Oy, \u00e8 stata fondata 27 anni fa, nel 1997. Siamo specializzati in software personalizzati per il settore e in integrazioni ERP. Questa \u00e8 stata un&#8217;ottima base per lo sviluppo di SkyPlanner, iniziato in collaborazione con i nostri clienti nel 2016.<\/p>\n\n<\/div><\/div>\n<\/div>\n\n<\/div>\n<\/div><div class=\"gb-container gb-container-ecf82a77\">\n<div class=\"gb-container gb-container-c1fd2326\">\n<div class=\"gb-container gb-container-373069a5\">\n<div class=\"gb-grid-wrapper gb-grid-wrapper-ae22fb5f\">\n<div class=\"gb-grid-column gb-grid-column-45002862\"><div class=\"gb-container gb-container-45002862\">\n<div class=\"gb-container gb-container-4fefabbe\">\n\n<h3 class=\"wp-block-heading has-base-3-color has-text-color\" id=\"h-integration\">Integrazione<\/h3>\n\n\n\n<p class=\"has-base-3-color has-text-color\">SkyPlanner include una moderna ed estesa interfaccia API REST per le integrazioni. Puoi creare l&#8217;integrazione da solo, utilizzare il tuo partner di integrazione esistente o ordinare servizi di integrazione a noi. Grazie alla nostra decennale esperienza di integrazione, SkyPlanner pu\u00f2 essere integrato con tutti gli altri software: questa \u00e8 la nostra promessa.<\/p>\n\n<\/div>\n<\/div><\/div>\n\n<div class=\"gb-grid-column gb-grid-column-d65b454d\"><div class=\"gb-container gb-container-d65b454d\">\n<div class=\"gb-container gb-container-e441b4ed\">\n\n<figure class=\"wp-block-image size-full\"><img decoding=\"async\" width=\"301\" height=\"301\" src=\"https:\/\/skyplanner.ai\/wp-content\/uploads\/2023\/12\/e384cf5b3ca8cd9cf46508b95ea672db.png\" alt=\"\" class=\"wp-image-32041\" srcset=\"https:\/\/skyplanner.ai\/wp-content\/uploads\/2023\/12\/e384cf5b3ca8cd9cf46508b95ea672db.png 301w, https:\/\/skyplanner.ai\/wp-content\/uploads\/2023\/12\/e384cf5b3ca8cd9cf46508b95ea672db-150x150.png 150w\" sizes=\"(max-width: 301px) 100vw, 301px\" \/><\/figure>\n\n<\/div>\n<\/div><\/div>\n<\/div>\n<\/div>\n<\/div>\n<\/div><div class=\"gb-container gb-container-34317aad\">\n\n<div class=\"wp-block-columns is-layout-flex wp-container-core-columns-is-layout-9d6595d7 wp-block-columns-is-layout-flex\">\n<div class=\"wp-block-column is-layout-flow wp-block-column-is-layout-flow\"><div class=\"gb-container gb-container-e5ae920d\">\n<div class=\"gb-container gb-container-ff0d9ce2\">\n\n<h3 class=\"wp-block-heading has-text-align-center has-large-font-size\" id=\"h-new-era\"><strong>Nuova era<\/strong><\/h3>\n\n\n\n<p>Anni fa abbiamo notato che i fogli di calcolo erano i leader assoluti del mercato dei software di pianificazione della produzione. Anche tutti gli altri software disponibili si affidavano alla pianificazione manuale della produzione. Tuttavia, a nessuno piaceva la pianificazione manuale della produzione e non erano disponibili alternative sufficientemente valide.<\/p>\n\n\n\n<p>Le fabbriche soffrono di inefficienza e i pianificatori della produzione sono molto stressati quando i programmi di produzione sono subottimali e richiedono comunque una quantit\u00e0 incredibile di tempo per essere creati. Le fabbriche operano al di sotto delle loro capacit\u00e0 e l&#8217;affidabilit\u00e0 delle consegne \u00e8 scarsa.<\/p>\n\n\n\n<p>Fin dall&#8217;inizio abbiamo avuto chiaro che l&#8217;intelligenza artificiale \u00e8 la tecnologia migliore per la programmazione automatica della produzione perch\u00e9 si adatta bene ai requisiti dei vari processi produttivi. Di conseguenza, puoi configurare SkyPlanner per diversi settori e far s\u00ec che tenga conto anche di esigenze particolari senza modificare l&#8217;algoritmo. Sei sempre tu a guidare le operazioni dell&#8217;intelligenza artificiale, perch\u00e9 la collaborazione tra uomo e intelligenza artificiale \u00e8 la combinazione migliore.<\/p>\n\n\n\n<p>L&#8217;intelligenza artificiale \u00e8 anche il modo pi\u00f9 veloce per eseguire questo tipo di calcoli matematici. Per noi la velocit\u00e0 \u00e8 molto importante, quindi l&#8217;intelligenza artificiale che abbiamo sviluppato per SkyPlanner, Arcturus, \u00e8 la pi\u00f9 veloce al mondo per la programmazione della produzione, anche in caso di grandi produzioni.<\/p>\n\n\n\n<p>I fogli di calcolo non sono mai stati il miglior software per l&#8217;ottimizzazione della produzione, ma le persone sono state in grado di utilizzarli autonomamente e di personalizzarli a loro piacimento. Abbiamo reso SkyPlanner ancora pi\u00f9 facile da implementare, senza dover ricorrere a progetti IT estesi e costosi. Puoi iniziare a usare SkyPlanner da oggi stesso attraverso il nostro sito web. Offriamo una vasta libreria di guide e video didattici per aiutarti a imparare il software da solo. Ci fidiamo cos\u00ec tanto del nostro software che puoi provare SkyPlanner con un periodo di prova gratuito prima di decidere l&#8217;acquisto.<\/p>\n\n<\/div>\n<\/div><\/div>\n\n\n\n<div class=\"wp-block-column is-layout-flow wp-block-column-is-layout-flow\"><div class=\"gb-container gb-container-06653eb2\">\n<div class=\"gb-container gb-container-5eba43cc\">\n\n<h3 class=\"wp-block-heading has-text-align-center has-large-font-size\" id=\"h-our-services\"><strong>I nostri servizi<\/strong><\/h3>\n\n\n\n<p class=\"has-text-align-center\">Siamo consapevoli che molti clienti desiderano acquistare la formazione sull&#8217;implementazione da parte dei nostri esperti come servizio aggiuntivo. Alcuni vogliono personalizzazioni e integrazioni su misura per i loro desideri per SkyPlanner. Ti offriamo tutti questi servizi extra con una grande esperienza. Inoltre, la nostra rete internazionale di partner ti serve in quasi tutti i continenti e fusi orari. Contattaci e ti spiegheremo meglio i nostri servizi di esperti.<\/p>\n\n\n\n<p class=\"has-text-align-center\">La nostra organizzazione \u00e8 altamente motivata e vanta una vasta esperienza nel settore. Non sarai mai solo quando userai SkyPlanner. Oltre al materiale formativo, puoi ricevere il nostro supporto tramite chat, videochiamate, e-mail e telefono. Se necessario, organizziamo anche workshop presso gli impianti di produzione dei nostri clienti in tutto il mondo.<\/p>\n\n\n\n<p class=\"has-text-align-center\">Abbiamo messo in questo software non solo la tecnologia ma anche il nostro cuore. Vogliamo essere i migliori al mondo in quello che facciamo e rendere finalmente facile il tuo lavoro di pianificazione della produzione.<\/p>\n\n\n\n<p class=\"has-text-align-center\">Vogliamo fare in modo che nessuna fabbrica debba pi\u00f9 lottare con la pianificazione manuale della produzione.<\/p>\n\n\n\n<p class=\"has-text-align-center\">Sei nel posto giusto se vuoi liberarti della pianificazione manuale della produzione e migliorare la tua efficienza produttiva. SkyPlanner \u00e8 qui per cambiare il futuro delle industrie. Inizia a usare SkyPlanner oggi stesso.<\/p>\n\n<\/div>\n<\/div><\/div>\n<\/div>\n\n<\/div><div class=\"gb-container gb-container-1d2bde4a backglow  pricing\">\n\n<h3 class=\"wp-block-heading\" id=\"h-company-information\">Informazioni sull&#8217;azienda<\/h3>\n\n\n\n<div class=\"wp-block-columns is-layout-flex wp-container-core-columns-is-layout-9d6595d7 wp-block-columns-is-layout-flex\">\n<div class=\"wp-block-column is-layout-flow wp-block-column-is-layout-flow\">\n<p><strong>Nome della societ\u00e0<\/strong><br\/>Skycode Oy<br\/><br\/><strong>ID della societ\u00e0<\/strong><br\/>FI22049470<br\/><br\/><strong>Sede della societ\u00e0<\/strong><br\/>Rantakatu 2 G 11, 65100 Vaasa, Finlandia<br\/><br\/><strong>Numero di telefono della societ\u00e0<\/strong><br\/>+358<a href=\"tel:+358407000002\"> 40 700 0002<\/a><\/p>\n<\/div>\n\n\n\n<div class=\"wp-block-column is-layout-flow wp-block-column-is-layout-flow\">\n<p><strong>Supporto<\/strong><br\/>support@skyplanner.ai<br\/><br\/><strong>Vendite<\/strong><br\/>jussi@skycode.fi<br\/><br\/><strong>Reparto finanziario<\/strong><br\/>niko@skycode.fi<\/p>\n<\/div>\n<\/div>\n\n\n\t\t\t<div \n\t\t\tclass=\"wp-block-uagb-google-map uagb-google-map__wrap uagb-block-c0d340a1     \"\n\t\t\tstyle=\"\" >\n\t\t\t\t<embed\n\t\t\t\t\tclass=\"uagb-google-map__iframe\"\n\t\t\t\t\ttitle=\"Google Map for \"\n\t\t\t\t\tsrc=\"https:\/\/maps.google.com\/maps?q=Skycode%20Rantakatu%202%20G%2011%2C%2065100%20Vaasa&#038;z=12&#038;hl=en&#038;t=m&#038;output=embed&#038;iwloc=near\"\n\t\t\t\t\twidth=\"640\"\n\t\t\t\t\theight=\"300\"\n\t\t\t\t\tloading=\"lazy\"\n\t\t\t\t><\/embed>\n\t\t\t<\/div>\n\t\t\t\n<\/div>","protected":false},"excerpt":{"rendered":"<p>About us &#8220;Il cervello umano non \u00e8 progettato per programmare manualmente centinaia o migliaia di attivit\u00e0 in una fabbrica. Sono pi\u00f9 adatte alle passeggiate nella natura che alla programmazione..&#8220; Grazie all&#8217;intelligenza artificiale, SkyPlanner APS \u00e8 il software di pianificazione della produzione pi\u00f9 moderno sul mercato. \u00c8 facile da configurare e semplice da usare. La nostra &#8230; <a title=\"About us\" class=\"read-more\" href=\"https:\/\/skyplanner.ai\/it\/about-us\/\" aria-label=\"Per saperne di pi\u00f9 su About us\">Leggi tutto<\/a><\/p>\n","protected":false},"author":1,"featured_media":0,"parent":0,"menu_order":0,"comment_status":"closed","ping_status":"closed","template":"","meta":{"inline_featured_image":false,"_uag_custom_page_level_css":"","footnotes":""},"class_list":["post-35926","page","type-page","status-publish"],"acf":[],"yoast_head":"<!-- This site is optimized with the Yoast SEO Premium plugin v26.9 (Yoast SEO v27.0) - https:\/\/yoast.com\/product\/yoast-seo-premium-wordpress\/ -->\n<title>About us &#8211; SkyPlanner<\/title>\n<meta name=\"robots\" content=\"index, follow, max-snippet:-1, max-image-preview:large, max-video-preview:-1\" \/>\n<link rel=\"canonical\" href=\"https:\/\/skyplanner.ai\/it\/about-us\/\" \/>\n<meta property=\"og:locale\" content=\"it_IT\" \/>\n<meta property=\"og:type\" content=\"article\" \/>\n<meta property=\"og:title\" content=\"About us\" \/>\n<meta property=\"og:description\" content=\"About us &#8220;Il cervello umano non \u00e8 progettato per programmare manualmente centinaia o migliaia di attivit\u00e0 in una fabbrica. Sono pi\u00f9 adatte alle passeggiate nella natura che alla programmazione..&#8220; Grazie all&#8217;intelligenza artificiale, SkyPlanner APS \u00e8 il software di pianificazione della produzione pi\u00f9 moderno sul mercato. \u00c8 facile da configurare e semplice da usare. La nostra ... Leggi tutto\" \/>\n<meta property=\"og:url\" content=\"https:\/\/skyplanner.ai\/it\/about-us\/\" \/>\n<meta property=\"og:site_name\" content=\"SkyPlanner\" \/>\n<meta property=\"article:modified_time\" content=\"2025-12-08T08:54:30+00:00\" \/>\n<meta property=\"og:image\" content=\"https:\/\/skyplanner.ai\/wp-content\/uploads\/2024\/06\/about_us.jpeg\" \/>\n\t<meta property=\"og:image:width\" content=\"1280\" \/>\n\t<meta property=\"og:image:height\" content=\"853\" \/>\n\t<meta property=\"og:image:type\" content=\"image\/jpeg\" \/>\n<meta name=\"twitter:card\" content=\"summary_large_image\" \/>\n<meta name=\"twitter:label1\" content=\"Tempo di lettura stimato\" \/>\n\t<meta name=\"twitter:data1\" content=\"4 minuti\" \/>\n<script type=\"application\/ld+json\" class=\"yoast-schema-graph\">{\"@context\":\"https:\/\/schema.org\",\"@graph\":[{\"@type\":\"WebPage\",\"@id\":\"https:\/\/skyplanner.ai\/it\/about-us\/\",\"url\":\"https:\/\/skyplanner.ai\/it\/about-us\/\",\"name\":\"About us &#8211; SkyPlanner\",\"isPartOf\":{\"@id\":\"https:\/\/skyplanner.ai\/it\/#website\"},\"primaryImageOfPage\":{\"@id\":\"https:\/\/skyplanner.ai\/it\/about-us\/#primaryimage\"},\"image\":{\"@id\":\"https:\/\/skyplanner.ai\/it\/about-us\/#primaryimage\"},\"thumbnailUrl\":\"https:\/\/skyplanner.ai\/wp-content\/uploads\/2024\/06\/about_us-1024x682.jpeg\",\"datePublished\":\"2024-07-02T08:10:29+00:00\",\"dateModified\":\"2025-12-08T08:54:30+00:00\",\"breadcrumb\":{\"@id\":\"https:\/\/skyplanner.ai\/it\/about-us\/#breadcrumb\"},\"inLanguage\":\"it-IT\",\"potentialAction\":[{\"@type\":\"ReadAction\",\"target\":[\"https:\/\/skyplanner.ai\/it\/about-us\/\"]}]},{\"@type\":\"ImageObject\",\"inLanguage\":\"it-IT\",\"@id\":\"https:\/\/skyplanner.ai\/it\/about-us\/#primaryimage\",\"url\":\"https:\/\/skyplanner.ai\/wp-content\/uploads\/2024\/06\/about_us-1024x682.jpeg\",\"contentUrl\":\"https:\/\/skyplanner.ai\/wp-content\/uploads\/2024\/06\/about_us-1024x682.jpeg\"},{\"@type\":\"BreadcrumbList\",\"@id\":\"https:\/\/skyplanner.ai\/it\/about-us\/#breadcrumb\",\"itemListElement\":[{\"@type\":\"ListItem\",\"position\":1,\"name\":\"Home\",\"item\":\"https:\/\/skyplanner.ai\/it\/pagina-iniziale\/\"},{\"@type\":\"ListItem\",\"position\":2,\"name\":\"About us\"}]},{\"@type\":\"WebSite\",\"@id\":\"https:\/\/skyplanner.ai\/it\/#website\",\"url\":\"https:\/\/skyplanner.ai\/it\/\",\"name\":\"SkyPlanner\",\"description\":\"AI-powered production scheduling and planning software\",\"publisher\":{\"@id\":\"https:\/\/skyplanner.ai\/it\/#organization\"},\"potentialAction\":[{\"@type\":\"SearchAction\",\"target\":{\"@type\":\"EntryPoint\",\"urlTemplate\":\"https:\/\/skyplanner.ai\/it\/?s={search_term_string}\"},\"query-input\":{\"@type\":\"PropertyValueSpecification\",\"valueRequired\":true,\"valueName\":\"search_term_string\"}}],\"inLanguage\":\"it-IT\"},{\"@type\":\"Organization\",\"@id\":\"https:\/\/skyplanner.ai\/it\/#organization\",\"name\":\"SkyPlanner APS\",\"url\":\"https:\/\/skyplanner.ai\/it\/\",\"logo\":{\"@type\":\"ImageObject\",\"inLanguage\":\"it-IT\",\"@id\":\"https:\/\/skyplanner.ai\/it\/#\/schema\/logo\/image\/\",\"url\":\"https:\/\/skyplanner.ai\/wp-content\/uploads\/2022\/05\/Skyplanner-logo-2.svg\",\"contentUrl\":\"https:\/\/skyplanner.ai\/wp-content\/uploads\/2022\/05\/Skyplanner-logo-2.svg\",\"width\":223,\"height\":43,\"caption\":\"SkyPlanner APS\"},\"image\":{\"@id\":\"https:\/\/skyplanner.ai\/it\/#\/schema\/logo\/image\/\"},\"sameAs\":[\"https:\/\/www.linkedin.com\/company\/skyplanner-aps\/\",\"https:\/\/www.youtube.com\/@SkyPlannerAPS\",\"https:\/\/www.capterra.com\/p\/265911\/SkyPlanner-APS\/\",\"https:\/\/www.trustradius.com\/products\/skyplanner-aps\/reviews\",\"https:\/\/www.saasworthy.com\/product\/skyplanner-aps\",\"https:\/\/sourceforge.net\/software\/product\/SkyPlanner-APS\/\",\"https:\/\/www.g2.com\/products\/skyplanner-aps\/\",\"https:\/\/www.getapp.com\/project-management-planning-software\/a\/skyplanner-aps\/\",\"https:\/\/www.softwareadvice.com\/cmms\/skyplanner-aps-profile\/\"],\"description\":\"AI-powered production scheduling and planning software for manufacturing\",\"foundingDate\":\"1997\",\"legalName\":\"Skycode Oy\",\"alternateName\":\"SkyPlanner\",\"knowsAbout\":[\"Production Scheduling\",\"Advanced Planning and Scheduling\",\"Manufacturing AI\",\"Finite Capacity Scheduling\",\"ERP Integration\"],\"areaServed\":\"Worldwide\",\"contactPoint\":{\"@type\":\"ContactPoint\",\"contactType\":\"sales\",\"url\":\"https:\/\/skyplanner.ai\/trial\/\"}}]}<\/script>\n<!-- \/ Yoast SEO Premium plugin. -->","yoast_head_json":{"title":"About us &#8211; SkyPlanner","robots":{"index":"index","follow":"follow","max-snippet":"max-snippet:-1","max-image-preview":"max-image-preview:large","max-video-preview":"max-video-preview:-1"},"canonical":"https:\/\/skyplanner.ai\/it\/about-us\/","og_locale":"it_IT","og_type":"article","og_title":"About us","og_description":"About us &#8220;Il cervello umano non \u00e8 progettato per programmare manualmente centinaia o migliaia di attivit\u00e0 in una fabbrica. Sono pi\u00f9 adatte alle passeggiate nella natura che alla programmazione..&#8220; Grazie all&#8217;intelligenza artificiale, SkyPlanner APS \u00e8 il software di pianificazione della produzione pi\u00f9 moderno sul mercato. \u00c8 facile da configurare e semplice da usare. La nostra ... Leggi tutto","og_url":"https:\/\/skyplanner.ai\/it\/about-us\/","og_site_name":"SkyPlanner","article_modified_time":"2025-12-08T08:54:30+00:00","og_image":[{"width":1280,"height":853,"url":"https:\/\/skyplanner.ai\/wp-content\/uploads\/2024\/06\/about_us.jpeg","type":"image\/jpeg"}],"twitter_card":"summary_large_image","twitter_misc":{"Tempo di lettura stimato":"4 minuti"},"schema":{"@context":"https:\/\/schema.org","@graph":[{"@type":"WebPage","@id":"https:\/\/skyplanner.ai\/it\/about-us\/","url":"https:\/\/skyplanner.ai\/it\/about-us\/","name":"About us &#8211; SkyPlanner","isPartOf":{"@id":"https:\/\/skyplanner.ai\/it\/#website"},"primaryImageOfPage":{"@id":"https:\/\/skyplanner.ai\/it\/about-us\/#primaryimage"},"image":{"@id":"https:\/\/skyplanner.ai\/it\/about-us\/#primaryimage"},"thumbnailUrl":"https:\/\/skyplanner.ai\/wp-content\/uploads\/2024\/06\/about_us-1024x682.jpeg","datePublished":"2024-07-02T08:10:29+00:00","dateModified":"2025-12-08T08:54:30+00:00","breadcrumb":{"@id":"https:\/\/skyplanner.ai\/it\/about-us\/#breadcrumb"},"inLanguage":"it-IT","potentialAction":[{"@type":"ReadAction","target":["https:\/\/skyplanner.ai\/it\/about-us\/"]}]},{"@type":"ImageObject","inLanguage":"it-IT","@id":"https:\/\/skyplanner.ai\/it\/about-us\/#primaryimage","url":"https:\/\/skyplanner.ai\/wp-content\/uploads\/2024\/06\/about_us-1024x682.jpeg","contentUrl":"https:\/\/skyplanner.ai\/wp-content\/uploads\/2024\/06\/about_us-1024x682.jpeg"},{"@type":"BreadcrumbList","@id":"https:\/\/skyplanner.ai\/it\/about-us\/#breadcrumb","itemListElement":[{"@type":"ListItem","position":1,"name":"Home","item":"https:\/\/skyplanner.ai\/it\/pagina-iniziale\/"},{"@type":"ListItem","position":2,"name":"About us"}]},{"@type":"WebSite","@id":"https:\/\/skyplanner.ai\/it\/#website","url":"https:\/\/skyplanner.ai\/it\/","name":"SkyPlanner","description":"AI-powered production scheduling and planning software","publisher":{"@id":"https:\/\/skyplanner.ai\/it\/#organization"},"potentialAction":[{"@type":"SearchAction","target":{"@type":"EntryPoint","urlTemplate":"https:\/\/skyplanner.ai\/it\/?s={search_term_string}"},"query-input":{"@type":"PropertyValueSpecification","valueRequired":true,"valueName":"search_term_string"}}],"inLanguage":"it-IT"},{"@type":"Organization","@id":"https:\/\/skyplanner.ai\/it\/#organization","name":"SkyPlanner APS","url":"https:\/\/skyplanner.ai\/it\/","logo":{"@type":"ImageObject","inLanguage":"it-IT","@id":"https:\/\/skyplanner.ai\/it\/#\/schema\/logo\/image\/","url":"https:\/\/skyplanner.ai\/wp-content\/uploads\/2022\/05\/Skyplanner-logo-2.svg","contentUrl":"https:\/\/skyplanner.ai\/wp-content\/uploads\/2022\/05\/Skyplanner-logo-2.svg","width":223,"height":43,"caption":"SkyPlanner APS"},"image":{"@id":"https:\/\/skyplanner.ai\/it\/#\/schema\/logo\/image\/"},"sameAs":["https:\/\/www.linkedin.com\/company\/skyplanner-aps\/","https:\/\/www.youtube.com\/@SkyPlannerAPS","https:\/\/www.capterra.com\/p\/265911\/SkyPlanner-APS\/","https:\/\/www.trustradius.com\/products\/skyplanner-aps\/reviews","https:\/\/www.saasworthy.com\/product\/skyplanner-aps","https:\/\/sourceforge.net\/software\/product\/SkyPlanner-APS\/","https:\/\/www.g2.com\/products\/skyplanner-aps\/","https:\/\/www.getapp.com\/project-management-planning-software\/a\/skyplanner-aps\/","https:\/\/www.softwareadvice.com\/cmms\/skyplanner-aps-profile\/"],"description":"AI-powered production scheduling and planning software for manufacturing","foundingDate":"1997","legalName":"Skycode Oy","alternateName":"SkyPlanner","knowsAbout":["Production Scheduling","Advanced Planning and Scheduling","Manufacturing AI","Finite Capacity Scheduling","ERP Integration"],"areaServed":"Worldwide","contactPoint":{"@type":"ContactPoint","contactType":"sales","url":"https:\/\/skyplanner.ai\/trial\/"}}]}},"uagb_featured_image_src":{"full":false,"thumbnail":false,"medium":false,"medium_large":false,"large":false,"1536x1536":false,"2048x2048":false,"betterdocs-category-thumb":false},"uagb_author_info":{"display_name":"skyplanner","author_link":"https:\/\/skyplanner.ai\/it\/author\/skyplanner\/"},"uagb_comment_info":0,"uagb_excerpt":"About us &#8220;Il cervello umano non \u00e8 progettato per programmare manualmente centinaia o migliaia di attivit\u00e0 in una fabbrica. Sono pi\u00f9 adatte alle passeggiate nella natura che alla programmazione..&#8220; Grazie all&#8217;intelligenza artificiale, SkyPlanner APS \u00e8 il software di pianificazione della produzione pi\u00f9 moderno sul mercato. \u00c8 facile da configurare e semplice da usare. La nostra&hellip;","_links":{"self":[{"href":"https:\/\/skyplanner.ai\/it\/wp-json\/wp\/v2\/pages\/35926","targetHints":{"allow":["GET"]}}],"collection":[{"href":"https:\/\/skyplanner.ai\/it\/wp-json\/wp\/v2\/pages"}],"about":[{"href":"https:\/\/skyplanner.ai\/it\/wp-json\/wp\/v2\/types\/page"}],"author":[{"embeddable":true,"href":"https:\/\/skyplanner.ai\/it\/wp-json\/wp\/v2\/users\/1"}],"replies":[{"embeddable":true,"href":"https:\/\/skyplanner.ai\/it\/wp-json\/wp\/v2\/comments?post=35926"}],"version-history":[{"count":0,"href":"https:\/\/skyplanner.ai\/it\/wp-json\/wp\/v2\/pages\/35926\/revisions"}],"wp:attachment":[{"href":"https:\/\/skyplanner.ai\/it\/wp-json\/wp\/v2\/media?parent=35926"}],"curies":[{"name":"wp","href":"https:\/\/api.w.org\/{rel}","templated":true}]}}