{"id":35918,"date":"2024-07-02T08:10:29","date_gmt":"2024-07-02T08:10:29","guid":{"rendered":"https:\/\/skyplanner.ai\/tietoa-meista\/"},"modified":"2025-12-08T08:44:02","modified_gmt":"2025-12-08T08:44:02","slug":"tietoa-meista","status":"publish","type":"page","link":"https:\/\/skyplanner.ai\/fi\/tietoa-meista\/","title":{"rendered":"Tietoa meist\u00e4"},"content":{"rendered":"<div class=\"gb-container gb-container-95f3ac01\">\n<div class=\"gb-container gb-container-8106c6a2\">\n<div class=\"gb-container gb-container-865de0eb\"><div class=\"gb-inside-container\">\n\n<div class=\"wp-block-columns is-layout-flex wp-container-core-columns-is-layout-9d6595d7 wp-block-columns-is-layout-flex\">\n<div class=\"wp-block-column is-layout-flow wp-block-column-is-layout-flow\" style=\"flex-basis:50%\"><div class=\"gb-container gb-container-906e61dc\">\n\n<figure class=\"wp-block-image size-large rounded is-style-default\"><img decoding=\"async\" width=\"1024\" height=\"682\" src=\"https:\/\/skyplanner.ai\/wp-content\/uploads\/2024\/06\/about_us-1024x682.jpeg\" alt=\"\" class=\"wp-image-34962\" srcset=\"https:\/\/skyplanner.ai\/wp-content\/uploads\/2024\/06\/about_us-1024x682.jpeg 1024w, https:\/\/skyplanner.ai\/wp-content\/uploads\/2024\/06\/about_us-300x200.jpeg 300w, https:\/\/skyplanner.ai\/wp-content\/uploads\/2024\/06\/about_us-768x512.jpeg 768w, https:\/\/skyplanner.ai\/wp-content\/uploads\/2024\/06\/about_us.jpeg 1280w\" sizes=\"(max-width: 1024px) 100vw, 1024px\" \/><\/figure>\n\n<\/div><\/div>\n\n\n\n<div class=\"wp-block-column is-layout-flow wp-block-column-is-layout-flow\" style=\"flex-basis:50%\"><div class=\"gb-container gb-container-fd442b94\">\n<div class=\"gb-container gb-container-fbdc6dd0\">\n\n<h2 class=\"wp-block-heading has-text-align-center\" id=\"h-about-us\">Tietoa meist\u00e4<\/h2>\n\n\n\n<p class=\"has-text-align-center has-medium-font-size\"><em>\u201dIhmisaivoja ei ole suunniteltu ajoittamaan tehtaan satoja tai tuhansia teht\u00e4vi\u00e4 manuaalisesti. Ne sopivat paremmin luonnossa liikkumiseen kuin tuotannon ajoittamiseen<\/em>.<em>&#8220;<\/em><\/p>\n\n\n\n<p class=\"has-text-align-center\" style=\"font-size:24px\">Teko\u00e4lyn avulla toimiva SkyPlanner APS on markkinoiden nykyaikaisin tuotannon suunnitteluohjelmisto. Se on helppo asentaa ja k\u00e4ytt\u00e4\u00e4.<\/p>\n\n<\/div>\n<\/div><\/div>\n<\/div>\n\n<\/div><\/div>\n<\/div>\n<\/div><div class=\"gb-container gb-container-86a83528\">\n<div class=\"gb-grid-wrapper gb-grid-wrapper-88ba9f7d\">\n<div class=\"gb-grid-column gb-grid-column-7ab1e934\"><div class=\"gb-container gb-container-7ab1e934 backglow\">\n<div class=\"gb-container gb-container-a24ec307\">\n\n<h2 class=\"wp-block-heading has-text-align-center has-text-color\" id=\"h-2100\" style=\"color:#303af2;font-size:62px;font-style:normal;font-weight:900\">2100+<\/h2>\n\n\n\n<p class=\"has-text-align-center\">SkyPlannerin asennukset<\/p>\n\n<\/div>\n<\/div><\/div>\n\n<div class=\"gb-grid-column gb-grid-column-a785d916\"><div class=\"gb-container gb-container-a785d916 backglow\">\n<div class=\"gb-container gb-container-ae6908c2\">\n\n<h2 class=\"wp-block-heading has-text-align-center has-text-color\" id=\"h-27\" style=\"color:#303af2;font-size:62px;font-style:normal;font-weight:900\">27<\/h2>\n\n\n\n<p class=\"has-text-align-center\">Kokemusvuodet<\/p>\n\n<\/div>\n<\/div><\/div>\n\n<div class=\"gb-grid-column gb-grid-column-f284d427\"><div class=\"gb-container gb-container-f284d427 backglow\">\n<div class=\"gb-container gb-container-c7572b69\">\n\n<h2 class=\"wp-block-heading has-text-align-center has-text-color\" id=\"h-21\" style=\"color:#303af2;font-size:62px;font-style:normal;font-weight:900\">21<\/h2>\n\n\n\n<p class=\"has-text-align-center\">Maat, joissa on SkyPlanner-asiantuntijoita<\/p>\n\n<\/div>\n<\/div><\/div>\n<\/div>\n<\/div><div class=\"gb-container gb-container-6e686c8f\">\n\n<figure class=\"wp-block-embed is-type-video is-provider-youtube wp-block-embed-youtube wp-embed-aspect-16-9 wp-has-aspect-ratio\"><div class=\"wp-block-embed__wrapper\">\n<iframe title=\"SkyPlanner&#039;s team and office\" width=\"1200\" height=\"675\" src=\"https:\/\/www.youtube.com\/embed\/SFdpNPCmlks?feature=oembed\" frameborder=\"0\" allow=\"accelerometer; autoplay; clipboard-write; encrypted-media; gyroscope; picture-in-picture; web-share\" referrerpolicy=\"strict-origin-when-cross-origin\" allowfullscreen><\/iframe>\n<\/div><\/figure>\n\n<\/div><div class=\"gb-container gb-container-0ee67634\">\n<div class=\"gb-container gb-container-548ede57\">\n\n<div class=\"wp-block-columns is-layout-flex wp-container-core-columns-is-layout-9d6595d7 wp-block-columns-is-layout-flex\">\n<div class=\"wp-block-column is-layout-flow wp-block-column-is-layout-flow\"><div class=\"gb-container gb-container-83050036\">\n<div class=\"wp-block-image\">\n<figure class=\"alignright size-full\"><img decoding=\"async\" width=\"959\" height=\"586\" src=\"https:\/\/skyplanner.ai\/wp-content\/uploads\/2024\/06\/skycode.jpeg\" alt=\"\" class=\"wp-image-35021\" srcset=\"https:\/\/skyplanner.ai\/wp-content\/uploads\/2024\/06\/skycode.jpeg 959w, https:\/\/skyplanner.ai\/wp-content\/uploads\/2024\/06\/skycode-300x183.jpeg 300w, https:\/\/skyplanner.ai\/wp-content\/uploads\/2024\/06\/skycode-768x469.jpeg 768w\" sizes=\"(max-width: 959px) 100vw, 959px\" \/><\/figure>\n<\/div>\n<\/div><\/div>\n\n\n\n<div class=\"wp-block-column is-layout-flow wp-block-column-is-layout-flow\"><div class=\"gb-container gb-container-ceaedc69\">\n\n<h2 class=\"wp-block-heading has-x-large-font-size\" id=\"h-our-story\">Meid\u00e4n tarinamme<\/h2>\n\n\n\n<p>SkyPlanner APS on suomalaisen Skycode Oy:n kehitt\u00e4m\u00e4 ja maailmanlaajuisesti jakelema. Sill\u00e4 ei ole merkityst\u00e4, miss\u00e4 p\u00e4in maailmaa yrityksesi sijaitsee, mill\u00e4 alalla toimit tai mink\u00e4 kokoinen yrityksesi on. Me ja kansainv\u00e4linen kumppaniverkostomme tarjoamme luotettavia, yrityksesi tarpeisiin r\u00e4\u00e4t\u00e4l\u00f6ityj\u00e4 palveluja. Voit halutessasi k\u00e4ytt\u00e4\u00e4 SkyPlanneria omalla \u00e4idinkielell\u00e4si.<\/p>\n\n\n\n<p>Yrityksemme Skycode Oy perustettiin 27 vuotta sitten vuonna 1997. Olemme erikoistuneet alan r\u00e4\u00e4t\u00e4l\u00f6ityihin ohjelmistoihin ja ERP-integraatioihin. T\u00e4m\u00e4 oli erinomainen perusta SkyPlannerin kehitt\u00e4miselle, joka aloitettiin yhteisty\u00f6ss\u00e4 asiakkaidemme kanssa vuonna 2016.<\/p>\n\n<\/div><\/div>\n<\/div>\n\n<\/div>\n<\/div><div class=\"gb-container gb-container-ecf82a77\">\n<div class=\"gb-container gb-container-c1fd2326\">\n<div class=\"gb-container gb-container-373069a5\">\n<div class=\"gb-grid-wrapper gb-grid-wrapper-ae22fb5f\">\n<div class=\"gb-grid-column gb-grid-column-45002862\"><div class=\"gb-container gb-container-45002862\">\n<div class=\"gb-container gb-container-4fefabbe\">\n\n<h3 class=\"wp-block-heading has-base-3-color has-text-color\" id=\"h-integration\">Integrointi<\/h3>\n\n\n\n<p class=\"has-base-3-color has-text-color\">SkyPlanner sis\u00e4lt\u00e4\u00e4 modernin ja laajan REST API -rajapinnan integraatioita varten. Voit luoda integraation itse, k\u00e4ytt\u00e4\u00e4 olemassa olevaa integraatiokumppania tai tilata meilt\u00e4 integraatiopalveluja. Vuosikymmenten integraatiokokemuksemme ansiosta SkyPlanner voidaan integroida kaikkiin muihin ohjelmistoihin &#8211; se on lupauksemme.<\/p>\n\n<\/div>\n<\/div><\/div>\n\n<div class=\"gb-grid-column gb-grid-column-d65b454d\"><div class=\"gb-container gb-container-d65b454d\">\n<div class=\"gb-container gb-container-e441b4ed\">\n\n<figure class=\"wp-block-image size-full\"><img decoding=\"async\" width=\"301\" height=\"301\" src=\"https:\/\/skyplanner.ai\/wp-content\/uploads\/2023\/12\/e384cf5b3ca8cd9cf46508b95ea672db.png\" alt=\"\" class=\"wp-image-32041\" srcset=\"https:\/\/skyplanner.ai\/wp-content\/uploads\/2023\/12\/e384cf5b3ca8cd9cf46508b95ea672db.png 301w, https:\/\/skyplanner.ai\/wp-content\/uploads\/2023\/12\/e384cf5b3ca8cd9cf46508b95ea672db-150x150.png 150w\" sizes=\"(max-width: 301px) 100vw, 301px\" \/><\/figure>\n\n<\/div>\n<\/div><\/div>\n<\/div>\n<\/div>\n<\/div>\n<\/div><div class=\"gb-container gb-container-34317aad\">\n\n<div class=\"wp-block-columns is-layout-flex wp-container-core-columns-is-layout-9d6595d7 wp-block-columns-is-layout-flex\">\n<div class=\"wp-block-column is-layout-flow wp-block-column-is-layout-flow\"><div class=\"gb-container gb-container-e5ae920d\">\n<div class=\"gb-container gb-container-ff0d9ce2\">\n\n<h3 class=\"wp-block-heading has-text-align-center has-large-font-size\" id=\"h-new-era\"><strong>Uusi aikakausi<\/strong><\/h3>\n\n\n\n<p>Vuosia sitten huomasimme, ett\u00e4 taulukkolaskentaohjelmistot olivat tuotannon suunnitteluohjelmistojen ehdoton markkinajohtaja. My\u00f6s kaikki muut saatavilla olevat ohjelmistot perustuivat yleens\u00e4 manuaaliseen tuotannon suunnitteluun. Kukaan ei kuitenkaan pit\u00e4nyt manuaalisesta tuotannonsuunnittelusta, eik\u00e4 riitt\u00e4v\u00e4n hyvi\u00e4 vaihtoehtoja ollut saatavilla.<\/p>\n\n\n\n<p>Tehtaat kokevat tehottomuutta, ja tuotantosuunnittelijat kohtaavat paljon stressi\u00e4, kun tuotantoaikataulut ovat ep\u00e4optimaalisia ja niiden laatiminen vie silti uskomattoman paljon aikaa. Tehtaat toimivat vajaakapasiteetilla, ja tilausten toimitusvarmuus on heikko.<\/p>\n\n\n\n<p>Meill\u00e4 oli alusta alkaen selke\u00e4 n\u00e4kemys siit\u00e4, ett\u00e4 teko\u00e4ly on paras teknologia automaattiseen tuotannon aikataulutukseen, koska se mukautuu hyvin erilaisten tuotantoprosessien vaatimuksiin. T\u00e4m\u00e4n ansiosta voit m\u00e4\u00e4ritt\u00e4\u00e4 SkyPlannerin eri toimialoille ja saada sen ottamaan huomioon ainutlaatuisetkin tarpeet muuttamatta algoritmia. Sin\u00e4 johdat edelleen teko\u00e4lyn toimintaa, sill\u00e4 ihmisen ja teko\u00e4lyn yhteisty\u00f6 on paras yhdistelm\u00e4.<\/p>\n\n\n\n<p>Teko\u00e4ly on my\u00f6s nopein tapa suorittaa t\u00e4llaisia matemaattisia laskutoimituksia. Pid\u00e4mme nopeutta eritt\u00e4in t\u00e4rke\u00e4n\u00e4, joten SkyPlanneria varten kehitt\u00e4m\u00e4mme teko\u00e4ly, Arcturus, on maailman nopein teko\u00e4ly tuotannon aikataulutukseen, jopa suurissa tuotannoissa.<\/p>\n\n\n\n<p>Taulukkolaskentaohjelmat eiv\u00e4t ole koskaan olleet parhaita ohjelmistoja tuotannon optimointiin, mutta ihmiset ovat pystyneet ottamaan ne itse k\u00e4ytt\u00f6\u00f6n ja muokkaamaan niit\u00e4 haluamallaan tavalla. Olemme tehneet SkyPlannerin k\u00e4ytt\u00f6\u00f6notosta entist\u00e4kin helpompaa ilman laajoja ja kalliita IT-projekteja. Voit aloittaa SkyPlannerin k\u00e4yt\u00f6n jo t\u00e4n\u00e4\u00e4n verkkosivustomme kautta. Tarjoamme laajan kirjaston oppaita ja opetusvideoita, joiden avulla voit oppia ohjelmiston omatoimisesti. Luotamme ohjelmistoomme niin paljon, ett\u00e4 voit kokeilla SkyPlanneria ilmaisella kokeilujaksolla ennen ostop\u00e4\u00e4t\u00f6ksen tekemist\u00e4.<\/p>\n\n<\/div>\n<\/div><\/div>\n\n\n\n<div class=\"wp-block-column is-layout-flow wp-block-column-is-layout-flow\"><div class=\"gb-container gb-container-06653eb2\">\n<div class=\"gb-container gb-container-5eba43cc\">\n\n<h3 class=\"wp-block-heading has-text-align-center has-large-font-size\" id=\"h-our-services\"><strong>Palvelumme<\/strong><\/h3>\n\n\n\n<p class=\"has-text-align-center\">Ymm\u00e4rr\u00e4mme, ett\u00e4 monet asiakkaat haluavat ostaa asiantuntijoiltamme k\u00e4ytt\u00f6\u00f6nottokoulutusta lis\u00e4palveluna. Jotkut haluavat r\u00e4\u00e4t\u00e4l\u00f6intej\u00e4 ja integraatioita, jotka on r\u00e4\u00e4t\u00e4l\u00f6ity heid\u00e4n toiveidensa mukaisesti SkyPlanneriin. Tarjoamme sinulle kaikki n\u00e4m\u00e4 lis\u00e4palvelut runsaalla kokemuksella. Lis\u00e4ksi kansainv\u00e4linen kumppaniverkostomme palvelee sinua l\u00e4hes kaikilla mantereilla ja aikavy\u00f6hykkeill\u00e4. Ota yhteytt\u00e4, niin kerromme lis\u00e4\u00e4 asiantuntijapalveluistamme.<\/p>\n\n\n\n<p class=\"has-text-align-center\">Organisaatiomme on eritt\u00e4in motivoitunut ja sill\u00e4 on laaja kokemus alalta. Et ole koskaan yksin SkyPlanneria k\u00e4ytt\u00e4ess\u00e4si. Koulutusmateriaalin lis\u00e4ksi saat my\u00f6s tukea chatin, videopuhelun, s\u00e4hk\u00f6postin ja puhelimen v\u00e4lityksell\u00e4. J\u00e4rjest\u00e4mme tarvittaessa my\u00f6s ty\u00f6pajoja asiakkaidemme tuotantolaitoksissa ymp\u00e4ri maailmaa.<\/p>\n\n\n\n<p class=\"has-text-align-center\">Olemme panostaneet t\u00e4h\u00e4n ohjelmistoon tekniikan lis\u00e4ksi my\u00f6s syd\u00e4memme. Haluamme olla maailman parhaita siin\u00e4, mit\u00e4 teemme, ja tehd\u00e4 ty\u00f6st\u00e4si tuotannon suunnittelussa helppoa.<\/p>\n\n\n\n<p class=\"has-text-align-center\">Haluamme varmistaa, ettei yhdenk\u00e4\u00e4n tehtaan tarvitse en\u00e4\u00e4 kamppailla manuaalisen tuotannon suunnittelun kanssa.<\/p>\n\n\n\n<p class=\"has-text-align-center\">Olet tullut oikeaan paikkaan, jos haluat p\u00e4\u00e4st\u00e4 eroon manuaalisesta tuotannonsuunnittelusta ja parantaa tuotannon tehokkuutta. SkyPlanner on tullut muuttamaan teollisuuden tulevaisuutta. Aloita SkyPlannerin k\u00e4ytt\u00f6 jo t\u00e4n\u00e4\u00e4n.<\/p>\n\n<\/div>\n<\/div><\/div>\n<\/div>\n\n<\/div><div class=\"gb-container gb-container-1d2bde4a backglow  pricing\">\n\n<h3 class=\"wp-block-heading\" id=\"h-company-information\">Yrityksen tiedot<\/h3>\n\n\n\n<div class=\"wp-block-columns is-layout-flex wp-container-core-columns-is-layout-9d6595d7 wp-block-columns-is-layout-flex\">\n<div class=\"wp-block-column is-layout-flow wp-block-column-is-layout-flow\">\n<p><strong>Yrityksen nimi<\/strong><br\/>Skycode Oy<br\/><br\/><strong>Y-tunnus<\/strong><br\/>FI22049470<br\/><br\/><strong>Yrityksen kotipaikka<\/strong><br\/>Rantakatu 2 G 11, 65100 Vaasa, Suomi<br\/><br\/><strong>Yrityksen puhelinnumero<\/strong><br\/><a href=\"tel:+358407000002\">+358 40 700 0002<\/a>.<\/p>\n<\/div>\n\n\n\n<div class=\"wp-block-column is-layout-flow wp-block-column-is-layout-flow\">\n<p><strong>Tuki<\/strong><br\/>support@skyplanner.ai<br\/><br\/><strong>Myynti<\/strong><br\/>jussi@skycode.fi<br\/><br\/><strong>Talousosasto<\/strong><br\/>niko@skycode.fi niko@skycode.fi<\/p>\n<\/div>\n<\/div>\n\n\n\t\t\t<div \n\t\t\tclass=\"wp-block-uagb-google-map uagb-google-map__wrap uagb-block-c0d340a1     \"\n\t\t\tstyle=\"\" >\n\t\t\t\t<embed\n\t\t\t\t\tclass=\"uagb-google-map__iframe\"\n\t\t\t\t\ttitle=\"Google Map for \"\n\t\t\t\t\tsrc=\"https:\/\/maps.google.com\/maps?q=Skycode%20Rantakatu%202%20G%2011%2C%2065100%20Vaasa&#038;z=12&#038;hl=en&#038;t=m&#038;output=embed&#038;iwloc=near\"\n\t\t\t\t\twidth=\"640\"\n\t\t\t\t\theight=\"300\"\n\t\t\t\t\tloading=\"lazy\"\n\t\t\t\t><\/embed>\n\t\t\t<\/div>\n\t\t\t\n<\/div>","protected":false},"excerpt":{"rendered":"<p>Tietoa meist\u00e4 \u201dIhmisaivoja ei ole suunniteltu ajoittamaan tehtaan satoja tai tuhansia teht\u00e4vi\u00e4 manuaalisesti. Ne sopivat paremmin luonnossa liikkumiseen kuin tuotannon ajoittamiseen.&#8220; Teko\u00e4lyn avulla toimiva SkyPlanner APS on markkinoiden nykyaikaisin tuotannon suunnitteluohjelmisto. Se on helppo asentaa ja k\u00e4ytt\u00e4\u00e4. Meid\u00e4n tarinamme SkyPlanner APS on suomalaisen Skycode Oy:n kehitt\u00e4m\u00e4 ja maailmanlaajuisesti jakelema. Sill\u00e4 ei ole merkityst\u00e4, miss\u00e4 p\u00e4in &#8230; <a title=\"Tietoa meist\u00e4\" class=\"read-more\" href=\"https:\/\/skyplanner.ai\/fi\/tietoa-meista\/\" aria-label=\"Lue lis\u00e4\u00e4 aiheesta Tietoa meist\u00e4\">Lue lis\u00e4\u00e4<\/a><\/p>\n","protected":false},"author":1,"featured_media":0,"parent":0,"menu_order":0,"comment_status":"closed","ping_status":"closed","template":"","meta":{"inline_featured_image":false,"_uag_custom_page_level_css":"","footnotes":""},"class_list":["post-35918","page","type-page","status-publish"],"acf":[],"yoast_head":"<!-- This site is optimized with the Yoast SEO Premium plugin v26.9 (Yoast SEO v27.0) - https:\/\/yoast.com\/product\/yoast-seo-premium-wordpress\/ -->\n<title>Tietoa meist\u00e4 &#8211; SkyPlanner<\/title>\n<meta name=\"robots\" content=\"index, follow, max-snippet:-1, max-image-preview:large, max-video-preview:-1\" \/>\n<link rel=\"canonical\" href=\"https:\/\/skyplanner.ai\/fi\/tietoa-meista\/\" \/>\n<meta property=\"og:locale\" content=\"fi_FI\" \/>\n<meta property=\"og:type\" content=\"article\" \/>\n<meta property=\"og:title\" content=\"Tietoa meist\u00e4\" \/>\n<meta property=\"og:description\" content=\"Tietoa meist\u00e4 \u201dIhmisaivoja ei ole suunniteltu ajoittamaan tehtaan satoja tai tuhansia teht\u00e4vi\u00e4 manuaalisesti. Ne sopivat paremmin luonnossa liikkumiseen kuin tuotannon ajoittamiseen.&#8220; Teko\u00e4lyn avulla toimiva SkyPlanner APS on markkinoiden nykyaikaisin tuotannon suunnitteluohjelmisto. Se on helppo asentaa ja k\u00e4ytt\u00e4\u00e4. Meid\u00e4n tarinamme SkyPlanner APS on suomalaisen Skycode Oy:n kehitt\u00e4m\u00e4 ja maailmanlaajuisesti jakelema. Sill\u00e4 ei ole merkityst\u00e4, miss\u00e4 p\u00e4in ... Lue lis\u00e4\u00e4\" \/>\n<meta property=\"og:url\" content=\"https:\/\/skyplanner.ai\/fi\/tietoa-meista\/\" \/>\n<meta property=\"og:site_name\" content=\"SkyPlanner\" \/>\n<meta property=\"article:modified_time\" content=\"2025-12-08T08:44:02+00:00\" \/>\n<meta property=\"og:image\" content=\"https:\/\/skyplanner.ai\/wp-content\/uploads\/2024\/06\/about_us.jpeg\" \/>\n\t<meta property=\"og:image:width\" content=\"1280\" \/>\n\t<meta property=\"og:image:height\" content=\"853\" \/>\n\t<meta property=\"og:image:type\" content=\"image\/jpeg\" \/>\n<meta name=\"twitter:card\" content=\"summary_large_image\" \/>\n<meta name=\"twitter:label1\" content=\"Arvioitu lukuaika\" \/>\n\t<meta name=\"twitter:data1\" content=\"3 minutes\" \/>\n<script type=\"application\/ld+json\" class=\"yoast-schema-graph\">{\"@context\":\"https:\/\/schema.org\",\"@graph\":[{\"@type\":\"WebPage\",\"@id\":\"https:\/\/skyplanner.ai\/fi\/tietoa-meista\/\",\"url\":\"https:\/\/skyplanner.ai\/fi\/tietoa-meista\/\",\"name\":\"Tietoa meist\u00e4 &#8211; SkyPlanner\",\"isPartOf\":{\"@id\":\"https:\/\/skyplanner.ai\/fi\/#website\"},\"primaryImageOfPage\":{\"@id\":\"https:\/\/skyplanner.ai\/fi\/tietoa-meista\/#primaryimage\"},\"image\":{\"@id\":\"https:\/\/skyplanner.ai\/fi\/tietoa-meista\/#primaryimage\"},\"thumbnailUrl\":\"https:\/\/skyplanner.ai\/wp-content\/uploads\/2024\/06\/about_us-1024x682.jpeg\",\"datePublished\":\"2024-07-02T08:10:29+00:00\",\"dateModified\":\"2025-12-08T08:44:02+00:00\",\"breadcrumb\":{\"@id\":\"https:\/\/skyplanner.ai\/fi\/tietoa-meista\/#breadcrumb\"},\"inLanguage\":\"fi\",\"potentialAction\":[{\"@type\":\"ReadAction\",\"target\":[\"https:\/\/skyplanner.ai\/fi\/tietoa-meista\/\"]}]},{\"@type\":\"ImageObject\",\"inLanguage\":\"fi\",\"@id\":\"https:\/\/skyplanner.ai\/fi\/tietoa-meista\/#primaryimage\",\"url\":\"https:\/\/skyplanner.ai\/wp-content\/uploads\/2024\/06\/about_us-1024x682.jpeg\",\"contentUrl\":\"https:\/\/skyplanner.ai\/wp-content\/uploads\/2024\/06\/about_us-1024x682.jpeg\"},{\"@type\":\"BreadcrumbList\",\"@id\":\"https:\/\/skyplanner.ai\/fi\/tietoa-meista\/#breadcrumb\",\"itemListElement\":[{\"@type\":\"ListItem\",\"position\":1,\"name\":\"Home\",\"item\":\"https:\/\/skyplanner.ai\/fi\/etusivu\/\"},{\"@type\":\"ListItem\",\"position\":2,\"name\":\"Tietoa meist\u00e4\"}]},{\"@type\":\"WebSite\",\"@id\":\"https:\/\/skyplanner.ai\/fi\/#website\",\"url\":\"https:\/\/skyplanner.ai\/fi\/\",\"name\":\"SkyPlanner\",\"description\":\"AI-powered production scheduling and planning software\",\"publisher\":{\"@id\":\"https:\/\/skyplanner.ai\/fi\/#organization\"},\"potentialAction\":[{\"@type\":\"SearchAction\",\"target\":{\"@type\":\"EntryPoint\",\"urlTemplate\":\"https:\/\/skyplanner.ai\/fi\/?s={search_term_string}\"},\"query-input\":{\"@type\":\"PropertyValueSpecification\",\"valueRequired\":true,\"valueName\":\"search_term_string\"}}],\"inLanguage\":\"fi\"},{\"@type\":\"Organization\",\"@id\":\"https:\/\/skyplanner.ai\/fi\/#organization\",\"name\":\"SkyPlanner APS\",\"url\":\"https:\/\/skyplanner.ai\/fi\/\",\"logo\":{\"@type\":\"ImageObject\",\"inLanguage\":\"fi\",\"@id\":\"https:\/\/skyplanner.ai\/fi\/#\/schema\/logo\/image\/\",\"url\":\"https:\/\/skyplanner.ai\/wp-content\/uploads\/2022\/05\/Skyplanner-logo-2.svg\",\"contentUrl\":\"https:\/\/skyplanner.ai\/wp-content\/uploads\/2022\/05\/Skyplanner-logo-2.svg\",\"width\":223,\"height\":43,\"caption\":\"SkyPlanner APS\"},\"image\":{\"@id\":\"https:\/\/skyplanner.ai\/fi\/#\/schema\/logo\/image\/\"},\"sameAs\":[\"https:\/\/www.linkedin.com\/company\/skyplanner-aps\/\",\"https:\/\/www.youtube.com\/@SkyPlannerAPS\",\"https:\/\/www.capterra.com\/p\/265911\/SkyPlanner-APS\/\",\"https:\/\/www.trustradius.com\/products\/skyplanner-aps\/reviews\",\"https:\/\/www.saasworthy.com\/product\/skyplanner-aps\",\"https:\/\/sourceforge.net\/software\/product\/SkyPlanner-APS\/\",\"https:\/\/www.g2.com\/products\/skyplanner-aps\/\",\"https:\/\/www.getapp.com\/project-management-planning-software\/a\/skyplanner-aps\/\",\"https:\/\/www.softwareadvice.com\/cmms\/skyplanner-aps-profile\/\"],\"description\":\"AI-powered production scheduling and planning software for manufacturing\",\"foundingDate\":\"1997\",\"legalName\":\"Skycode Oy\",\"alternateName\":\"SkyPlanner\",\"knowsAbout\":[\"Production Scheduling\",\"Advanced Planning and Scheduling\",\"Manufacturing AI\",\"Finite Capacity Scheduling\",\"ERP Integration\"],\"areaServed\":\"Worldwide\",\"contactPoint\":{\"@type\":\"ContactPoint\",\"contactType\":\"sales\",\"url\":\"https:\/\/skyplanner.ai\/trial\/\"}}]}<\/script>\n<!-- \/ Yoast SEO Premium plugin. -->","yoast_head_json":{"title":"Tietoa meist\u00e4 &#8211; SkyPlanner","robots":{"index":"index","follow":"follow","max-snippet":"max-snippet:-1","max-image-preview":"max-image-preview:large","max-video-preview":"max-video-preview:-1"},"canonical":"https:\/\/skyplanner.ai\/fi\/tietoa-meista\/","og_locale":"fi_FI","og_type":"article","og_title":"Tietoa meist\u00e4","og_description":"Tietoa meist\u00e4 \u201dIhmisaivoja ei ole suunniteltu ajoittamaan tehtaan satoja tai tuhansia teht\u00e4vi\u00e4 manuaalisesti. Ne sopivat paremmin luonnossa liikkumiseen kuin tuotannon ajoittamiseen.&#8220; Teko\u00e4lyn avulla toimiva SkyPlanner APS on markkinoiden nykyaikaisin tuotannon suunnitteluohjelmisto. Se on helppo asentaa ja k\u00e4ytt\u00e4\u00e4. Meid\u00e4n tarinamme SkyPlanner APS on suomalaisen Skycode Oy:n kehitt\u00e4m\u00e4 ja maailmanlaajuisesti jakelema. Sill\u00e4 ei ole merkityst\u00e4, miss\u00e4 p\u00e4in ... Lue lis\u00e4\u00e4","og_url":"https:\/\/skyplanner.ai\/fi\/tietoa-meista\/","og_site_name":"SkyPlanner","article_modified_time":"2025-12-08T08:44:02+00:00","og_image":[{"width":1280,"height":853,"url":"https:\/\/skyplanner.ai\/wp-content\/uploads\/2024\/06\/about_us.jpeg","type":"image\/jpeg"}],"twitter_card":"summary_large_image","twitter_misc":{"Arvioitu lukuaika":"3 minutes"},"schema":{"@context":"https:\/\/schema.org","@graph":[{"@type":"WebPage","@id":"https:\/\/skyplanner.ai\/fi\/tietoa-meista\/","url":"https:\/\/skyplanner.ai\/fi\/tietoa-meista\/","name":"Tietoa meist\u00e4 &#8211; SkyPlanner","isPartOf":{"@id":"https:\/\/skyplanner.ai\/fi\/#website"},"primaryImageOfPage":{"@id":"https:\/\/skyplanner.ai\/fi\/tietoa-meista\/#primaryimage"},"image":{"@id":"https:\/\/skyplanner.ai\/fi\/tietoa-meista\/#primaryimage"},"thumbnailUrl":"https:\/\/skyplanner.ai\/wp-content\/uploads\/2024\/06\/about_us-1024x682.jpeg","datePublished":"2024-07-02T08:10:29+00:00","dateModified":"2025-12-08T08:44:02+00:00","breadcrumb":{"@id":"https:\/\/skyplanner.ai\/fi\/tietoa-meista\/#breadcrumb"},"inLanguage":"fi","potentialAction":[{"@type":"ReadAction","target":["https:\/\/skyplanner.ai\/fi\/tietoa-meista\/"]}]},{"@type":"ImageObject","inLanguage":"fi","@id":"https:\/\/skyplanner.ai\/fi\/tietoa-meista\/#primaryimage","url":"https:\/\/skyplanner.ai\/wp-content\/uploads\/2024\/06\/about_us-1024x682.jpeg","contentUrl":"https:\/\/skyplanner.ai\/wp-content\/uploads\/2024\/06\/about_us-1024x682.jpeg"},{"@type":"BreadcrumbList","@id":"https:\/\/skyplanner.ai\/fi\/tietoa-meista\/#breadcrumb","itemListElement":[{"@type":"ListItem","position":1,"name":"Home","item":"https:\/\/skyplanner.ai\/fi\/etusivu\/"},{"@type":"ListItem","position":2,"name":"Tietoa meist\u00e4"}]},{"@type":"WebSite","@id":"https:\/\/skyplanner.ai\/fi\/#website","url":"https:\/\/skyplanner.ai\/fi\/","name":"SkyPlanner","description":"AI-powered production scheduling and planning software","publisher":{"@id":"https:\/\/skyplanner.ai\/fi\/#organization"},"potentialAction":[{"@type":"SearchAction","target":{"@type":"EntryPoint","urlTemplate":"https:\/\/skyplanner.ai\/fi\/?s={search_term_string}"},"query-input":{"@type":"PropertyValueSpecification","valueRequired":true,"valueName":"search_term_string"}}],"inLanguage":"fi"},{"@type":"Organization","@id":"https:\/\/skyplanner.ai\/fi\/#organization","name":"SkyPlanner APS","url":"https:\/\/skyplanner.ai\/fi\/","logo":{"@type":"ImageObject","inLanguage":"fi","@id":"https:\/\/skyplanner.ai\/fi\/#\/schema\/logo\/image\/","url":"https:\/\/skyplanner.ai\/wp-content\/uploads\/2022\/05\/Skyplanner-logo-2.svg","contentUrl":"https:\/\/skyplanner.ai\/wp-content\/uploads\/2022\/05\/Skyplanner-logo-2.svg","width":223,"height":43,"caption":"SkyPlanner APS"},"image":{"@id":"https:\/\/skyplanner.ai\/fi\/#\/schema\/logo\/image\/"},"sameAs":["https:\/\/www.linkedin.com\/company\/skyplanner-aps\/","https:\/\/www.youtube.com\/@SkyPlannerAPS","https:\/\/www.capterra.com\/p\/265911\/SkyPlanner-APS\/","https:\/\/www.trustradius.com\/products\/skyplanner-aps\/reviews","https:\/\/www.saasworthy.com\/product\/skyplanner-aps","https:\/\/sourceforge.net\/software\/product\/SkyPlanner-APS\/","https:\/\/www.g2.com\/products\/skyplanner-aps\/","https:\/\/www.getapp.com\/project-management-planning-software\/a\/skyplanner-aps\/","https:\/\/www.softwareadvice.com\/cmms\/skyplanner-aps-profile\/"],"description":"AI-powered production scheduling and planning software for manufacturing","foundingDate":"1997","legalName":"Skycode Oy","alternateName":"SkyPlanner","knowsAbout":["Production Scheduling","Advanced Planning and Scheduling","Manufacturing AI","Finite Capacity Scheduling","ERP Integration"],"areaServed":"Worldwide","contactPoint":{"@type":"ContactPoint","contactType":"sales","url":"https:\/\/skyplanner.ai\/trial\/"}}]}},"uagb_featured_image_src":{"full":false,"thumbnail":false,"medium":false,"medium_large":false,"large":false,"1536x1536":false,"2048x2048":false,"betterdocs-category-thumb":false},"uagb_author_info":{"display_name":"skyplanner","author_link":"https:\/\/skyplanner.ai\/fi\/author\/skyplanner\/"},"uagb_comment_info":0,"uagb_excerpt":"Tietoa meist\u00e4 \u201dIhmisaivoja ei ole suunniteltu ajoittamaan tehtaan satoja tai tuhansia teht\u00e4vi\u00e4 manuaalisesti. Ne sopivat paremmin luonnossa liikkumiseen kuin tuotannon ajoittamiseen.&#8220; Teko\u00e4lyn avulla toimiva SkyPlanner APS on markkinoiden nykyaikaisin tuotannon suunnitteluohjelmisto. Se on helppo asentaa ja k\u00e4ytt\u00e4\u00e4. Meid\u00e4n tarinamme SkyPlanner APS on suomalaisen Skycode Oy:n kehitt\u00e4m\u00e4 ja maailmanlaajuisesti jakelema. Sill\u00e4 ei ole merkityst\u00e4, miss\u00e4 p\u00e4in&hellip;","_links":{"self":[{"href":"https:\/\/skyplanner.ai\/fi\/wp-json\/wp\/v2\/pages\/35918","targetHints":{"allow":["GET"]}}],"collection":[{"href":"https:\/\/skyplanner.ai\/fi\/wp-json\/wp\/v2\/pages"}],"about":[{"href":"https:\/\/skyplanner.ai\/fi\/wp-json\/wp\/v2\/types\/page"}],"author":[{"embeddable":true,"href":"https:\/\/skyplanner.ai\/fi\/wp-json\/wp\/v2\/users\/1"}],"replies":[{"embeddable":true,"href":"https:\/\/skyplanner.ai\/fi\/wp-json\/wp\/v2\/comments?post=35918"}],"version-history":[{"count":0,"href":"https:\/\/skyplanner.ai\/fi\/wp-json\/wp\/v2\/pages\/35918\/revisions"}],"wp:attachment":[{"href":"https:\/\/skyplanner.ai\/fi\/wp-json\/wp\/v2\/media?parent=35918"}],"curies":[{"name":"wp","href":"https:\/\/api.w.org\/{rel}","templated":true}]}}