{"id":35914,"date":"2024-07-02T08:10:29","date_gmt":"2024-07-02T08:10:29","guid":{"rendered":"https:\/\/skyplanner.ai\/meie-kohta\/"},"modified":"2025-12-08T08:43:43","modified_gmt":"2025-12-08T08:43:43","slug":"meie-kohta","status":"publish","type":"page","link":"https:\/\/skyplanner.ai\/et\/meie-kohta\/","title":{"rendered":"Meie kohta"},"content":{"rendered":"<div class=\"gb-container gb-container-95f3ac01\">\n<div class=\"gb-container gb-container-8106c6a2\">\n<div class=\"gb-container gb-container-865de0eb\"><div class=\"gb-inside-container\">\n\n<div class=\"wp-block-columns is-layout-flex wp-container-core-columns-is-layout-9d6595d7 wp-block-columns-is-layout-flex\">\n<div class=\"wp-block-column is-layout-flow wp-block-column-is-layout-flow\" style=\"flex-basis:50%\"><div class=\"gb-container gb-container-906e61dc\">\n\n<figure class=\"wp-block-image size-large rounded is-style-default\"><img decoding=\"async\" width=\"1024\" height=\"682\" src=\"https:\/\/skyplanner.ai\/wp-content\/uploads\/2024\/06\/about_us-1024x682.jpeg\" alt=\"\" class=\"wp-image-34962\" srcset=\"https:\/\/skyplanner.ai\/wp-content\/uploads\/2024\/06\/about_us-1024x682.jpeg 1024w, https:\/\/skyplanner.ai\/wp-content\/uploads\/2024\/06\/about_us-300x200.jpeg 300w, https:\/\/skyplanner.ai\/wp-content\/uploads\/2024\/06\/about_us-768x512.jpeg 768w, https:\/\/skyplanner.ai\/wp-content\/uploads\/2024\/06\/about_us.jpeg 1280w\" sizes=\"(max-width: 1024px) 100vw, 1024px\" \/><\/figure>\n\n<\/div><\/div>\n\n\n\n<div class=\"wp-block-column is-layout-flow wp-block-column-is-layout-flow\" style=\"flex-basis:50%\"><div class=\"gb-container gb-container-fd442b94\">\n<div class=\"gb-container gb-container-fbdc6dd0\">\n\n<h2 class=\"wp-block-heading has-text-align-center\" id=\"h-about-us\">Meie kohta<\/h2>\n\n\n\n<p class=\"has-text-align-center has-medium-font-size\"><em>&#8220;Inimese aju ei ole loodud sadu v\u00f5i tuhandeid \u00fclesandeid k\u00e4sitsi planeerima tehases. Nad sobivad paremini looduses jalutamiseks kui tootmise planeerimiseks.<\/em>.<em>&#8220;<\/em><\/p>\n\n\n\n<p class=\"has-text-align-center\" style=\"font-size:24px\">SkyPlanner APS on tehisintellektile tuginev k\u00f5ige kaasaegsem tootmise planeerimise tarkvara turul. Seda on lihtne seadistada ja kasutada.<\/p>\n\n<\/div>\n<\/div><\/div>\n<\/div>\n\n<\/div><\/div>\n<\/div>\n<\/div><div class=\"gb-container gb-container-86a83528\">\n<div class=\"gb-grid-wrapper gb-grid-wrapper-88ba9f7d\">\n<div class=\"gb-grid-column gb-grid-column-7ab1e934\"><div class=\"gb-container gb-container-7ab1e934 backglow\">\n<div class=\"gb-container gb-container-a24ec307\">\n\n<h2 class=\"wp-block-heading has-text-align-center has-text-color\" id=\"h-2100\" style=\"color:#303af2;font-size:62px;font-style:normal;font-weight:900\">2100+<\/h2>\n\n\n\n<p class=\"has-text-align-center\">SkyPlanneri paigaldused<\/p>\n\n<\/div>\n<\/div><\/div>\n\n<div class=\"gb-grid-column gb-grid-column-a785d916\"><div class=\"gb-container gb-container-a785d916 backglow\">\n<div class=\"gb-container gb-container-ae6908c2\">\n\n<h2 class=\"wp-block-heading has-text-align-center has-text-color\" id=\"h-27\" style=\"color:#303af2;font-size:62px;font-style:normal;font-weight:900\">27<\/h2>\n\n\n\n<p class=\"has-text-align-center\">Aastate pikkune kogemus<\/p>\n\n<\/div>\n<\/div><\/div>\n\n<div class=\"gb-grid-column gb-grid-column-f284d427\"><div class=\"gb-container gb-container-f284d427 backglow\">\n<div class=\"gb-container gb-container-c7572b69\">\n\n<h2 class=\"wp-block-heading has-text-align-center has-text-color\" id=\"h-21\" style=\"color:#303af2;font-size:62px;font-style:normal;font-weight:900\">21<\/h2>\n\n\n\n<p class=\"has-text-align-center\">Riigid koos SkyPlanneri ekspertidega<\/p>\n\n<\/div>\n<\/div><\/div>\n<\/div>\n<\/div><div class=\"gb-container gb-container-6e686c8f\">\n\n<figure class=\"wp-block-embed is-type-video is-provider-youtube wp-block-embed-youtube wp-embed-aspect-16-9 wp-has-aspect-ratio\"><div class=\"wp-block-embed__wrapper\">\n<iframe title=\"SkyPlanner&#039;s team and office\" width=\"1200\" height=\"675\" src=\"https:\/\/www.youtube.com\/embed\/SFdpNPCmlks?feature=oembed\" frameborder=\"0\" allow=\"accelerometer; autoplay; clipboard-write; encrypted-media; gyroscope; picture-in-picture; web-share\" referrerpolicy=\"strict-origin-when-cross-origin\" allowfullscreen><\/iframe>\n<\/div><\/figure>\n\n<\/div><div class=\"gb-container gb-container-0ee67634\">\n<div class=\"gb-container gb-container-548ede57\">\n\n<div class=\"wp-block-columns is-layout-flex wp-container-core-columns-is-layout-9d6595d7 wp-block-columns-is-layout-flex\">\n<div class=\"wp-block-column is-layout-flow wp-block-column-is-layout-flow\"><div class=\"gb-container gb-container-83050036\">\n<div class=\"wp-block-image\">\n<figure class=\"alignright size-full\"><img decoding=\"async\" width=\"959\" height=\"586\" src=\"https:\/\/skyplanner.ai\/wp-content\/uploads\/2024\/06\/skycode.jpeg\" alt=\"\" class=\"wp-image-35021\" srcset=\"https:\/\/skyplanner.ai\/wp-content\/uploads\/2024\/06\/skycode.jpeg 959w, https:\/\/skyplanner.ai\/wp-content\/uploads\/2024\/06\/skycode-300x183.jpeg 300w, https:\/\/skyplanner.ai\/wp-content\/uploads\/2024\/06\/skycode-768x469.jpeg 768w\" sizes=\"(max-width: 959px) 100vw, 959px\" \/><\/figure>\n<\/div>\n<\/div><\/div>\n\n\n\n<div class=\"wp-block-column is-layout-flow wp-block-column-is-layout-flow\"><div class=\"gb-container gb-container-ceaedc69\">\n\n<h2 class=\"wp-block-heading has-x-large-font-size\" id=\"h-our-story\">Meie lugu<\/h2>\n\n\n\n<p>SkyPlanner APS on v\u00e4lja t\u00f6\u00f6tatud Soome ettev\u00f5tte Skycode Oy poolt ja seda levitatakse kogu maailmas. Ei ole oluline, kus maailmas teie ettev\u00f5te asub, millises valdkonnas te tegutsete v\u00f5i kui suur on teie ettev\u00f5te. Meie ja meie rahvusvaheline partnerite v\u00f5rgustik pakume usaldusv\u00e4\u00e4rseid teenuseid, mis on kohandatud teie ettev\u00f5tte vajadustele. Soovi korral saate SkyPlannerit kasutada oma emakeeles.<\/p>\n\n\n\n<p>Meie ettev\u00f5te Skycode Oy asutati 27 aastat tagasi, 1997. aastal. Oleme spetsialiseerunud t\u00f6\u00f6stuse jaoks kohandatud tarkvarale ja ERP-integratsioonidele. See oli suurep\u00e4rane alus SkyPlanneri arendamiseks, mis algas koost\u00f6\u00f6s meie klientidega 2016. aastal.<\/p>\n\n<\/div><\/div>\n<\/div>\n\n<\/div>\n<\/div><div class=\"gb-container gb-container-ecf82a77\">\n<div class=\"gb-container gb-container-c1fd2326\">\n<div class=\"gb-container gb-container-373069a5\">\n<div class=\"gb-grid-wrapper gb-grid-wrapper-ae22fb5f\">\n<div class=\"gb-grid-column gb-grid-column-45002862\"><div class=\"gb-container gb-container-45002862\">\n<div class=\"gb-container gb-container-4fefabbe\">\n\n<h3 class=\"wp-block-heading has-base-3-color has-text-color\" id=\"h-integration\">Integratsioon<\/h3>\n\n\n\n<p class=\"has-base-3-color has-text-color\">SkyPlanner sisaldab kaasaegset ja ulatuslikku REST API-liidest integratsioonide jaoks. V\u00f5ite luua integratsiooni ise, kasutada olemasolevat integratsioonipartnerit v\u00f5i tellida meilt integratsiooniteenuseid. T\u00e4nu meie aastak\u00fcmnete pikkusele integratsioonikogemusele saab SkyPlannerit integreerida k\u00f5igi teiste tarkvaradega &#8211; see on meie lubadus.<\/p>\n\n<\/div>\n<\/div><\/div>\n\n<div class=\"gb-grid-column gb-grid-column-d65b454d\"><div class=\"gb-container gb-container-d65b454d\">\n<div class=\"gb-container gb-container-e441b4ed\">\n\n<figure class=\"wp-block-image size-full\"><img decoding=\"async\" width=\"301\" height=\"301\" src=\"https:\/\/skyplanner.ai\/wp-content\/uploads\/2023\/12\/e384cf5b3ca8cd9cf46508b95ea672db.png\" alt=\"\" class=\"wp-image-32041\" srcset=\"https:\/\/skyplanner.ai\/wp-content\/uploads\/2023\/12\/e384cf5b3ca8cd9cf46508b95ea672db.png 301w, https:\/\/skyplanner.ai\/wp-content\/uploads\/2023\/12\/e384cf5b3ca8cd9cf46508b95ea672db-150x150.png 150w\" sizes=\"(max-width: 301px) 100vw, 301px\" \/><\/figure>\n\n<\/div>\n<\/div><\/div>\n<\/div>\n<\/div>\n<\/div>\n<\/div><div class=\"gb-container gb-container-34317aad\">\n\n<div class=\"wp-block-columns is-layout-flex wp-container-core-columns-is-layout-9d6595d7 wp-block-columns-is-layout-flex\">\n<div class=\"wp-block-column is-layout-flow wp-block-column-is-layout-flow\"><div class=\"gb-container gb-container-e5ae920d\">\n<div class=\"gb-container gb-container-ff0d9ce2\">\n\n<h3 class=\"wp-block-heading has-text-align-center has-large-font-size\" id=\"h-new-era\"><strong>Uus ajastu<\/strong><\/h3>\n\n\n\n<p>Aastaid tagasi m\u00e4rkasime, et tabelarvutustarkvara oli tootmise planeerimise tarkvara absoluutne turuliider. K\u00f5ik teised olemasolevad tarkvarad tuginesid tavaliselt samuti k\u00e4sitsi tootmisplaanimisele. Siiski ei meeldinud kellelegi k\u00e4sitsi tootmise planeerimine ja piisavalt h\u00e4id alternatiive ei olnud.<\/p>\n\n\n\n<p>Tehased on ebat\u00f5husad ja tootmise planeerijad seisavad silmitsi suure stressiga, kui tootmisgraafikud ei ole optimaalsed ja nende koostamine v\u00f5tab ikka veel uskumatult palju aega. Tehased t\u00f6\u00f6tavad alla tootmisv\u00f5imsuse ja tellimuste tarnekindlus on halb.<\/p>\n\n\n\n<p>Algusest peale oli meil selge visioon, et tehisintellekt on parim tehnoloogia automaatse tootmise planeerimise jaoks, sest see kohandub h\u00e4sti erinevate tootmisprotsesside n\u00f5uetega. Selle tulemusena saate SkyPlannerit konfigureerida erinevate t\u00f6\u00f6stusharude jaoks ja lasta tal arvestada isegi unikaalseid vajadusi ilma algoritmi muutmata. Te ikka veel juhite tehisintellekti tegevust, sest inimese ja tehisintellekti koost\u00f6\u00f6 on parim kombinatsioon.<\/p>\n\n\n\n<p>Tehisintellekt on ka kiireim viis selliste matemaatiliste arvutuste tegemiseks. Peame kiirust v\u00e4ga oluliseks, nii et SkyPlanneri jaoks v\u00e4lja t\u00f6\u00f6tatud tehisintellekt Arcturus on maailma kiireim tehisintellekt tootmise planeerimiseks, isegi suurtes toodangutes.<\/p>\n\n\n\n<p>Tabelarvutid ei ole kunagi olnud parim tarkvara tootmise optimeerimiseks, kuid inimesed on suutnud seda ise kasutusele v\u00f5tta ja kohandada seda oma soovide kohaselt. Oleme muutnud SkyPlanneri veelgi lihtsamaks ilma ulatuslike ja kulukate IT-projektideta. V\u00f5ite alustada SkyPlanneri kasutamist juba t\u00e4na meie veebisaidi kaudu. Pakume tohutut raamatukogu juhendeid ja \u00f5ppevideosid, mis aitavad teil tarkvara iseseisvalt \u00f5ppida. Usaldame meie tarkvara nii palju, et saate SkyPlannerit enne ostuotsuse tegemist tasuta prooviperioodi jooksul proovida.<\/p>\n\n<\/div>\n<\/div><\/div>\n\n\n\n<div class=\"wp-block-column is-layout-flow wp-block-column-is-layout-flow\"><div class=\"gb-container gb-container-06653eb2\">\n<div class=\"gb-container gb-container-5eba43cc\">\n\n<h3 class=\"wp-block-heading has-text-align-center has-large-font-size\" id=\"h-our-services\"><strong>Meie teenused<\/strong><\/h3>\n\n\n\n<p class=\"has-text-align-center\">Me m\u00f5istame, et paljud kliendid soovivad osta meie ekspertidelt rakenduskoolitust lisateenusena. M\u00f5ned soovivad SkyPlanneri kohandusi ja integratsioone, mis on kohandatud vastavalt nende soovidele. Pakume teile k\u00f5iki neid lisateenuseid suure kogemusega. Lisaks sellele teenindab meie rahvusvaheline partnerite v\u00f5rgustik teid peaaegu k\u00f5igil kontinentidel ja ajav\u00f6\u00f6ndites. V\u00f5tke meiega \u00fchendust ja me r\u00e4\u00e4gime teile meie ekspertteenustest l\u00e4hemalt.<\/p>\n\n\n\n<p class=\"has-text-align-center\">Meie organisatsioon on v\u00e4ga motiveeritud ja omab ulatuslikku t\u00f6\u00f6stuskogemust. SkyPlannerit kasutades ei ole te kunagi \u00fcksi. Lisaks koolitusmaterjalidele saate meie tuge ka chat&#8217;i, videok\u00f5ne, e-posti ja telefoni teel. Vajadusel korraldame ka t\u00f6\u00f6tubasid meie klientide tootmis\u00fcksustes \u00fcle maailma.<\/p>\n\n\n\n<p class=\"has-text-align-center\">Me ei ole sellesse tarkvarasse pannud mitte ainult tehnoloogiat, vaid ka oma s\u00fcdant. Me tahame olla maailma parimad selles, mida me teeme, ja l\u00f5puks teha teie t\u00f6\u00f6 tootmise planeerimisel lihtsaks.<\/p>\n\n\n\n<p class=\"has-text-align-center\">Me tahame tagada, et \u00fckski tehas ei peaks enam k\u00e4sitsi tootmise planeerimisega v\u00f5itlema.<\/p>\n\n\n\n<p class=\"has-text-align-center\">Olete j\u00f5udnud \u00f5igesse kohta, kui soovite vabaneda manuaalsest tootmise planeerimisest ja parandada oma tootmise t\u00f5husust. SkyPlanner on siin, et muuta t\u00f6\u00f6stuse tulevikku. Alustage SkyPlanneri kasutamist juba t\u00e4na.<\/p>\n\n<\/div>\n<\/div><\/div>\n<\/div>\n\n<\/div><div class=\"gb-container gb-container-1d2bde4a backglow  pricing\">\n\n<h3 class=\"wp-block-heading\" id=\"h-company-information\">Ettev\u00f5tte teave<\/h3>\n\n\n\n<div class=\"wp-block-columns is-layout-flex wp-container-core-columns-is-layout-9d6595d7 wp-block-columns-is-layout-flex\">\n<div class=\"wp-block-column is-layout-flow wp-block-column-is-layout-flow\">\n<p><strong>Ettev\u00f5tte nimi<\/strong><br\/>Skycode Oy<br\/><br\/><strong>Ettev\u00f5tte ID<\/strong><br\/>FI22049470<br\/><br\/><strong>Ettev\u00f5tte peakontor<\/strong><br\/>Rantakatu 2 G 11, 65100 Vaasa, Soome<br\/><br\/><strong>Ettev\u00f5tte telefoninumber<\/strong><br\/><a href=\"tel:+358407000002\">+358 40 700 0002<\/a><\/p>\n<\/div>\n\n\n\n<div class=\"wp-block-column is-layout-flow wp-block-column-is-layout-flow\">\n<p><strong>Toetus<\/strong><br\/>support@skyplanner.ai<br\/><br\/><strong>M\u00fc\u00fck<\/strong><br\/>jussi@skycode.fi<br\/><br\/><strong>Finantsosakond<\/strong><br\/>niko@skycode.fi<\/p>\n<\/div>\n<\/div>\n\n\n\t\t\t<div \n\t\t\tclass=\"wp-block-uagb-google-map uagb-google-map__wrap uagb-block-c0d340a1     \"\n\t\t\tstyle=\"\" >\n\t\t\t\t<embed\n\t\t\t\t\tclass=\"uagb-google-map__iframe\"\n\t\t\t\t\ttitle=\"Google Map for \"\n\t\t\t\t\tsrc=\"https:\/\/maps.google.com\/maps?q=Skycode%20Rantakatu%202%20G%2011%2C%2065100%20Vaasa&#038;z=12&#038;hl=en&#038;t=m&#038;output=embed&#038;iwloc=near\"\n\t\t\t\t\twidth=\"640\"\n\t\t\t\t\theight=\"300\"\n\t\t\t\t\tloading=\"lazy\"\n\t\t\t\t><\/embed>\n\t\t\t<\/div>\n\t\t\t\n<\/div>","protected":false},"excerpt":{"rendered":"<p>Meie kohta &#8220;Inimese aju ei ole loodud sadu v\u00f5i tuhandeid \u00fclesandeid k\u00e4sitsi planeerima tehases. Nad sobivad paremini looduses jalutamiseks kui tootmise planeerimiseks..&#8220; SkyPlanner APS on tehisintellektile tuginev k\u00f5ige kaasaegsem tootmise planeerimise tarkvara turul. Seda on lihtne seadistada ja kasutada. Meie lugu SkyPlanner APS on v\u00e4lja t\u00f6\u00f6tatud Soome ettev\u00f5tte Skycode Oy poolt ja seda levitatakse kogu &#8230; <a title=\"Meie kohta\" class=\"read-more\" href=\"https:\/\/skyplanner.ai\/et\/meie-kohta\/\" aria-label=\"Read more about Meie kohta\">Read more<\/a><\/p>\n","protected":false},"author":1,"featured_media":0,"parent":0,"menu_order":0,"comment_status":"closed","ping_status":"closed","template":"","meta":{"inline_featured_image":false,"_uag_custom_page_level_css":"","footnotes":""},"class_list":["post-35914","page","type-page","status-publish"],"acf":[],"yoast_head":"<!-- This site is optimized with the Yoast SEO Premium plugin v26.9 (Yoast SEO v27.0) - https:\/\/yoast.com\/product\/yoast-seo-premium-wordpress\/ -->\n<title>Meie kohta &#8211; SkyPlanner<\/title>\n<meta name=\"robots\" content=\"index, follow, max-snippet:-1, max-image-preview:large, max-video-preview:-1\" \/>\n<link rel=\"canonical\" href=\"https:\/\/skyplanner.ai\/et\/meie-kohta\/\" \/>\n<meta property=\"og:locale\" content=\"et_EE\" \/>\n<meta property=\"og:type\" content=\"article\" \/>\n<meta property=\"og:title\" content=\"Meie kohta\" \/>\n<meta property=\"og:description\" content=\"Meie kohta &#8220;Inimese aju ei ole loodud sadu v\u00f5i tuhandeid \u00fclesandeid k\u00e4sitsi planeerima tehases. Nad sobivad paremini looduses jalutamiseks kui tootmise planeerimiseks..&#8220; SkyPlanner APS on tehisintellektile tuginev k\u00f5ige kaasaegsem tootmise planeerimise tarkvara turul. Seda on lihtne seadistada ja kasutada. Meie lugu SkyPlanner APS on v\u00e4lja t\u00f6\u00f6tatud Soome ettev\u00f5tte Skycode Oy poolt ja seda levitatakse kogu ... Read more\" \/>\n<meta property=\"og:url\" content=\"https:\/\/skyplanner.ai\/et\/meie-kohta\/\" \/>\n<meta property=\"og:site_name\" content=\"SkyPlanner\" \/>\n<meta property=\"article:modified_time\" content=\"2025-12-08T08:43:43+00:00\" \/>\n<meta property=\"og:image\" content=\"https:\/\/skyplanner.ai\/wp-content\/uploads\/2024\/06\/about_us.jpeg\" \/>\n\t<meta property=\"og:image:width\" content=\"1280\" \/>\n\t<meta property=\"og:image:height\" content=\"853\" \/>\n\t<meta property=\"og:image:type\" content=\"image\/jpeg\" \/>\n<meta name=\"twitter:card\" content=\"summary_large_image\" \/>\n<meta name=\"twitter:label1\" content=\"Est. reading time\" \/>\n\t<meta name=\"twitter:data1\" content=\"3 minutit\" \/>\n<script type=\"application\/ld+json\" class=\"yoast-schema-graph\">{\"@context\":\"https:\/\/schema.org\",\"@graph\":[{\"@type\":\"WebPage\",\"@id\":\"https:\/\/skyplanner.ai\/et\/meie-kohta\/\",\"url\":\"https:\/\/skyplanner.ai\/et\/meie-kohta\/\",\"name\":\"Meie kohta &#8211; SkyPlanner\",\"isPartOf\":{\"@id\":\"https:\/\/skyplanner.ai\/et\/#website\"},\"primaryImageOfPage\":{\"@id\":\"https:\/\/skyplanner.ai\/et\/meie-kohta\/#primaryimage\"},\"image\":{\"@id\":\"https:\/\/skyplanner.ai\/et\/meie-kohta\/#primaryimage\"},\"thumbnailUrl\":\"https:\/\/skyplanner.ai\/wp-content\/uploads\/2024\/06\/about_us-1024x682.jpeg\",\"datePublished\":\"2024-07-02T08:10:29+00:00\",\"dateModified\":\"2025-12-08T08:43:43+00:00\",\"breadcrumb\":{\"@id\":\"https:\/\/skyplanner.ai\/et\/meie-kohta\/#breadcrumb\"},\"inLanguage\":\"et\",\"potentialAction\":[{\"@type\":\"ReadAction\",\"target\":[\"https:\/\/skyplanner.ai\/et\/meie-kohta\/\"]}]},{\"@type\":\"ImageObject\",\"inLanguage\":\"et\",\"@id\":\"https:\/\/skyplanner.ai\/et\/meie-kohta\/#primaryimage\",\"url\":\"https:\/\/skyplanner.ai\/wp-content\/uploads\/2024\/06\/about_us-1024x682.jpeg\",\"contentUrl\":\"https:\/\/skyplanner.ai\/wp-content\/uploads\/2024\/06\/about_us-1024x682.jpeg\"},{\"@type\":\"BreadcrumbList\",\"@id\":\"https:\/\/skyplanner.ai\/et\/meie-kohta\/#breadcrumb\",\"itemListElement\":[{\"@type\":\"ListItem\",\"position\":1,\"name\":\"Home\",\"item\":\"https:\/\/skyplanner.ai\/et\/\"},{\"@type\":\"ListItem\",\"position\":2,\"name\":\"Meie kohta\"}]},{\"@type\":\"WebSite\",\"@id\":\"https:\/\/skyplanner.ai\/et\/#website\",\"url\":\"https:\/\/skyplanner.ai\/et\/\",\"name\":\"SkyPlanner\",\"description\":\"AI-powered production scheduling and planning software\",\"publisher\":{\"@id\":\"https:\/\/skyplanner.ai\/et\/#organization\"},\"potentialAction\":[{\"@type\":\"SearchAction\",\"target\":{\"@type\":\"EntryPoint\",\"urlTemplate\":\"https:\/\/skyplanner.ai\/et\/?s={search_term_string}\"},\"query-input\":{\"@type\":\"PropertyValueSpecification\",\"valueRequired\":true,\"valueName\":\"search_term_string\"}}],\"inLanguage\":\"et\"},{\"@type\":\"Organization\",\"@id\":\"https:\/\/skyplanner.ai\/et\/#organization\",\"name\":\"SkyPlanner APS\",\"url\":\"https:\/\/skyplanner.ai\/et\/\",\"logo\":{\"@type\":\"ImageObject\",\"inLanguage\":\"et\",\"@id\":\"https:\/\/skyplanner.ai\/et\/#\/schema\/logo\/image\/\",\"url\":\"https:\/\/skyplanner.ai\/wp-content\/uploads\/2022\/05\/Skyplanner-logo-2.svg\",\"contentUrl\":\"https:\/\/skyplanner.ai\/wp-content\/uploads\/2022\/05\/Skyplanner-logo-2.svg\",\"width\":223,\"height\":43,\"caption\":\"SkyPlanner APS\"},\"image\":{\"@id\":\"https:\/\/skyplanner.ai\/et\/#\/schema\/logo\/image\/\"},\"sameAs\":[\"https:\/\/www.linkedin.com\/company\/skyplanner-aps\/\",\"https:\/\/www.youtube.com\/@SkyPlannerAPS\",\"https:\/\/www.capterra.com\/p\/265911\/SkyPlanner-APS\/\",\"https:\/\/www.trustradius.com\/products\/skyplanner-aps\/reviews\",\"https:\/\/www.saasworthy.com\/product\/skyplanner-aps\",\"https:\/\/sourceforge.net\/software\/product\/SkyPlanner-APS\/\",\"https:\/\/www.g2.com\/products\/skyplanner-aps\/\",\"https:\/\/www.getapp.com\/project-management-planning-software\/a\/skyplanner-aps\/\",\"https:\/\/www.softwareadvice.com\/cmms\/skyplanner-aps-profile\/\"],\"description\":\"AI-powered production scheduling and planning software for manufacturing\",\"foundingDate\":\"1997\",\"legalName\":\"Skycode Oy\",\"alternateName\":\"SkyPlanner\",\"knowsAbout\":[\"Production Scheduling\",\"Advanced Planning and Scheduling\",\"Manufacturing AI\",\"Finite Capacity Scheduling\",\"ERP Integration\"],\"areaServed\":\"Worldwide\",\"contactPoint\":{\"@type\":\"ContactPoint\",\"contactType\":\"sales\",\"url\":\"https:\/\/skyplanner.ai\/trial\/\"}}]}<\/script>\n<!-- \/ Yoast SEO Premium plugin. -->","yoast_head_json":{"title":"Meie kohta &#8211; SkyPlanner","robots":{"index":"index","follow":"follow","max-snippet":"max-snippet:-1","max-image-preview":"max-image-preview:large","max-video-preview":"max-video-preview:-1"},"canonical":"https:\/\/skyplanner.ai\/et\/meie-kohta\/","og_locale":"et_EE","og_type":"article","og_title":"Meie kohta","og_description":"Meie kohta &#8220;Inimese aju ei ole loodud sadu v\u00f5i tuhandeid \u00fclesandeid k\u00e4sitsi planeerima tehases. Nad sobivad paremini looduses jalutamiseks kui tootmise planeerimiseks..&#8220; SkyPlanner APS on tehisintellektile tuginev k\u00f5ige kaasaegsem tootmise planeerimise tarkvara turul. Seda on lihtne seadistada ja kasutada. Meie lugu SkyPlanner APS on v\u00e4lja t\u00f6\u00f6tatud Soome ettev\u00f5tte Skycode Oy poolt ja seda levitatakse kogu ... Read more","og_url":"https:\/\/skyplanner.ai\/et\/meie-kohta\/","og_site_name":"SkyPlanner","article_modified_time":"2025-12-08T08:43:43+00:00","og_image":[{"width":1280,"height":853,"url":"https:\/\/skyplanner.ai\/wp-content\/uploads\/2024\/06\/about_us.jpeg","type":"image\/jpeg"}],"twitter_card":"summary_large_image","twitter_misc":{"Est. reading time":"3 minutit"},"schema":{"@context":"https:\/\/schema.org","@graph":[{"@type":"WebPage","@id":"https:\/\/skyplanner.ai\/et\/meie-kohta\/","url":"https:\/\/skyplanner.ai\/et\/meie-kohta\/","name":"Meie kohta &#8211; SkyPlanner","isPartOf":{"@id":"https:\/\/skyplanner.ai\/et\/#website"},"primaryImageOfPage":{"@id":"https:\/\/skyplanner.ai\/et\/meie-kohta\/#primaryimage"},"image":{"@id":"https:\/\/skyplanner.ai\/et\/meie-kohta\/#primaryimage"},"thumbnailUrl":"https:\/\/skyplanner.ai\/wp-content\/uploads\/2024\/06\/about_us-1024x682.jpeg","datePublished":"2024-07-02T08:10:29+00:00","dateModified":"2025-12-08T08:43:43+00:00","breadcrumb":{"@id":"https:\/\/skyplanner.ai\/et\/meie-kohta\/#breadcrumb"},"inLanguage":"et","potentialAction":[{"@type":"ReadAction","target":["https:\/\/skyplanner.ai\/et\/meie-kohta\/"]}]},{"@type":"ImageObject","inLanguage":"et","@id":"https:\/\/skyplanner.ai\/et\/meie-kohta\/#primaryimage","url":"https:\/\/skyplanner.ai\/wp-content\/uploads\/2024\/06\/about_us-1024x682.jpeg","contentUrl":"https:\/\/skyplanner.ai\/wp-content\/uploads\/2024\/06\/about_us-1024x682.jpeg"},{"@type":"BreadcrumbList","@id":"https:\/\/skyplanner.ai\/et\/meie-kohta\/#breadcrumb","itemListElement":[{"@type":"ListItem","position":1,"name":"Home","item":"https:\/\/skyplanner.ai\/et\/"},{"@type":"ListItem","position":2,"name":"Meie kohta"}]},{"@type":"WebSite","@id":"https:\/\/skyplanner.ai\/et\/#website","url":"https:\/\/skyplanner.ai\/et\/","name":"SkyPlanner","description":"AI-powered production scheduling and planning software","publisher":{"@id":"https:\/\/skyplanner.ai\/et\/#organization"},"potentialAction":[{"@type":"SearchAction","target":{"@type":"EntryPoint","urlTemplate":"https:\/\/skyplanner.ai\/et\/?s={search_term_string}"},"query-input":{"@type":"PropertyValueSpecification","valueRequired":true,"valueName":"search_term_string"}}],"inLanguage":"et"},{"@type":"Organization","@id":"https:\/\/skyplanner.ai\/et\/#organization","name":"SkyPlanner APS","url":"https:\/\/skyplanner.ai\/et\/","logo":{"@type":"ImageObject","inLanguage":"et","@id":"https:\/\/skyplanner.ai\/et\/#\/schema\/logo\/image\/","url":"https:\/\/skyplanner.ai\/wp-content\/uploads\/2022\/05\/Skyplanner-logo-2.svg","contentUrl":"https:\/\/skyplanner.ai\/wp-content\/uploads\/2022\/05\/Skyplanner-logo-2.svg","width":223,"height":43,"caption":"SkyPlanner APS"},"image":{"@id":"https:\/\/skyplanner.ai\/et\/#\/schema\/logo\/image\/"},"sameAs":["https:\/\/www.linkedin.com\/company\/skyplanner-aps\/","https:\/\/www.youtube.com\/@SkyPlannerAPS","https:\/\/www.capterra.com\/p\/265911\/SkyPlanner-APS\/","https:\/\/www.trustradius.com\/products\/skyplanner-aps\/reviews","https:\/\/www.saasworthy.com\/product\/skyplanner-aps","https:\/\/sourceforge.net\/software\/product\/SkyPlanner-APS\/","https:\/\/www.g2.com\/products\/skyplanner-aps\/","https:\/\/www.getapp.com\/project-management-planning-software\/a\/skyplanner-aps\/","https:\/\/www.softwareadvice.com\/cmms\/skyplanner-aps-profile\/"],"description":"AI-powered production scheduling and planning software for manufacturing","foundingDate":"1997","legalName":"Skycode Oy","alternateName":"SkyPlanner","knowsAbout":["Production Scheduling","Advanced Planning and Scheduling","Manufacturing AI","Finite Capacity Scheduling","ERP Integration"],"areaServed":"Worldwide","contactPoint":{"@type":"ContactPoint","contactType":"sales","url":"https:\/\/skyplanner.ai\/trial\/"}}]}},"uagb_featured_image_src":{"full":false,"thumbnail":false,"medium":false,"medium_large":false,"large":false,"1536x1536":false,"2048x2048":false,"betterdocs-category-thumb":false},"uagb_author_info":{"display_name":"skyplanner","author_link":"https:\/\/skyplanner.ai\/et\/author\/skyplanner\/"},"uagb_comment_info":0,"uagb_excerpt":"Meie kohta &#8220;Inimese aju ei ole loodud sadu v\u00f5i tuhandeid \u00fclesandeid k\u00e4sitsi planeerima tehases. Nad sobivad paremini looduses jalutamiseks kui tootmise planeerimiseks..&#8220; SkyPlanner APS on tehisintellektile tuginev k\u00f5ige kaasaegsem tootmise planeerimise tarkvara turul. Seda on lihtne seadistada ja kasutada. Meie lugu SkyPlanner APS on v\u00e4lja t\u00f6\u00f6tatud Soome ettev\u00f5tte Skycode Oy poolt ja seda levitatakse kogu&hellip;","_links":{"self":[{"href":"https:\/\/skyplanner.ai\/et\/wp-json\/wp\/v2\/pages\/35914","targetHints":{"allow":["GET"]}}],"collection":[{"href":"https:\/\/skyplanner.ai\/et\/wp-json\/wp\/v2\/pages"}],"about":[{"href":"https:\/\/skyplanner.ai\/et\/wp-json\/wp\/v2\/types\/page"}],"author":[{"embeddable":true,"href":"https:\/\/skyplanner.ai\/et\/wp-json\/wp\/v2\/users\/1"}],"replies":[{"embeddable":true,"href":"https:\/\/skyplanner.ai\/et\/wp-json\/wp\/v2\/comments?post=35914"}],"version-history":[{"count":0,"href":"https:\/\/skyplanner.ai\/et\/wp-json\/wp\/v2\/pages\/35914\/revisions"}],"wp:attachment":[{"href":"https:\/\/skyplanner.ai\/et\/wp-json\/wp\/v2\/media?parent=35914"}],"curies":[{"name":"wp","href":"https:\/\/api.w.org\/{rel}","templated":true}]}}