{"id":35946,"date":"2024-07-02T08:10:29","date_gmt":"2024-07-02T08:10:29","guid":{"rendered":"https:\/\/skyplanner.ai\/about-us\/"},"modified":"2025-12-08T09:12:54","modified_gmt":"2025-12-08T09:12:54","slug":"about-us","status":"publish","type":"page","link":"https:\/\/skyplanner.ai\/es\/about-us\/","title":{"rendered":"Acerca de Nosotros"},"content":{"rendered":"<div class=\"gb-container gb-container-95f3ac01\">\n<div class=\"gb-container gb-container-8106c6a2\">\n<div class=\"gb-container gb-container-865de0eb\"><div class=\"gb-inside-container\">\n\n<div class=\"wp-block-columns is-layout-flex wp-container-core-columns-is-layout-9d6595d7 wp-block-columns-is-layout-flex\">\n<div class=\"wp-block-column is-layout-flow wp-block-column-is-layout-flow\" style=\"flex-basis:50%\"><div class=\"gb-container gb-container-906e61dc\">\n\n<figure class=\"wp-block-image size-large rounded is-style-default\"><img decoding=\"async\" width=\"1024\" height=\"682\" src=\"https:\/\/skyplanner.ai\/wp-content\/uploads\/2024\/06\/about_us-1024x682.jpeg\" alt=\"\" class=\"wp-image-34962\" srcset=\"https:\/\/skyplanner.ai\/wp-content\/uploads\/2024\/06\/about_us-1024x682.jpeg 1024w, https:\/\/skyplanner.ai\/wp-content\/uploads\/2024\/06\/about_us-300x200.jpeg 300w, https:\/\/skyplanner.ai\/wp-content\/uploads\/2024\/06\/about_us-768x512.jpeg 768w, https:\/\/skyplanner.ai\/wp-content\/uploads\/2024\/06\/about_us.jpeg 1280w\" sizes=\"(max-width: 1024px) 100vw, 1024px\" \/><\/figure>\n\n<\/div><\/div>\n\n\n\n<div class=\"wp-block-column is-layout-flow wp-block-column-is-layout-flow\" style=\"flex-basis:50%\"><div class=\"gb-container gb-container-fd442b94\">\n<div class=\"gb-container gb-container-fbdc6dd0\">\n\n<h2 class=\"wp-block-heading has-text-align-center\" id=\"h-about-us\">Acerca de Nosotros<\/h2>\n\n\n\n<p class=\"has-text-align-center has-medium-font-size\"><em>\u00abLos cerebros humanos no est\u00e1n dise\u00f1ados para programar manualmente cientos o miles de tareas en una f\u00e1brica. Son m\u00e1s adecuados para pasear por la naturaleza que para programar la producci\u00f3n<\/em>.<em>\u00ab<\/em><\/p>\n\n\n\n<p class=\"has-text-align-center\" style=\"font-size:24px\">Impulsado por la inteligencia artificial, SkyPlanner APS es el software de planificaci\u00f3n de la producci\u00f3n m\u00e1s moderno del mercado. Es f\u00e1cil de configurar y sencillo de utilizar.<\/p>\n\n<\/div>\n<\/div><\/div>\n<\/div>\n\n<\/div><\/div>\n<\/div>\n<\/div><div class=\"gb-container gb-container-86a83528\">\n<div class=\"gb-grid-wrapper gb-grid-wrapper-88ba9f7d\">\n<div class=\"gb-grid-column gb-grid-column-7ab1e934\"><div class=\"gb-container gb-container-7ab1e934 backglow\">\n<div class=\"gb-container gb-container-a24ec307\">\n\n<h2 class=\"wp-block-heading has-text-align-center has-text-color\" id=\"h-2100\" style=\"color:#303af2;font-size:62px;font-style:normal;font-weight:900\">2100+<\/h2>\n\n\n\n<p class=\"has-text-align-center\">Instalaciones de SkyPlanner<\/p>\n\n<\/div>\n<\/div><\/div>\n\n<div class=\"gb-grid-column gb-grid-column-a785d916\"><div class=\"gb-container gb-container-a785d916 backglow\">\n<div class=\"gb-container gb-container-ae6908c2\">\n\n<h2 class=\"wp-block-heading has-text-align-center has-text-color\" id=\"h-27\" style=\"color:#303af2;font-size:62px;font-style:normal;font-weight:900\">27<\/h2>\n\n\n\n<p class=\"has-text-align-center\">A\u00f1os de experiencia<\/p>\n\n<\/div>\n<\/div><\/div>\n\n<div class=\"gb-grid-column gb-grid-column-f284d427\"><div class=\"gb-container gb-container-f284d427 backglow\">\n<div class=\"gb-container gb-container-c7572b69\">\n\n<h2 class=\"wp-block-heading has-text-align-center has-text-color\" id=\"h-21\" style=\"color:#303af2;font-size:62px;font-style:normal;font-weight:900\">21<\/h2>\n\n\n\n<p class=\"has-text-align-center\">Pa\u00edses con expertos en SkyPlanner<\/p>\n\n<\/div>\n<\/div><\/div>\n<\/div>\n<\/div><div class=\"gb-container gb-container-6e686c8f\">\n\n<figure class=\"wp-block-embed is-type-video is-provider-youtube wp-block-embed-youtube wp-embed-aspect-16-9 wp-has-aspect-ratio\"><div class=\"wp-block-embed__wrapper\">\n<iframe title=\"SkyPlanner&#039;s team and office\" width=\"1200\" height=\"675\" src=\"https:\/\/www.youtube.com\/embed\/SFdpNPCmlks?feature=oembed\" frameborder=\"0\" allow=\"accelerometer; autoplay; clipboard-write; encrypted-media; gyroscope; picture-in-picture; web-share\" referrerpolicy=\"strict-origin-when-cross-origin\" allowfullscreen><\/iframe>\n<\/div><\/figure>\n\n<\/div><div class=\"gb-container gb-container-0ee67634\">\n<div class=\"gb-container gb-container-548ede57\">\n\n<div class=\"wp-block-columns is-layout-flex wp-container-core-columns-is-layout-9d6595d7 wp-block-columns-is-layout-flex\">\n<div class=\"wp-block-column is-layout-flow wp-block-column-is-layout-flow\"><div class=\"gb-container gb-container-83050036\">\n<div class=\"wp-block-image\">\n<figure class=\"alignright size-full\"><img decoding=\"async\" width=\"959\" height=\"586\" src=\"https:\/\/skyplanner.ai\/wp-content\/uploads\/2024\/06\/skycode.jpeg\" alt=\"\" class=\"wp-image-35021\" srcset=\"https:\/\/skyplanner.ai\/wp-content\/uploads\/2024\/06\/skycode.jpeg 959w, https:\/\/skyplanner.ai\/wp-content\/uploads\/2024\/06\/skycode-300x183.jpeg 300w, https:\/\/skyplanner.ai\/wp-content\/uploads\/2024\/06\/skycode-768x469.jpeg 768w\" sizes=\"(max-width: 959px) 100vw, 959px\" \/><\/figure>\n<\/div>\n<\/div><\/div>\n\n\n\n<div class=\"wp-block-column is-layout-flow wp-block-column-is-layout-flow\"><div class=\"gb-container gb-container-ceaedc69\">\n\n<h2 class=\"wp-block-heading has-x-large-font-size\" id=\"h-our-story\">Nuestra historia<\/h2>\n\n\n\n<p>SkyPlanner APS est\u00e1 desarrollado por la empresa finlandesa Skycode Oy y se distribuye en todo el mundo. No importa en qu\u00e9 parte del mundo est\u00e9 ubicada tu empresa, en qu\u00e9 sector operes o el tama\u00f1o de tu empresa. Nosotros y nuestra red internacional de socios ofrecemos servicios fiables adaptados a las necesidades de tu empresa. Si lo deseas, puedes utilizar SkyPlanner en tu lengua materna.<\/p>\n\n\n\n<p>Nuestra empresa, Skycode Oy, se fund\u00f3 hace 27 a\u00f1os, en 1997. Estamos especializados en software personalizado para la industria e integraciones ERP. Esta fue una base excelente para desarrollar SkyPlanner, que comenz\u00f3 en colaboraci\u00f3n con nuestros clientes en 2016.<\/p>\n\n<\/div><\/div>\n<\/div>\n\n<\/div>\n<\/div><div class=\"gb-container gb-container-ecf82a77\">\n<div class=\"gb-container gb-container-c1fd2326\">\n<div class=\"gb-container gb-container-373069a5\">\n<div class=\"gb-grid-wrapper gb-grid-wrapper-ae22fb5f\">\n<div class=\"gb-grid-column gb-grid-column-45002862\"><div class=\"gb-container gb-container-45002862\">\n<div class=\"gb-container gb-container-4fefabbe\">\n\n<h3 class=\"wp-block-heading has-base-3-color has-text-color\" id=\"h-integration\">Integraci\u00f3n<\/h3>\n\n\n\n<p class=\"has-base-3-color has-text-color\">SkyPlanner incluye una moderna y amplia interfaz REST API para integraciones. Puedes crear la integraci\u00f3n t\u00fa mismo, utilizar tu socio integrador actual o encargarnos servicios de integraci\u00f3n. Gracias a nuestra experiencia de d\u00e9cadas en integraci\u00f3n, SkyPlanner puede integrarse con todos los dem\u00e1s programas inform\u00e1ticos: \u00e9sa es nuestra promesa.<\/p>\n\n<\/div>\n<\/div><\/div>\n\n<div class=\"gb-grid-column gb-grid-column-d65b454d\"><div class=\"gb-container gb-container-d65b454d\">\n<div class=\"gb-container gb-container-e441b4ed\">\n\n<figure class=\"wp-block-image size-full\"><img decoding=\"async\" width=\"301\" height=\"301\" src=\"https:\/\/skyplanner.ai\/wp-content\/uploads\/2023\/12\/e384cf5b3ca8cd9cf46508b95ea672db.png\" alt=\"\" class=\"wp-image-32041\" srcset=\"https:\/\/skyplanner.ai\/wp-content\/uploads\/2023\/12\/e384cf5b3ca8cd9cf46508b95ea672db.png 301w, https:\/\/skyplanner.ai\/wp-content\/uploads\/2023\/12\/e384cf5b3ca8cd9cf46508b95ea672db-150x150.png 150w\" sizes=\"(max-width: 301px) 100vw, 301px\" \/><\/figure>\n\n<\/div>\n<\/div><\/div>\n<\/div>\n<\/div>\n<\/div>\n<\/div><div class=\"gb-container gb-container-34317aad\">\n\n<div class=\"wp-block-columns is-layout-flex wp-container-core-columns-is-layout-9d6595d7 wp-block-columns-is-layout-flex\">\n<div class=\"wp-block-column is-layout-flow wp-block-column-is-layout-flow\"><div class=\"gb-container gb-container-e5ae920d\">\n<div class=\"gb-container gb-container-ff0d9ce2\">\n\n<h3 class=\"wp-block-heading has-text-align-center has-large-font-size\" id=\"h-new-era\"><strong>Nueva era<\/strong><\/h3>\n\n\n\n<p>Hace a\u00f1os, nos dimos cuenta de que el software de hoja de c\u00e1lculo era el l\u00edder absoluto del mercado de software de planificaci\u00f3n de la producci\u00f3n. Todos los dem\u00e1s programas disponibles tambi\u00e9n sol\u00edan basarse en la planificaci\u00f3n de producci\u00f3n manual. Sin embargo, a nadie le gustaba la planificaci\u00f3n manual de la producci\u00f3n, y no hab\u00eda alternativas suficientemente buenas.<\/p>\n\n\n\n<p>Las f\u00e1bricas experimentan ineficacia, y los planificadores de la producci\u00f3n se enfrentan a mucho estr\u00e9s cuando los programas de producci\u00f3n no son \u00f3ptimos y a\u00fan as\u00ed se tarda una cantidad incre\u00edble de tiempo en crearlos. Las f\u00e1bricas funcionan por debajo de su capacidad, y la fiabilidad en la entrega de pedidos es escasa.<\/p>\n\n\n\n<p>Desde el principio, tuvimos claro que la inteligencia artificial es la mejor tecnolog\u00eda para la programaci\u00f3n autom\u00e1tica de la producci\u00f3n, porque se adapta bien a los requisitos de los distintos procesos de producci\u00f3n. Como resultado, puedes configurar SkyPlanner para distintos sectores y hacer que tenga en cuenta incluso necesidades \u00fanicas sin modificar el algoritmo. Sigues dirigiendo las operaciones de la IA, ya que la mejor combinaci\u00f3n es la colaboraci\u00f3n entre inteligencia humana e inteligencia artificial.<\/p>\n\n\n\n<p>La IA es tambi\u00e9n la forma m\u00e1s r\u00e1pida de realizar este tipo de c\u00e1lculos matem\u00e1ticos. Consideramos muy importante la velocidad, por eso la IA que desarrollamos para SkyPlanner, Arcturus, es la m\u00e1s r\u00e1pida del mundo para programar la producci\u00f3n, incluso en grandes producciones.<\/p>\n\n\n\n<p>Las hojas de c\u00e1lculo nunca han sido el mejor software para optimizar la producci\u00f3n, pero la gente ha sido capaz de utilizarlo por s\u00ed misma y personalizarlo a su gusto. Hemos hecho que SkyPlanner sea a\u00fan m\u00e1s f\u00e1cil de implantar sin proyectos inform\u00e1ticos extensos y costosos. Puedes empezar a utilizar SkyPlanner t\u00fa mismo hoy mismo a trav\u00e9s de nuestro sitio web. Ofrecemos una amplia biblioteca de gu\u00edas y v\u00eddeos instructivos para ayudarte a aprender el software por tu cuenta. Confiamos tanto en nuestro software que puedes probar SkyPlanner con un periodo de prueba gratuito antes de tomar una decisi\u00f3n de compra.<\/p>\n\n<\/div>\n<\/div><\/div>\n\n\n\n<div class=\"wp-block-column is-layout-flow wp-block-column-is-layout-flow\"><div class=\"gb-container gb-container-06653eb2\">\n<div class=\"gb-container gb-container-5eba43cc\">\n\n<h3 class=\"wp-block-heading has-text-align-center has-large-font-size\" id=\"h-our-services\"><strong>Nuestros servicios<\/strong><\/h3>\n\n\n\n<p class=\"has-text-align-center\">Entendemos que muchos clientes quieran adquirir la formaci\u00f3n de implantaci\u00f3n de nuestros expertos como un servicio adicional. Algunos quieren personalizaciones e integraciones adaptadas a sus deseos para SkyPlanner. Te ofrecemos todos estos servicios adicionales con mucha experiencia. Adem\u00e1s, nuestra red internacional de socios te presta servicio en casi todos los continentes y husos horarios. Ponte en contacto con nosotros y te informaremos sobre nuestros servicios especializados.<\/p>\n\n\n\n<p class=\"has-text-align-center\">Nuestra organizaci\u00f3n est\u00e1 muy motivada y tiene una amplia experiencia en el sector. Nunca estar\u00e1s solo cuando utilices SkyPlanner. Adem\u00e1s del material de formaci\u00f3n, tambi\u00e9n puedes recibir nuestra ayuda por chat, videollamada, correo electr\u00f3nico y tel\u00e9fono. Si es necesario, tambi\u00e9n organizamos talleres en las instalaciones de producci\u00f3n de nuestros clientes en todo el mundo.<\/p>\n\n\n\n<p class=\"has-text-align-center\">No s\u00f3lo hemos puesto tecnolog\u00eda, sino tambi\u00e9n nuestros corazones en este software. Queremos ser los mejores del mundo en lo que hacemos y, por fin, facilitar tu trabajo en la planificaci\u00f3n de la producci\u00f3n.<\/p>\n\n\n\n<p class=\"has-text-align-center\">Queremos asegurarnos de que ninguna f\u00e1brica tenga que luchar m\u00e1s con la planificaci\u00f3n manual de la producci\u00f3n.<\/p>\n\n\n\n<p class=\"has-text-align-center\">Has llegado al lugar adecuado si quieres deshacerte de la planificaci\u00f3n manual de la producci\u00f3n y mejorar la eficacia de tu producci\u00f3n. SkyPlanner est\u00e1 aqu\u00ed para cambiar el futuro de las industrias. Empieza a utilizar SkyPlanner hoy mismo.<\/p>\n\n<\/div>\n<\/div><\/div>\n<\/div>\n\n<\/div><div class=\"gb-container gb-container-1d2bde4a backglow  pricing\">\n\n<h3 class=\"wp-block-heading\" id=\"h-company-information\">Informaci\u00f3n sobre la empresa<\/h3>\n\n\n\n<div class=\"wp-block-columns is-layout-flex wp-container-core-columns-is-layout-9d6595d7 wp-block-columns-is-layout-flex\">\n<div class=\"wp-block-column is-layout-flow wp-block-column-is-layout-flow\">\n<p><strong>Nombre de la empresa<\/strong><br\/>Skycode Oy<br\/><br\/><strong>Identificaci\u00f3n de la empresa<\/strong><br\/>FI22049470<br\/><br\/><strong>Sede de la empresa<\/strong><br\/>Rantakatu 2 G 11, 65100 Vaasa, Finlandia<br\/><br\/><strong>Tel\u00e9fono de la empresa<\/strong><br\/>+358<a href=\"tel:+358407000002\"> 40 700 0002<\/a><\/p>\n<\/div>\n\n\n\n<div class=\"wp-block-column is-layout-flow wp-block-column-is-layout-flow\">\n<p><strong>Soporte<\/strong><br\/>support@skyplanner.ai<br\/><br\/><strong>Ventas<\/strong><br\/>jussi@skycode.fi<br\/><br\/><strong>Departamento financiero<\/strong><br\/>niko@skycode.fi<\/p>\n<\/div>\n<\/div>\n\n\n\t\t\t<div \n\t\t\tclass=\"wp-block-uagb-google-map uagb-google-map__wrap uagb-block-c0d340a1     \"\n\t\t\tstyle=\"\" >\n\t\t\t\t<embed\n\t\t\t\t\tclass=\"uagb-google-map__iframe\"\n\t\t\t\t\ttitle=\"Mapa de Google de\"\n\t\t\t\t\tsrc=\"https:\/\/maps.google.com\/maps?q=Skycode%20Rantakatu%202%20G%2011%2C%2065100%20Vaasa&#038;z=12&#038;hl=en&#038;t=m&#038;output=embed&#038;iwloc=near\"\n\t\t\t\t\twidth=\"640\"\n\t\t\t\t\theight=\"300\"\n\t\t\t\t\tloading=\"lazy\"\n\t\t\t\t><\/embed>\n\t\t\t<\/div>\n\t\t\t\n<\/div>","protected":false},"excerpt":{"rendered":"<p>Acerca de Nosotros \u00abLos cerebros humanos no est\u00e1n dise\u00f1ados para programar manualmente cientos o miles de tareas en una f\u00e1brica. Son m\u00e1s adecuados para pasear por la naturaleza que para programar la producci\u00f3n.\u00ab Impulsado por la inteligencia artificial, SkyPlanner APS es el software de planificaci\u00f3n de la producci\u00f3n m\u00e1s moderno del mercado. Es f\u00e1cil de &#8230; <a title=\"Acerca de Nosotros\" class=\"read-more\" href=\"https:\/\/skyplanner.ai\/es\/about-us\/\" aria-label=\"Leer m\u00e1s sobre Acerca de Nosotros\">Leer m\u00e1s<\/a><\/p>\n","protected":false},"author":1,"featured_media":0,"parent":0,"menu_order":0,"comment_status":"closed","ping_status":"closed","template":"","meta":{"inline_featured_image":false,"_uag_custom_page_level_css":"","footnotes":""},"class_list":["post-35946","page","type-page","status-publish"],"acf":[],"yoast_head":"<!-- This site is optimized with the Yoast SEO Premium plugin v26.9 (Yoast SEO v27.0) - https:\/\/yoast.com\/product\/yoast-seo-premium-wordpress\/ -->\n<title>Acerca de Nosotros &#8211; SkyPlanner<\/title>\n<meta name=\"robots\" content=\"index, follow, max-snippet:-1, max-image-preview:large, max-video-preview:-1\" \/>\n<link rel=\"canonical\" href=\"https:\/\/skyplanner.ai\/es\/about-us\/\" \/>\n<meta property=\"og:locale\" content=\"es_ES\" \/>\n<meta property=\"og:type\" content=\"article\" \/>\n<meta property=\"og:title\" content=\"Acerca de Nosotros\" \/>\n<meta property=\"og:description\" content=\"Acerca de Nosotros \u00abLos cerebros humanos no est\u00e1n dise\u00f1ados para programar manualmente cientos o miles de tareas en una f\u00e1brica. Son m\u00e1s adecuados para pasear por la naturaleza que para programar la producci\u00f3n.\u00ab Impulsado por la inteligencia artificial, SkyPlanner APS es el software de planificaci\u00f3n de la producci\u00f3n m\u00e1s moderno del mercado. Es f\u00e1cil de ... Leer m\u00e1s\" \/>\n<meta property=\"og:url\" content=\"https:\/\/skyplanner.ai\/es\/about-us\/\" \/>\n<meta property=\"og:site_name\" content=\"SkyPlanner\" \/>\n<meta property=\"article:modified_time\" content=\"2025-12-08T09:12:54+00:00\" \/>\n<meta property=\"og:image\" content=\"https:\/\/skyplanner.ai\/wp-content\/uploads\/2024\/06\/about_us.jpeg\" \/>\n\t<meta property=\"og:image:width\" content=\"1280\" \/>\n\t<meta property=\"og:image:height\" content=\"853\" \/>\n\t<meta property=\"og:image:type\" content=\"image\/jpeg\" \/>\n<meta name=\"twitter:card\" content=\"summary_large_image\" \/>\n<meta name=\"twitter:label1\" content=\"Tiempo de lectura\" \/>\n\t<meta name=\"twitter:data1\" content=\"4 minutos\" \/>\n<script type=\"application\/ld+json\" class=\"yoast-schema-graph\">{\"@context\":\"https:\/\/schema.org\",\"@graph\":[{\"@type\":\"WebPage\",\"@id\":\"https:\/\/skyplanner.ai\/es\/about-us\/\",\"url\":\"https:\/\/skyplanner.ai\/es\/about-us\/\",\"name\":\"Acerca de Nosotros &#8211; SkyPlanner\",\"isPartOf\":{\"@id\":\"https:\/\/skyplanner.ai\/es\/#website\"},\"primaryImageOfPage\":{\"@id\":\"https:\/\/skyplanner.ai\/es\/about-us\/#primaryimage\"},\"image\":{\"@id\":\"https:\/\/skyplanner.ai\/es\/about-us\/#primaryimage\"},\"thumbnailUrl\":\"https:\/\/skyplanner.ai\/wp-content\/uploads\/2024\/06\/about_us-1024x682.jpeg\",\"datePublished\":\"2024-07-02T08:10:29+00:00\",\"dateModified\":\"2025-12-08T09:12:54+00:00\",\"breadcrumb\":{\"@id\":\"https:\/\/skyplanner.ai\/es\/about-us\/#breadcrumb\"},\"inLanguage\":\"es\",\"potentialAction\":[{\"@type\":\"ReadAction\",\"target\":[\"https:\/\/skyplanner.ai\/es\/about-us\/\"]}]},{\"@type\":\"ImageObject\",\"inLanguage\":\"es\",\"@id\":\"https:\/\/skyplanner.ai\/es\/about-us\/#primaryimage\",\"url\":\"https:\/\/skyplanner.ai\/wp-content\/uploads\/2024\/06\/about_us-1024x682.jpeg\",\"contentUrl\":\"https:\/\/skyplanner.ai\/wp-content\/uploads\/2024\/06\/about_us-1024x682.jpeg\"},{\"@type\":\"BreadcrumbList\",\"@id\":\"https:\/\/skyplanner.ai\/es\/about-us\/#breadcrumb\",\"itemListElement\":[{\"@type\":\"ListItem\",\"position\":1,\"name\":\"Home\",\"item\":\"https:\/\/skyplanner.ai\/es\/pagina-de-inicio\/\"},{\"@type\":\"ListItem\",\"position\":2,\"name\":\"Acerca de Nosotros\"}]},{\"@type\":\"WebSite\",\"@id\":\"https:\/\/skyplanner.ai\/es\/#website\",\"url\":\"https:\/\/skyplanner.ai\/es\/\",\"name\":\"SkyPlanner\",\"description\":\"AI-powered production scheduling and planning software\",\"publisher\":{\"@id\":\"https:\/\/skyplanner.ai\/es\/#organization\"},\"potentialAction\":[{\"@type\":\"SearchAction\",\"target\":{\"@type\":\"EntryPoint\",\"urlTemplate\":\"https:\/\/skyplanner.ai\/es\/?s={search_term_string}\"},\"query-input\":{\"@type\":\"PropertyValueSpecification\",\"valueRequired\":true,\"valueName\":\"search_term_string\"}}],\"inLanguage\":\"es\"},{\"@type\":\"Organization\",\"@id\":\"https:\/\/skyplanner.ai\/es\/#organization\",\"name\":\"SkyPlanner APS\",\"url\":\"https:\/\/skyplanner.ai\/es\/\",\"logo\":{\"@type\":\"ImageObject\",\"inLanguage\":\"es\",\"@id\":\"https:\/\/skyplanner.ai\/es\/#\/schema\/logo\/image\/\",\"url\":\"https:\/\/skyplanner.ai\/wp-content\/uploads\/2022\/05\/Skyplanner-logo-2.svg\",\"contentUrl\":\"https:\/\/skyplanner.ai\/wp-content\/uploads\/2022\/05\/Skyplanner-logo-2.svg\",\"width\":223,\"height\":43,\"caption\":\"SkyPlanner APS\"},\"image\":{\"@id\":\"https:\/\/skyplanner.ai\/es\/#\/schema\/logo\/image\/\"},\"sameAs\":[\"https:\/\/www.linkedin.com\/company\/skyplanner-aps\/\",\"https:\/\/www.youtube.com\/@SkyPlannerAPS\",\"https:\/\/www.capterra.com\/p\/265911\/SkyPlanner-APS\/\",\"https:\/\/www.trustradius.com\/products\/skyplanner-aps\/reviews\",\"https:\/\/www.saasworthy.com\/product\/skyplanner-aps\",\"https:\/\/sourceforge.net\/software\/product\/SkyPlanner-APS\/\",\"https:\/\/www.g2.com\/products\/skyplanner-aps\/\",\"https:\/\/www.getapp.com\/project-management-planning-software\/a\/skyplanner-aps\/\",\"https:\/\/www.softwareadvice.com\/cmms\/skyplanner-aps-profile\/\"],\"description\":\"AI-powered production scheduling and planning software for manufacturing\",\"foundingDate\":\"1997\",\"legalName\":\"Skycode Oy\",\"alternateName\":\"SkyPlanner\",\"knowsAbout\":[\"Production Scheduling\",\"Advanced Planning and Scheduling\",\"Manufacturing AI\",\"Finite Capacity Scheduling\",\"ERP Integration\"],\"areaServed\":\"Worldwide\",\"contactPoint\":{\"@type\":\"ContactPoint\",\"contactType\":\"sales\",\"url\":\"https:\/\/skyplanner.ai\/trial\/\"}}]}<\/script>\n<!-- \/ Yoast SEO Premium plugin. -->","yoast_head_json":{"title":"Acerca de Nosotros &#8211; SkyPlanner","robots":{"index":"index","follow":"follow","max-snippet":"max-snippet:-1","max-image-preview":"max-image-preview:large","max-video-preview":"max-video-preview:-1"},"canonical":"https:\/\/skyplanner.ai\/es\/about-us\/","og_locale":"es_ES","og_type":"article","og_title":"Acerca de Nosotros","og_description":"Acerca de Nosotros \u00abLos cerebros humanos no est\u00e1n dise\u00f1ados para programar manualmente cientos o miles de tareas en una f\u00e1brica. Son m\u00e1s adecuados para pasear por la naturaleza que para programar la producci\u00f3n.\u00ab Impulsado por la inteligencia artificial, SkyPlanner APS es el software de planificaci\u00f3n de la producci\u00f3n m\u00e1s moderno del mercado. Es f\u00e1cil de ... Leer m\u00e1s","og_url":"https:\/\/skyplanner.ai\/es\/about-us\/","og_site_name":"SkyPlanner","article_modified_time":"2025-12-08T09:12:54+00:00","og_image":[{"width":1280,"height":853,"url":"https:\/\/skyplanner.ai\/wp-content\/uploads\/2024\/06\/about_us.jpeg","type":"image\/jpeg"}],"twitter_card":"summary_large_image","twitter_misc":{"Tiempo de lectura":"4 minutos"},"schema":{"@context":"https:\/\/schema.org","@graph":[{"@type":"WebPage","@id":"https:\/\/skyplanner.ai\/es\/about-us\/","url":"https:\/\/skyplanner.ai\/es\/about-us\/","name":"Acerca de Nosotros &#8211; SkyPlanner","isPartOf":{"@id":"https:\/\/skyplanner.ai\/es\/#website"},"primaryImageOfPage":{"@id":"https:\/\/skyplanner.ai\/es\/about-us\/#primaryimage"},"image":{"@id":"https:\/\/skyplanner.ai\/es\/about-us\/#primaryimage"},"thumbnailUrl":"https:\/\/skyplanner.ai\/wp-content\/uploads\/2024\/06\/about_us-1024x682.jpeg","datePublished":"2024-07-02T08:10:29+00:00","dateModified":"2025-12-08T09:12:54+00:00","breadcrumb":{"@id":"https:\/\/skyplanner.ai\/es\/about-us\/#breadcrumb"},"inLanguage":"es","potentialAction":[{"@type":"ReadAction","target":["https:\/\/skyplanner.ai\/es\/about-us\/"]}]},{"@type":"ImageObject","inLanguage":"es","@id":"https:\/\/skyplanner.ai\/es\/about-us\/#primaryimage","url":"https:\/\/skyplanner.ai\/wp-content\/uploads\/2024\/06\/about_us-1024x682.jpeg","contentUrl":"https:\/\/skyplanner.ai\/wp-content\/uploads\/2024\/06\/about_us-1024x682.jpeg"},{"@type":"BreadcrumbList","@id":"https:\/\/skyplanner.ai\/es\/about-us\/#breadcrumb","itemListElement":[{"@type":"ListItem","position":1,"name":"Home","item":"https:\/\/skyplanner.ai\/es\/pagina-de-inicio\/"},{"@type":"ListItem","position":2,"name":"Acerca de Nosotros"}]},{"@type":"WebSite","@id":"https:\/\/skyplanner.ai\/es\/#website","url":"https:\/\/skyplanner.ai\/es\/","name":"SkyPlanner","description":"AI-powered production scheduling and planning software","publisher":{"@id":"https:\/\/skyplanner.ai\/es\/#organization"},"potentialAction":[{"@type":"SearchAction","target":{"@type":"EntryPoint","urlTemplate":"https:\/\/skyplanner.ai\/es\/?s={search_term_string}"},"query-input":{"@type":"PropertyValueSpecification","valueRequired":true,"valueName":"search_term_string"}}],"inLanguage":"es"},{"@type":"Organization","@id":"https:\/\/skyplanner.ai\/es\/#organization","name":"SkyPlanner APS","url":"https:\/\/skyplanner.ai\/es\/","logo":{"@type":"ImageObject","inLanguage":"es","@id":"https:\/\/skyplanner.ai\/es\/#\/schema\/logo\/image\/","url":"https:\/\/skyplanner.ai\/wp-content\/uploads\/2022\/05\/Skyplanner-logo-2.svg","contentUrl":"https:\/\/skyplanner.ai\/wp-content\/uploads\/2022\/05\/Skyplanner-logo-2.svg","width":223,"height":43,"caption":"SkyPlanner APS"},"image":{"@id":"https:\/\/skyplanner.ai\/es\/#\/schema\/logo\/image\/"},"sameAs":["https:\/\/www.linkedin.com\/company\/skyplanner-aps\/","https:\/\/www.youtube.com\/@SkyPlannerAPS","https:\/\/www.capterra.com\/p\/265911\/SkyPlanner-APS\/","https:\/\/www.trustradius.com\/products\/skyplanner-aps\/reviews","https:\/\/www.saasworthy.com\/product\/skyplanner-aps","https:\/\/sourceforge.net\/software\/product\/SkyPlanner-APS\/","https:\/\/www.g2.com\/products\/skyplanner-aps\/","https:\/\/www.getapp.com\/project-management-planning-software\/a\/skyplanner-aps\/","https:\/\/www.softwareadvice.com\/cmms\/skyplanner-aps-profile\/"],"description":"AI-powered production scheduling and planning software for manufacturing","foundingDate":"1997","legalName":"Skycode Oy","alternateName":"SkyPlanner","knowsAbout":["Production Scheduling","Advanced Planning and Scheduling","Manufacturing AI","Finite Capacity Scheduling","ERP Integration"],"areaServed":"Worldwide","contactPoint":{"@type":"ContactPoint","contactType":"sales","url":"https:\/\/skyplanner.ai\/trial\/"}}]}},"uagb_featured_image_src":{"full":false,"thumbnail":false,"medium":false,"medium_large":false,"large":false,"1536x1536":false,"2048x2048":false,"betterdocs-category-thumb":false},"uagb_author_info":{"display_name":"skyplanner","author_link":"https:\/\/skyplanner.ai\/es\/author\/skyplanner\/"},"uagb_comment_info":0,"uagb_excerpt":"Acerca de Nosotros \u00abLos cerebros humanos no est\u00e1n dise\u00f1ados para programar manualmente cientos o miles de tareas en una f\u00e1brica. Son m\u00e1s adecuados para pasear por la naturaleza que para programar la producci\u00f3n.\u00ab Impulsado por la inteligencia artificial, SkyPlanner APS es el software de planificaci\u00f3n de la producci\u00f3n m\u00e1s moderno del mercado. Es f\u00e1cil de&hellip;","_links":{"self":[{"href":"https:\/\/skyplanner.ai\/es\/wp-json\/wp\/v2\/pages\/35946","targetHints":{"allow":["GET"]}}],"collection":[{"href":"https:\/\/skyplanner.ai\/es\/wp-json\/wp\/v2\/pages"}],"about":[{"href":"https:\/\/skyplanner.ai\/es\/wp-json\/wp\/v2\/types\/page"}],"author":[{"embeddable":true,"href":"https:\/\/skyplanner.ai\/es\/wp-json\/wp\/v2\/users\/1"}],"replies":[{"embeddable":true,"href":"https:\/\/skyplanner.ai\/es\/wp-json\/wp\/v2\/comments?post=35946"}],"version-history":[{"count":0,"href":"https:\/\/skyplanner.ai\/es\/wp-json\/wp\/v2\/pages\/35946\/revisions"}],"wp:attachment":[{"href":"https:\/\/skyplanner.ai\/es\/wp-json\/wp\/v2\/media?parent=35946"}],"curies":[{"name":"wp","href":"https:\/\/api.w.org\/{rel}","templated":true}]}}