{"id":35942,"date":"2024-07-02T08:10:29","date_gmt":"2024-07-02T08:10:29","guid":{"rendered":"https:\/\/skyplanner.ai\/about-us\/"},"modified":"2025-12-08T08:45:58","modified_gmt":"2025-12-08T08:45:58","slug":"about-us","status":"publish","type":"page","link":"https:\/\/skyplanner.ai\/de\/about-us\/","title":{"rendered":"About us"},"content":{"rendered":"<div class=\"gb-container gb-container-95f3ac01\">\n<div class=\"gb-container gb-container-8106c6a2\">\n<div class=\"gb-container gb-container-865de0eb\"><div class=\"gb-inside-container\">\n\n<div class=\"wp-block-columns is-layout-flex wp-container-core-columns-is-layout-9d6595d7 wp-block-columns-is-layout-flex\">\n<div class=\"wp-block-column is-layout-flow wp-block-column-is-layout-flow\" style=\"flex-basis:50%\"><div class=\"gb-container gb-container-906e61dc\">\n\n<figure class=\"wp-block-image size-large rounded is-style-default\"><img decoding=\"async\" width=\"1024\" height=\"682\" src=\"https:\/\/skyplanner.ai\/wp-content\/uploads\/2024\/06\/about_us-1024x682.jpeg\" alt=\"\" class=\"wp-image-34962\" srcset=\"https:\/\/skyplanner.ai\/wp-content\/uploads\/2024\/06\/about_us-1024x682.jpeg 1024w, https:\/\/skyplanner.ai\/wp-content\/uploads\/2024\/06\/about_us-300x200.jpeg 300w, https:\/\/skyplanner.ai\/wp-content\/uploads\/2024\/06\/about_us-768x512.jpeg 768w, https:\/\/skyplanner.ai\/wp-content\/uploads\/2024\/06\/about_us.jpeg 1280w\" sizes=\"(max-width: 1024px) 100vw, 1024px\" \/><\/figure>\n\n<\/div><\/div>\n\n\n\n<div class=\"wp-block-column is-layout-flow wp-block-column-is-layout-flow\" style=\"flex-basis:50%\"><div class=\"gb-container gb-container-fd442b94\">\n<div class=\"gb-container gb-container-fbdc6dd0\">\n\n<h2 class=\"wp-block-heading has-text-align-center\" id=\"h-about-us\">About us<\/h2>\n\n\n\n<p class=\"has-text-align-center has-medium-font-size\"><em>&#8222;Das menschliche Gehirn ist nicht daf\u00fcr ausgelegt, hunderte oder tausende von Aufgaben in einer Fabrik manuell zu planen. Sie eignen sich besser f\u00fcr Spazierg\u00e4nge in der Natur als f\u00fcr die Produktion von Terminen.<\/em>.<em>&#8222;<\/em><\/p>\n\n\n\n<p class=\"has-text-align-center\" style=\"font-size:24px\">Mit k\u00fcnstlicher Intelligenz ist SkyPlanner APS die modernste Produktionsplanungssoftware auf dem Markt. Es ist leicht einzurichten und einfach zu bedienen.<\/p>\n\n<\/div>\n<\/div><\/div>\n<\/div>\n\n<\/div><\/div>\n<\/div>\n<\/div><div class=\"gb-container gb-container-86a83528\">\n<div class=\"gb-grid-wrapper gb-grid-wrapper-88ba9f7d\">\n<div class=\"gb-grid-column gb-grid-column-7ab1e934\"><div class=\"gb-container gb-container-7ab1e934 backglow\">\n<div class=\"gb-container gb-container-a24ec307\">\n\n<h2 class=\"wp-block-heading has-text-align-center has-text-color\" id=\"h-2100\" style=\"color:#303af2;font-size:62px;font-style:normal;font-weight:900\">2100+<\/h2>\n\n\n\n<p class=\"has-text-align-center\">SkyPlanner Installationen<\/p>\n\n<\/div>\n<\/div><\/div>\n\n<div class=\"gb-grid-column gb-grid-column-a785d916\"><div class=\"gb-container gb-container-a785d916 backglow\">\n<div class=\"gb-container gb-container-ae6908c2\">\n\n<h2 class=\"wp-block-heading has-text-align-center has-text-color\" id=\"h-27\" style=\"color:#303af2;font-size:62px;font-style:normal;font-weight:900\">27<\/h2>\n\n\n\n<p class=\"has-text-align-center\">Jahre der Erfahrung<\/p>\n\n<\/div>\n<\/div><\/div>\n\n<div class=\"gb-grid-column gb-grid-column-f284d427\"><div class=\"gb-container gb-container-f284d427 backglow\">\n<div class=\"gb-container gb-container-c7572b69\">\n\n<h2 class=\"wp-block-heading has-text-align-center has-text-color\" id=\"h-21\" style=\"color:#303af2;font-size:62px;font-style:normal;font-weight:900\">21<\/h2>\n\n\n\n<p class=\"has-text-align-center\">L\u00e4nder mit SkyPlanner Experten<\/p>\n\n<\/div>\n<\/div><\/div>\n<\/div>\n<\/div><div class=\"gb-container gb-container-6e686c8f\">\n\n<figure class=\"wp-block-embed is-type-video is-provider-youtube wp-block-embed-youtube wp-embed-aspect-16-9 wp-has-aspect-ratio\"><div class=\"wp-block-embed__wrapper\">\n<iframe title=\"SkyPlanner&#039;s team and office\" width=\"1200\" height=\"675\" src=\"https:\/\/www.youtube.com\/embed\/SFdpNPCmlks?feature=oembed\" frameborder=\"0\" allow=\"accelerometer; autoplay; clipboard-write; encrypted-media; gyroscope; picture-in-picture; web-share\" referrerpolicy=\"strict-origin-when-cross-origin\" allowfullscreen><\/iframe>\n<\/div><\/figure>\n\n<\/div><div class=\"gb-container gb-container-0ee67634\">\n<div class=\"gb-container gb-container-548ede57\">\n\n<div class=\"wp-block-columns is-layout-flex wp-container-core-columns-is-layout-9d6595d7 wp-block-columns-is-layout-flex\">\n<div class=\"wp-block-column is-layout-flow wp-block-column-is-layout-flow\"><div class=\"gb-container gb-container-83050036\">\n<div class=\"wp-block-image\">\n<figure class=\"alignright size-full\"><img decoding=\"async\" width=\"959\" height=\"586\" src=\"https:\/\/skyplanner.ai\/wp-content\/uploads\/2024\/06\/skycode.jpeg\" alt=\"\" class=\"wp-image-35021\" srcset=\"https:\/\/skyplanner.ai\/wp-content\/uploads\/2024\/06\/skycode.jpeg 959w, https:\/\/skyplanner.ai\/wp-content\/uploads\/2024\/06\/skycode-300x183.jpeg 300w, https:\/\/skyplanner.ai\/wp-content\/uploads\/2024\/06\/skycode-768x469.jpeg 768w\" sizes=\"(max-width: 959px) 100vw, 959px\" \/><\/figure>\n<\/div>\n<\/div><\/div>\n\n\n\n<div class=\"wp-block-column is-layout-flow wp-block-column-is-layout-flow\"><div class=\"gb-container gb-container-ceaedc69\">\n\n<h2 class=\"wp-block-heading has-x-large-font-size\" id=\"h-our-story\">Unsere Geschichte<\/h2>\n\n\n\n<p>SkyPlanner APS wird von dem finnischen Unternehmen Skycode Oy entwickelt und weltweit vertrieben. Es spielt keine Rolle, wo auf der Welt sich Ihr Unternehmen befindet, in welcher Branche Sie t\u00e4tig sind oder wie gro\u00df Ihr Unternehmen ist. Wir und unser internationales Partnernetzwerk bieten zuverl\u00e4ssige Dienstleistungen, die auf die Bed\u00fcrfnisse Ihres Unternehmens zugeschnitten sind. Falls gew\u00fcnscht, k\u00f6nnen Sie SkyPlanner in Ihrer Muttersprache verwenden.<\/p>\n\n\n\n<p>Unser Unternehmen, Skycode Oy, wurde vor 27 Jahren im Jahr 1997 gegr\u00fcndet. Wir sind spezialisiert auf ma\u00dfgeschneiderte Software f\u00fcr die Industrie und ERP-Integrationen. Dies war eine hervorragende Grundlage f\u00fcr die Entwicklung von SkyPlanner, die 2016 in Zusammenarbeit mit unseren Kunden begann.<\/p>\n\n<\/div><\/div>\n<\/div>\n\n<\/div>\n<\/div><div class=\"gb-container gb-container-ecf82a77\">\n<div class=\"gb-container gb-container-c1fd2326\">\n<div class=\"gb-container gb-container-373069a5\">\n<div class=\"gb-grid-wrapper gb-grid-wrapper-ae22fb5f\">\n<div class=\"gb-grid-column gb-grid-column-45002862\"><div class=\"gb-container gb-container-45002862\">\n<div class=\"gb-container gb-container-4fefabbe\">\n\n<h3 class=\"wp-block-heading has-base-3-color has-text-color\" id=\"h-integration\">Integration<\/h3>\n\n\n\n<p class=\"has-base-3-color has-text-color\">SkyPlanner enth\u00e4lt eine moderne und umfangreiche REST-API-Schnittstelle f\u00fcr Integrationen. Sie k\u00f6nnen die Integration selbst erstellen, Ihren bestehenden Integrationspartner nutzen oder Integrationsdienste bei uns bestellen. Dank unserer jahrzehntelangen Integrationserfahrung kann SkyPlanner mit jeder anderen Software integriert werden &#8211; das ist unser Versprechen.<\/p>\n\n<\/div>\n<\/div><\/div>\n\n<div class=\"gb-grid-column gb-grid-column-d65b454d\"><div class=\"gb-container gb-container-d65b454d\">\n<div class=\"gb-container gb-container-e441b4ed\">\n\n<figure class=\"wp-block-image size-full\"><img decoding=\"async\" width=\"301\" height=\"301\" src=\"https:\/\/skyplanner.ai\/wp-content\/uploads\/2023\/12\/e384cf5b3ca8cd9cf46508b95ea672db.png\" alt=\"\" class=\"wp-image-32041\" srcset=\"https:\/\/skyplanner.ai\/wp-content\/uploads\/2023\/12\/e384cf5b3ca8cd9cf46508b95ea672db.png 301w, https:\/\/skyplanner.ai\/wp-content\/uploads\/2023\/12\/e384cf5b3ca8cd9cf46508b95ea672db-150x150.png 150w\" sizes=\"(max-width: 301px) 100vw, 301px\" \/><\/figure>\n\n<\/div>\n<\/div><\/div>\n<\/div>\n<\/div>\n<\/div>\n<\/div><div class=\"gb-container gb-container-34317aad\">\n\n<div class=\"wp-block-columns is-layout-flex wp-container-core-columns-is-layout-9d6595d7 wp-block-columns-is-layout-flex\">\n<div class=\"wp-block-column is-layout-flow wp-block-column-is-layout-flow\"><div class=\"gb-container gb-container-e5ae920d\">\n<div class=\"gb-container gb-container-ff0d9ce2\">\n\n<h3 class=\"wp-block-heading has-text-align-center has-large-font-size\" id=\"h-new-era\"><strong>Neue \u00c4ra<\/strong><\/h3>\n\n\n\n<p>Vor Jahren haben wir festgestellt, dass Tabellenkalkulationssoftware der absolute Marktf\u00fchrer bei Produktionsplanungssoftware war. Auch alle anderen verf\u00fcgbaren Programme basierten in der Regel auf einer manuellen Produktionsplanung. Doch niemand mochte die manuelle Produktionsplanung, und es gab keine ausreichend guten Alternativen.<\/p>\n\n\n\n<p>Die Fabriken sind ineffizient und die Produktionsplaner stehen unter gro\u00dfem Stress, wenn die Produktionspl\u00e4ne suboptimal sind und trotzdem unglaublich viel Zeit f\u00fcr die Erstellung ben\u00f6tigen. Die Fabriken sind nicht ausgelastet, und die Zuverl\u00e4ssigkeit bei der Lieferung von Auftr\u00e4gen ist schlecht.<\/p>\n\n\n\n<p>Wir hatten von Anfang an die klare Vision, dass k\u00fcnstliche Intelligenz die beste Technologie f\u00fcr die automatische Produktionsplanung ist, weil sie sich gut an die Anforderungen der verschiedenen Produktionsprozesse anpasst. So k\u00f6nnen Sie SkyPlanner f\u00fcr verschiedene Branchen konfigurieren und sogar spezielle Anforderungen ber\u00fccksichtigen, ohne den Algorithmus zu \u00e4ndern. Sie leiten immer noch die Operationen der KI, denn die Zusammenarbeit von menschlicher und k\u00fcnstlicher Intelligenz ist die beste Kombination.<\/p>\n\n\n\n<p>KI ist auch der schnellste Weg, um diese Art von mathematischen Berechnungen durchzuf\u00fchren. Wir halten Geschwindigkeit f\u00fcr sehr wichtig, daher ist die von uns f\u00fcr SkyPlanner entwickelte KI Arcturus die schnellste KI der Welt f\u00fcr die Produktionsplanung, selbst bei gro\u00dfen Produktionen.<\/p>\n\n\n\n<p>Tabellenkalkulationen waren noch nie die beste Software f\u00fcr die Produktionsoptimierung, aber die Menschen konnten sie selbst nutzen und nach Belieben anpassen. Wir haben SkyPlanner so gestaltet, dass es ohne umfangreiche und teure IT-Projekte noch einfacher zu implementieren ist. Sie k\u00f6nnen SkyPlanner noch heute \u00fcber unsere Website selbst nutzen. Wir bieten Ihnen eine umfangreiche Bibliothek mit Anleitungen und Lehrvideos, damit Sie die Software selbst\u00e4ndig erlernen k\u00f6nnen. Wir vertrauen unserer Software so sehr, dass Sie SkyPlanner mit einer kostenlosen Testphase ausprobieren k\u00f6nnen, bevor Sie eine Kaufentscheidung treffen.<\/p>\n\n<\/div>\n<\/div><\/div>\n\n\n\n<div class=\"wp-block-column is-layout-flow wp-block-column-is-layout-flow\"><div class=\"gb-container gb-container-06653eb2\">\n<div class=\"gb-container gb-container-5eba43cc\">\n\n<h3 class=\"wp-block-heading has-text-align-center has-large-font-size\" id=\"h-our-services\"><strong>Unsere Dienstleistungen<\/strong><\/h3>\n\n\n\n<p class=\"has-text-align-center\">Wir verstehen, dass viele Kunden die Implementierungsschulung durch unsere Experten als zus\u00e4tzlichen Service erwerben m\u00f6chten. Einige m\u00f6chten Anpassungen und Integrationen, die auf ihre W\u00fcnsche f\u00fcr SkyPlanner zugeschnitten sind. Wir bieten Ihnen all diese zus\u00e4tzlichen Dienstleistungen mit viel Erfahrung. Dar\u00fcber hinaus steht Ihnen unser internationales Partnernetzwerk in fast allen Kontinenten und Zeitzonen zur Verf\u00fcgung. Nehmen Sie Kontakt mit uns auf, und wir erz\u00e4hlen Ihnen mehr \u00fcber unsere fachkundigen Dienstleistungen.<\/p>\n\n\n\n<p class=\"has-text-align-center\">Unser Unternehmen ist hoch motiviert und verf\u00fcgt \u00fcber umfangreiche Branchenerfahrung. Wenn Sie SkyPlanner verwenden, sind Sie nie allein. Zus\u00e4tzlich zu den Schulungsunterlagen k\u00f6nnen Sie auch unseren Support per Chat, Videoanruf, E-Mail und Telefon in Anspruch nehmen. Bei Bedarf organisieren wir auch Workshops in den Produktionsst\u00e4tten unserer Kunden weltweit.<\/p>\n\n\n\n<p class=\"has-text-align-center\">Wir haben nicht nur Technologie, sondern auch unser Herz in diese Software gesteckt. Wir wollen die Besten der Welt sein in dem, was wir tun, und Ihnen endlich die Arbeit in der Produktionsplanung erleichtern.<\/p>\n\n\n\n<p class=\"has-text-align-center\">Wir m\u00f6chten sicherstellen, dass keine Fabrik mehr mit manueller Produktionsplanung k\u00e4mpfen muss.<\/p>\n\n\n\n<p class=\"has-text-align-center\">Hier sind Sie richtig, wenn Sie die manuelle Produktionsplanung loswerden und Ihre Produktionseffizienz verbessern m\u00f6chten. SkyPlanner ist hier, um die Zukunft der Industrie zu ver\u00e4ndern. Beginnen Sie noch heute mit SkyPlanner.<\/p>\n\n<\/div>\n<\/div><\/div>\n<\/div>\n\n<\/div><div class=\"gb-container gb-container-1d2bde4a backglow  pricing\">\n\n<h3 class=\"wp-block-heading\" id=\"h-company-information\">Informationen zum Unternehmen<\/h3>\n\n\n\n<div class=\"wp-block-columns is-layout-flex wp-container-core-columns-is-layout-9d6595d7 wp-block-columns-is-layout-flex\">\n<div class=\"wp-block-column is-layout-flow wp-block-column-is-layout-flow\">\n<p><strong>Firmenname<\/strong><br\/>Skycode Oy<br\/><br\/><strong>Firmennummer<\/strong><br\/>FI22049470<br\/><br\/><strong>Firmensitz<\/strong><br\/>Rantakatu 2 G 11, 65100 Vaasa, Finnland<br\/><br\/><strong>Telefonnummer des Unternehmens<\/strong><br\/><a href=\"tel:+358407000002\">+358 40 700 0002<\/a><\/p>\n<\/div>\n\n\n\n<div class=\"wp-block-column is-layout-flow wp-block-column-is-layout-flow\">\n<p><strong>Support<\/strong><br\/>support@skyplanner.ai<br\/><br\/><strong>Verkauf<\/strong><br\/>jussi@skycode.fi<br\/><br\/><strong>Finanzabteilung<\/strong><br\/>niko@skycode.fi<\/p>\n<\/div>\n<\/div>\n\n\n\t\t\t<div \n\t\t\tclass=\"wp-block-uagb-google-map uagb-google-map__wrap uagb-block-c0d340a1     \"\n\t\t\tstyle=\"\" >\n\t\t\t\t<embed\n\t\t\t\t\tclass=\"uagb-google-map__iframe\"\n\t\t\t\t\ttitle=\"Google Map for \"\n\t\t\t\t\tsrc=\"https:\/\/maps.google.com\/maps?q=Skycode%20Rantakatu%202%20G%2011%2C%2065100%20Vaasa&#038;z=12&#038;hl=en&#038;t=m&#038;output=embed&#038;iwloc=near\"\n\t\t\t\t\twidth=\"640\"\n\t\t\t\t\theight=\"300\"\n\t\t\t\t\tloading=\"lazy\"\n\t\t\t\t><\/embed>\n\t\t\t<\/div>\n\t\t\t\n<\/div>","protected":false},"excerpt":{"rendered":"<p>About us &#8222;Das menschliche Gehirn ist nicht daf\u00fcr ausgelegt, hunderte oder tausende von Aufgaben in einer Fabrik manuell zu planen. Sie eignen sich besser f\u00fcr Spazierg\u00e4nge in der Natur als f\u00fcr die Produktion von Terminen..&#8222; Mit k\u00fcnstlicher Intelligenz ist SkyPlanner APS die modernste Produktionsplanungssoftware auf dem Markt. Es ist leicht einzurichten und einfach zu bedienen. &#8230; <a title=\"About us\" class=\"read-more\" href=\"https:\/\/skyplanner.ai\/de\/about-us\/\" aria-label=\"Mehr Informationen \u00fcber About us\">Weiterlesen &#8230;<\/a><\/p>\n","protected":false},"author":1,"featured_media":0,"parent":0,"menu_order":0,"comment_status":"closed","ping_status":"closed","template":"","meta":{"inline_featured_image":false,"_uag_custom_page_level_css":"","footnotes":""},"class_list":["post-35942","page","type-page","status-publish"],"acf":[],"yoast_head":"<!-- This site is optimized with the Yoast SEO Premium plugin v26.9 (Yoast SEO v27.0) - https:\/\/yoast.com\/product\/yoast-seo-premium-wordpress\/ -->\n<title>About us &#8211; SkyPlanner<\/title>\n<meta name=\"robots\" content=\"index, follow, max-snippet:-1, max-image-preview:large, max-video-preview:-1\" \/>\n<link rel=\"canonical\" href=\"https:\/\/skyplanner.ai\/de\/about-us\/\" \/>\n<meta property=\"og:locale\" content=\"de_DE\" \/>\n<meta property=\"og:type\" content=\"article\" \/>\n<meta property=\"og:title\" content=\"About us\" \/>\n<meta property=\"og:description\" content=\"About us &#8222;Das menschliche Gehirn ist nicht daf\u00fcr ausgelegt, hunderte oder tausende von Aufgaben in einer Fabrik manuell zu planen. Sie eignen sich besser f\u00fcr Spazierg\u00e4nge in der Natur als f\u00fcr die Produktion von Terminen..&#8222; Mit k\u00fcnstlicher Intelligenz ist SkyPlanner APS die modernste Produktionsplanungssoftware auf dem Markt. Es ist leicht einzurichten und einfach zu bedienen. ... Weiterlesen ...\" \/>\n<meta property=\"og:url\" content=\"https:\/\/skyplanner.ai\/de\/about-us\/\" \/>\n<meta property=\"og:site_name\" content=\"SkyPlanner\" \/>\n<meta property=\"article:modified_time\" content=\"2025-12-08T08:45:58+00:00\" \/>\n<meta property=\"og:image\" content=\"https:\/\/skyplanner.ai\/wp-content\/uploads\/2024\/06\/about_us.jpeg\" \/>\n\t<meta property=\"og:image:width\" content=\"1280\" \/>\n\t<meta property=\"og:image:height\" content=\"853\" \/>\n\t<meta property=\"og:image:type\" content=\"image\/jpeg\" \/>\n<meta name=\"twitter:card\" content=\"summary_large_image\" \/>\n<meta name=\"twitter:label1\" content=\"Gesch\u00e4tzte Lesezeit\" \/>\n\t<meta name=\"twitter:data1\" content=\"4\u00a0Minuten\" \/>\n<script type=\"application\/ld+json\" class=\"yoast-schema-graph\">{\"@context\":\"https:\/\/schema.org\",\"@graph\":[{\"@type\":\"WebPage\",\"@id\":\"https:\/\/skyplanner.ai\/de\/about-us\/\",\"url\":\"https:\/\/skyplanner.ai\/de\/about-us\/\",\"name\":\"About us &#8211; SkyPlanner\",\"isPartOf\":{\"@id\":\"https:\/\/skyplanner.ai\/de\/#website\"},\"primaryImageOfPage\":{\"@id\":\"https:\/\/skyplanner.ai\/de\/about-us\/#primaryimage\"},\"image\":{\"@id\":\"https:\/\/skyplanner.ai\/de\/about-us\/#primaryimage\"},\"thumbnailUrl\":\"https:\/\/skyplanner.ai\/wp-content\/uploads\/2024\/06\/about_us-1024x682.jpeg\",\"datePublished\":\"2024-07-02T08:10:29+00:00\",\"dateModified\":\"2025-12-08T08:45:58+00:00\",\"breadcrumb\":{\"@id\":\"https:\/\/skyplanner.ai\/de\/about-us\/#breadcrumb\"},\"inLanguage\":\"de\",\"potentialAction\":[{\"@type\":\"ReadAction\",\"target\":[\"https:\/\/skyplanner.ai\/de\/about-us\/\"]}]},{\"@type\":\"ImageObject\",\"inLanguage\":\"de\",\"@id\":\"https:\/\/skyplanner.ai\/de\/about-us\/#primaryimage\",\"url\":\"https:\/\/skyplanner.ai\/wp-content\/uploads\/2024\/06\/about_us-1024x682.jpeg\",\"contentUrl\":\"https:\/\/skyplanner.ai\/wp-content\/uploads\/2024\/06\/about_us-1024x682.jpeg\"},{\"@type\":\"BreadcrumbList\",\"@id\":\"https:\/\/skyplanner.ai\/de\/about-us\/#breadcrumb\",\"itemListElement\":[{\"@type\":\"ListItem\",\"position\":1,\"name\":\"Home\",\"item\":\"https:\/\/skyplanner.ai\/de\/hauptseite\/\"},{\"@type\":\"ListItem\",\"position\":2,\"name\":\"About us\"}]},{\"@type\":\"WebSite\",\"@id\":\"https:\/\/skyplanner.ai\/de\/#website\",\"url\":\"https:\/\/skyplanner.ai\/de\/\",\"name\":\"SkyPlanner\",\"description\":\"AI-powered production scheduling and planning software\",\"publisher\":{\"@id\":\"https:\/\/skyplanner.ai\/de\/#organization\"},\"potentialAction\":[{\"@type\":\"SearchAction\",\"target\":{\"@type\":\"EntryPoint\",\"urlTemplate\":\"https:\/\/skyplanner.ai\/de\/?s={search_term_string}\"},\"query-input\":{\"@type\":\"PropertyValueSpecification\",\"valueRequired\":true,\"valueName\":\"search_term_string\"}}],\"inLanguage\":\"de\"},{\"@type\":\"Organization\",\"@id\":\"https:\/\/skyplanner.ai\/de\/#organization\",\"name\":\"SkyPlanner APS\",\"url\":\"https:\/\/skyplanner.ai\/de\/\",\"logo\":{\"@type\":\"ImageObject\",\"inLanguage\":\"de\",\"@id\":\"https:\/\/skyplanner.ai\/de\/#\/schema\/logo\/image\/\",\"url\":\"https:\/\/skyplanner.ai\/wp-content\/uploads\/2022\/05\/Skyplanner-logo-2.svg\",\"contentUrl\":\"https:\/\/skyplanner.ai\/wp-content\/uploads\/2022\/05\/Skyplanner-logo-2.svg\",\"width\":223,\"height\":43,\"caption\":\"SkyPlanner APS\"},\"image\":{\"@id\":\"https:\/\/skyplanner.ai\/de\/#\/schema\/logo\/image\/\"},\"sameAs\":[\"https:\/\/www.linkedin.com\/company\/skyplanner-aps\/\",\"https:\/\/www.youtube.com\/@SkyPlannerAPS\",\"https:\/\/www.capterra.com\/p\/265911\/SkyPlanner-APS\/\",\"https:\/\/www.trustradius.com\/products\/skyplanner-aps\/reviews\",\"https:\/\/www.saasworthy.com\/product\/skyplanner-aps\",\"https:\/\/sourceforge.net\/software\/product\/SkyPlanner-APS\/\",\"https:\/\/www.g2.com\/products\/skyplanner-aps\/\",\"https:\/\/www.getapp.com\/project-management-planning-software\/a\/skyplanner-aps\/\",\"https:\/\/www.softwareadvice.com\/cmms\/skyplanner-aps-profile\/\"],\"description\":\"AI-powered production scheduling and planning software for manufacturing\",\"foundingDate\":\"1997\",\"legalName\":\"Skycode Oy\",\"alternateName\":\"SkyPlanner\",\"knowsAbout\":[\"Production Scheduling\",\"Advanced Planning and Scheduling\",\"Manufacturing AI\",\"Finite Capacity Scheduling\",\"ERP Integration\"],\"areaServed\":\"Worldwide\",\"contactPoint\":{\"@type\":\"ContactPoint\",\"contactType\":\"sales\",\"url\":\"https:\/\/skyplanner.ai\/trial\/\"}}]}<\/script>\n<!-- \/ Yoast SEO Premium plugin. -->","yoast_head_json":{"title":"About us &#8211; SkyPlanner","robots":{"index":"index","follow":"follow","max-snippet":"max-snippet:-1","max-image-preview":"max-image-preview:large","max-video-preview":"max-video-preview:-1"},"canonical":"https:\/\/skyplanner.ai\/de\/about-us\/","og_locale":"de_DE","og_type":"article","og_title":"About us","og_description":"About us &#8222;Das menschliche Gehirn ist nicht daf\u00fcr ausgelegt, hunderte oder tausende von Aufgaben in einer Fabrik manuell zu planen. Sie eignen sich besser f\u00fcr Spazierg\u00e4nge in der Natur als f\u00fcr die Produktion von Terminen..&#8222; Mit k\u00fcnstlicher Intelligenz ist SkyPlanner APS die modernste Produktionsplanungssoftware auf dem Markt. Es ist leicht einzurichten und einfach zu bedienen. ... Weiterlesen ...","og_url":"https:\/\/skyplanner.ai\/de\/about-us\/","og_site_name":"SkyPlanner","article_modified_time":"2025-12-08T08:45:58+00:00","og_image":[{"width":1280,"height":853,"url":"https:\/\/skyplanner.ai\/wp-content\/uploads\/2024\/06\/about_us.jpeg","type":"image\/jpeg"}],"twitter_card":"summary_large_image","twitter_misc":{"Gesch\u00e4tzte Lesezeit":"4\u00a0Minuten"},"schema":{"@context":"https:\/\/schema.org","@graph":[{"@type":"WebPage","@id":"https:\/\/skyplanner.ai\/de\/about-us\/","url":"https:\/\/skyplanner.ai\/de\/about-us\/","name":"About us &#8211; SkyPlanner","isPartOf":{"@id":"https:\/\/skyplanner.ai\/de\/#website"},"primaryImageOfPage":{"@id":"https:\/\/skyplanner.ai\/de\/about-us\/#primaryimage"},"image":{"@id":"https:\/\/skyplanner.ai\/de\/about-us\/#primaryimage"},"thumbnailUrl":"https:\/\/skyplanner.ai\/wp-content\/uploads\/2024\/06\/about_us-1024x682.jpeg","datePublished":"2024-07-02T08:10:29+00:00","dateModified":"2025-12-08T08:45:58+00:00","breadcrumb":{"@id":"https:\/\/skyplanner.ai\/de\/about-us\/#breadcrumb"},"inLanguage":"de","potentialAction":[{"@type":"ReadAction","target":["https:\/\/skyplanner.ai\/de\/about-us\/"]}]},{"@type":"ImageObject","inLanguage":"de","@id":"https:\/\/skyplanner.ai\/de\/about-us\/#primaryimage","url":"https:\/\/skyplanner.ai\/wp-content\/uploads\/2024\/06\/about_us-1024x682.jpeg","contentUrl":"https:\/\/skyplanner.ai\/wp-content\/uploads\/2024\/06\/about_us-1024x682.jpeg"},{"@type":"BreadcrumbList","@id":"https:\/\/skyplanner.ai\/de\/about-us\/#breadcrumb","itemListElement":[{"@type":"ListItem","position":1,"name":"Home","item":"https:\/\/skyplanner.ai\/de\/hauptseite\/"},{"@type":"ListItem","position":2,"name":"About us"}]},{"@type":"WebSite","@id":"https:\/\/skyplanner.ai\/de\/#website","url":"https:\/\/skyplanner.ai\/de\/","name":"SkyPlanner","description":"AI-powered production scheduling and planning software","publisher":{"@id":"https:\/\/skyplanner.ai\/de\/#organization"},"potentialAction":[{"@type":"SearchAction","target":{"@type":"EntryPoint","urlTemplate":"https:\/\/skyplanner.ai\/de\/?s={search_term_string}"},"query-input":{"@type":"PropertyValueSpecification","valueRequired":true,"valueName":"search_term_string"}}],"inLanguage":"de"},{"@type":"Organization","@id":"https:\/\/skyplanner.ai\/de\/#organization","name":"SkyPlanner APS","url":"https:\/\/skyplanner.ai\/de\/","logo":{"@type":"ImageObject","inLanguage":"de","@id":"https:\/\/skyplanner.ai\/de\/#\/schema\/logo\/image\/","url":"https:\/\/skyplanner.ai\/wp-content\/uploads\/2022\/05\/Skyplanner-logo-2.svg","contentUrl":"https:\/\/skyplanner.ai\/wp-content\/uploads\/2022\/05\/Skyplanner-logo-2.svg","width":223,"height":43,"caption":"SkyPlanner APS"},"image":{"@id":"https:\/\/skyplanner.ai\/de\/#\/schema\/logo\/image\/"},"sameAs":["https:\/\/www.linkedin.com\/company\/skyplanner-aps\/","https:\/\/www.youtube.com\/@SkyPlannerAPS","https:\/\/www.capterra.com\/p\/265911\/SkyPlanner-APS\/","https:\/\/www.trustradius.com\/products\/skyplanner-aps\/reviews","https:\/\/www.saasworthy.com\/product\/skyplanner-aps","https:\/\/sourceforge.net\/software\/product\/SkyPlanner-APS\/","https:\/\/www.g2.com\/products\/skyplanner-aps\/","https:\/\/www.getapp.com\/project-management-planning-software\/a\/skyplanner-aps\/","https:\/\/www.softwareadvice.com\/cmms\/skyplanner-aps-profile\/"],"description":"AI-powered production scheduling and planning software for manufacturing","foundingDate":"1997","legalName":"Skycode Oy","alternateName":"SkyPlanner","knowsAbout":["Production Scheduling","Advanced Planning and Scheduling","Manufacturing AI","Finite Capacity Scheduling","ERP Integration"],"areaServed":"Worldwide","contactPoint":{"@type":"ContactPoint","contactType":"sales","url":"https:\/\/skyplanner.ai\/trial\/"}}]}},"uagb_featured_image_src":{"full":false,"thumbnail":false,"medium":false,"medium_large":false,"large":false,"1536x1536":false,"2048x2048":false,"betterdocs-category-thumb":false},"uagb_author_info":{"display_name":"skyplanner","author_link":"https:\/\/skyplanner.ai\/de\/author\/skyplanner\/"},"uagb_comment_info":0,"uagb_excerpt":"About us &#8222;Das menschliche Gehirn ist nicht daf\u00fcr ausgelegt, hunderte oder tausende von Aufgaben in einer Fabrik manuell zu planen. Sie eignen sich besser f\u00fcr Spazierg\u00e4nge in der Natur als f\u00fcr die Produktion von Terminen..&#8222; Mit k\u00fcnstlicher Intelligenz ist SkyPlanner APS die modernste Produktionsplanungssoftware auf dem Markt. Es ist leicht einzurichten und einfach zu bedienen.&hellip;","_links":{"self":[{"href":"https:\/\/skyplanner.ai\/de\/wp-json\/wp\/v2\/pages\/35942","targetHints":{"allow":["GET"]}}],"collection":[{"href":"https:\/\/skyplanner.ai\/de\/wp-json\/wp\/v2\/pages"}],"about":[{"href":"https:\/\/skyplanner.ai\/de\/wp-json\/wp\/v2\/types\/page"}],"author":[{"embeddable":true,"href":"https:\/\/skyplanner.ai\/de\/wp-json\/wp\/v2\/users\/1"}],"replies":[{"embeddable":true,"href":"https:\/\/skyplanner.ai\/de\/wp-json\/wp\/v2\/comments?post=35942"}],"version-history":[{"count":0,"href":"https:\/\/skyplanner.ai\/de\/wp-json\/wp\/v2\/pages\/35942\/revisions"}],"wp:attachment":[{"href":"https:\/\/skyplanner.ai\/de\/wp-json\/wp\/v2\/media?parent=35942"}],"curies":[{"name":"wp","href":"https:\/\/api.w.org\/{rel}","templated":true}]}}