{"id":35907,"date":"2024-07-02T08:10:29","date_gmt":"2024-07-02T08:10:29","guid":{"rendered":"https:\/\/skyplanner.ai\/om-os\/"},"modified":"2025-12-08T08:42:33","modified_gmt":"2025-12-08T08:42:33","slug":"om-os","status":"publish","type":"page","link":"https:\/\/skyplanner.ai\/da\/om-os\/","title":{"rendered":"Om os"},"content":{"rendered":"<div class=\"gb-container gb-container-95f3ac01\">\n<div class=\"gb-container gb-container-8106c6a2\">\n<div class=\"gb-container gb-container-865de0eb\"><div class=\"gb-inside-container\">\n\n<div class=\"wp-block-columns is-layout-flex wp-container-core-columns-is-layout-9d6595d7 wp-block-columns-is-layout-flex\">\n<div class=\"wp-block-column is-layout-flow wp-block-column-is-layout-flow\" style=\"flex-basis:50%\"><div class=\"gb-container gb-container-906e61dc\">\n\n<figure class=\"wp-block-image size-large rounded is-style-default\"><img decoding=\"async\" width=\"1024\" height=\"682\" src=\"https:\/\/skyplanner.ai\/wp-content\/uploads\/2024\/06\/about_us-1024x682.jpeg\" alt=\"\" class=\"wp-image-34962\" srcset=\"https:\/\/skyplanner.ai\/wp-content\/uploads\/2024\/06\/about_us-1024x682.jpeg 1024w, https:\/\/skyplanner.ai\/wp-content\/uploads\/2024\/06\/about_us-300x200.jpeg 300w, https:\/\/skyplanner.ai\/wp-content\/uploads\/2024\/06\/about_us-768x512.jpeg 768w, https:\/\/skyplanner.ai\/wp-content\/uploads\/2024\/06\/about_us.jpeg 1280w\" sizes=\"(max-width: 1024px) 100vw, 1024px\" \/><\/figure>\n\n<\/div><\/div>\n\n\n\n<div class=\"wp-block-column is-layout-flow wp-block-column-is-layout-flow\" style=\"flex-basis:50%\"><div class=\"gb-container gb-container-fd442b94\">\n<div class=\"gb-container gb-container-fbdc6dd0\">\n\n<h2 class=\"wp-block-heading has-text-align-center\" id=\"h-about-us\">Om os<\/h2>\n\n\n\n<p class=\"has-text-align-center has-medium-font-size\"><em>&#8220;Menneskehjerner er ikke designet til at planl\u00e6gge hundredvis eller tusindvis af opgaver manuelt p\u00e5 en fabrik. De er bedre egnet til at g\u00e5 i naturen end til at planl\u00e6gge produktion.<\/em>.<em>&#8220;<\/em><\/p>\n\n\n\n<p class=\"has-text-align-center\" style=\"font-size:24px\">SkyPlanner APS er drevet af kunstig intelligens og er den mest moderne software til produktionsplanl\u00e6gning p\u00e5 markedet. Den er nem at s\u00e6tte op og nem at bruge.<\/p>\n\n<\/div>\n<\/div><\/div>\n<\/div>\n\n<\/div><\/div>\n<\/div>\n<\/div><div class=\"gb-container gb-container-86a83528\">\n<div class=\"gb-grid-wrapper gb-grid-wrapper-88ba9f7d\">\n<div class=\"gb-grid-column gb-grid-column-7ab1e934\"><div class=\"gb-container gb-container-7ab1e934 backglow\">\n<div class=\"gb-container gb-container-a24ec307\">\n\n<h2 class=\"wp-block-heading has-text-align-center has-text-color\" id=\"h-2100\" style=\"color:#303af2;font-size:62px;font-style:normal;font-weight:900\">2100+<\/h2>\n\n\n\n<p class=\"has-text-align-center\">SkyPlanner-installationer<\/p>\n\n<\/div>\n<\/div><\/div>\n\n<div class=\"gb-grid-column gb-grid-column-a785d916\"><div class=\"gb-container gb-container-a785d916 backglow\">\n<div class=\"gb-container gb-container-ae6908c2\">\n\n<h2 class=\"wp-block-heading has-text-align-center has-text-color\" id=\"h-27\" style=\"color:#303af2;font-size:62px;font-style:normal;font-weight:900\">27<\/h2>\n\n\n\n<p class=\"has-text-align-center\">Antal \u00e5rs erfaring<\/p>\n\n<\/div>\n<\/div><\/div>\n\n<div class=\"gb-grid-column gb-grid-column-f284d427\"><div class=\"gb-container gb-container-f284d427 backglow\">\n<div class=\"gb-container gb-container-c7572b69\">\n\n<h2 class=\"wp-block-heading has-text-align-center has-text-color\" id=\"h-21\" style=\"color:#303af2;font-size:62px;font-style:normal;font-weight:900\">21<\/h2>\n\n\n\n<p class=\"has-text-align-center\">Lande med SkyPlanner-eksperter<\/p>\n\n<\/div>\n<\/div><\/div>\n<\/div>\n<\/div><div class=\"gb-container gb-container-6e686c8f\">\n\n<figure class=\"wp-block-embed is-type-video is-provider-youtube wp-block-embed-youtube wp-embed-aspect-16-9 wp-has-aspect-ratio\"><div class=\"wp-block-embed__wrapper\">\n<iframe title=\"SkyPlanner&#039;s team and office\" width=\"1200\" height=\"675\" src=\"https:\/\/www.youtube.com\/embed\/SFdpNPCmlks?feature=oembed\" frameborder=\"0\" allow=\"accelerometer; autoplay; clipboard-write; encrypted-media; gyroscope; picture-in-picture; web-share\" referrerpolicy=\"strict-origin-when-cross-origin\" allowfullscreen><\/iframe>\n<\/div><\/figure>\n\n<\/div><div class=\"gb-container gb-container-0ee67634\">\n<div class=\"gb-container gb-container-548ede57\">\n\n<div class=\"wp-block-columns is-layout-flex wp-container-core-columns-is-layout-9d6595d7 wp-block-columns-is-layout-flex\">\n<div class=\"wp-block-column is-layout-flow wp-block-column-is-layout-flow\"><div class=\"gb-container gb-container-83050036\">\n<div class=\"wp-block-image\">\n<figure class=\"alignright size-full\"><img decoding=\"async\" width=\"959\" height=\"586\" src=\"https:\/\/skyplanner.ai\/wp-content\/uploads\/2024\/06\/skycode.jpeg\" alt=\"\" class=\"wp-image-35021\" srcset=\"https:\/\/skyplanner.ai\/wp-content\/uploads\/2024\/06\/skycode.jpeg 959w, https:\/\/skyplanner.ai\/wp-content\/uploads\/2024\/06\/skycode-300x183.jpeg 300w, https:\/\/skyplanner.ai\/wp-content\/uploads\/2024\/06\/skycode-768x469.jpeg 768w\" sizes=\"(max-width: 959px) 100vw, 959px\" \/><\/figure>\n<\/div>\n<\/div><\/div>\n\n\n\n<div class=\"wp-block-column is-layout-flow wp-block-column-is-layout-flow\"><div class=\"gb-container gb-container-ceaedc69\">\n\n<h2 class=\"wp-block-heading has-x-large-font-size\" id=\"h-our-story\">Vores historie<\/h2>\n\n\n\n<p>SkyPlanner APS er udviklet af det finske firma Skycode Oy og distribueres over hele verden. Det er ligegyldigt, hvor i verden din virksomhed befinder sig, hvilken branche du arbejder i, eller hvor stor din virksomhed er. Vi og vores internationale partnernetv\u00e6rk leverer p\u00e5lidelige tjenester, der er skr\u00e6ddersyet til din virksomheds behov. Hvis du \u00f8nsker det, kan du bruge SkyPlanner p\u00e5 dit modersm\u00e5l.<\/p>\n\n\n\n<p>Vores virksomhed, Skycode Oy, blev grundlagt for 27 \u00e5r siden i 1997. Vi specialiserer os i skr\u00e6ddersyet software til industrien og ERP-integrationer. Det var et fremragende grundlag for at udvikle SkyPlanner, som begyndte i samarbejde med vores kunder i 2016.<\/p>\n\n<\/div><\/div>\n<\/div>\n\n<\/div>\n<\/div><div class=\"gb-container gb-container-ecf82a77\">\n<div class=\"gb-container gb-container-c1fd2326\">\n<div class=\"gb-container gb-container-373069a5\">\n<div class=\"gb-grid-wrapper gb-grid-wrapper-ae22fb5f\">\n<div class=\"gb-grid-column gb-grid-column-45002862\"><div class=\"gb-container gb-container-45002862\">\n<div class=\"gb-container gb-container-4fefabbe\">\n\n<h3 class=\"wp-block-heading has-base-3-color has-text-color\" id=\"h-integration\">Integration<\/h3>\n\n\n\n<p class=\"has-base-3-color has-text-color\">SkyPlanner indeholder en moderne og omfattende REST API-gr\u00e6nseflade til integrationer. Du kan skabe integrationen selv, bruge din eksisterende integrationspartner eller bestille integrationstjenester hos os. Takket v\u00e6re vores \u00e5rtier lange erfaring med integration kan SkyPlanner integreres med al anden software &#8211; det er vores l\u00f8fte.<\/p>\n\n<\/div>\n<\/div><\/div>\n\n<div class=\"gb-grid-column gb-grid-column-d65b454d\"><div class=\"gb-container gb-container-d65b454d\">\n<div class=\"gb-container gb-container-e441b4ed\">\n\n<figure class=\"wp-block-image size-full\"><img decoding=\"async\" width=\"301\" height=\"301\" src=\"https:\/\/skyplanner.ai\/wp-content\/uploads\/2023\/12\/e384cf5b3ca8cd9cf46508b95ea672db.png\" alt=\"\" class=\"wp-image-32041\" srcset=\"https:\/\/skyplanner.ai\/wp-content\/uploads\/2023\/12\/e384cf5b3ca8cd9cf46508b95ea672db.png 301w, https:\/\/skyplanner.ai\/wp-content\/uploads\/2023\/12\/e384cf5b3ca8cd9cf46508b95ea672db-150x150.png 150w\" sizes=\"(max-width: 301px) 100vw, 301px\" \/><\/figure>\n\n<\/div>\n<\/div><\/div>\n<\/div>\n<\/div>\n<\/div>\n<\/div><div class=\"gb-container gb-container-34317aad\">\n\n<div class=\"wp-block-columns is-layout-flex wp-container-core-columns-is-layout-9d6595d7 wp-block-columns-is-layout-flex\">\n<div class=\"wp-block-column is-layout-flow wp-block-column-is-layout-flow\"><div class=\"gb-container gb-container-e5ae920d\">\n<div class=\"gb-container gb-container-ff0d9ce2\">\n\n<h3 class=\"wp-block-heading has-text-align-center has-large-font-size\" id=\"h-new-era\"><strong>Ny \u00e6ra<\/strong><\/h3>\n\n\n\n<p>For mange \u00e5r siden lagde vi m\u00e6rke til, at regnearkssoftware var den absolutte markedsleder inden for software til produktionsplanl\u00e6gning. Al anden tilg\u00e6ngelig software var ogs\u00e5 typisk baseret p\u00e5 manuel produktionsplanl\u00e6gning. Men ingen kunne lide manuel produktionsplanl\u00e6gning, og der fandtes ingen tilstr\u00e6kkeligt gode alternativer.<\/p>\n\n\n\n<p>Fabrikker oplever ineffektivitet, og produktionsplanl\u00e6ggere st\u00e5r over for en masse stress, n\u00e5r produktionsplanerne ikke er optimale og stadig tager utrolig lang tid at skabe. Fabrikkerne arbejder under deres kapacitet, og leveringssikkerheden er d\u00e5rlig.<\/p>\n\n\n\n<p>Fra begyndelsen havde vi en klar vision om, at kunstig intelligens er den bedste teknologi til automatisk produktionsplanl\u00e6gning, fordi den er god til at tilpasse sig kravene i forskellige produktionsprocesser. Det betyder, at du kan konfigurere SkyPlanner til forskellige brancher og f\u00e5 den til at tage h\u00f8jde for selv unikke behov uden at \u00e6ndre algoritmen. Du leder stadig AI&#8217;ens operationer, da samarbejde mellem mennesker og kunstig intelligens er den bedste kombination.<\/p>\n\n\n\n<p>AI er ogs\u00e5 den hurtigste m\u00e5de at udf\u00f8re den slags matematiske beregninger p\u00e5. Vi anser hastighed for at v\u00e6re meget vigtig, s\u00e5 den AI, vi har udviklet til SkyPlanner, Arcturus, er den hurtigste AI i verden til produktionsplanl\u00e6gning, selv i store produktioner.<\/p>\n\n\n\n<p>Regneark har aldrig v\u00e6ret den bedste software til produktionsoptimering, men folk har v\u00e6ret i stand til at tage det i brug selv og tilpasse det, som de \u00f8nsker. Vi har gjort SkyPlanner endnu nemmere at implementere uden omfattende og dyre IT-projekter. Du kan selv begynde at bruge SkyPlanner i dag via vores hjemmeside. Vi tilbyder et stort bibliotek af vejledninger og instruktionsvideoer, som kan hj\u00e6lpe dig med at l\u00e6re softwaren p\u00e5 egen h\u00e5nd. Vi stoler s\u00e5 meget p\u00e5 vores software, at du kan pr\u00f8ve SkyPlanner i en gratis pr\u00f8veperiode, f\u00f8r du beslutter dig for at k\u00f8be.<\/p>\n\n<\/div>\n<\/div><\/div>\n\n\n\n<div class=\"wp-block-column is-layout-flow wp-block-column-is-layout-flow\"><div class=\"gb-container gb-container-06653eb2\">\n<div class=\"gb-container gb-container-5eba43cc\">\n\n<h3 class=\"wp-block-heading has-text-align-center has-large-font-size\" id=\"h-our-services\"><strong>Vores tjenester<\/strong><\/h3>\n\n\n\n<p class=\"has-text-align-center\">Vi forst\u00e5r, at mange kunder \u00f8nsker at k\u00f8be implementeringstr\u00e6ning fra vores eksperter som en ekstra service. Nogle \u00f8nsker tilpasninger og integrationer, der er skr\u00e6ddersyet til deres \u00f8nsker for SkyPlanner. Vi tilbyder dig alle disse ekstra tjenester med en masse erfaring. Desuden betjener vores internationale partnernetv\u00e6rk dig p\u00e5 n\u00e6sten alle kontinenter og i alle tidszoner. Kontakt os, s\u00e5 fort\u00e6ller vi mere om vores ekspertydelser.<\/p>\n\n\n\n<p class=\"has-text-align-center\">Vores organisation er meget motiveret og har omfattende brancheerfaring. Du vil aldrig v\u00e6re alene, n\u00e5r du bruger SkyPlanner. Ud over tr\u00e6ningsmaterialet kan du ogs\u00e5 f\u00e5 vores support via chat, videoopkald, e-mail og telefon. Vi arrangerer ogs\u00e5 workshops p\u00e5 vores kunders produktionsanl\u00e6g verden over, hvis det er n\u00f8dvendigt.<\/p>\n\n\n\n<p class=\"has-text-align-center\">Vi har ikke kun lagt teknologi, men ogs\u00e5 vores hjerter i denne software. Vi vil v\u00e6re de bedste i verden til det, vi g\u00f8r, og endelig g\u00f8re dit arbejde med produktionsplanl\u00e6gning nemt.<\/p>\n\n\n\n<p class=\"has-text-align-center\">Vi vil sikre, at ingen fabrik l\u00e6ngere skal k\u00e6mpe med manuel produktionsplanl\u00e6gning.<\/p>\n\n\n\n<p class=\"has-text-align-center\">Du er kommet til det rette sted, hvis du vil slippe for manuel produktionsplanl\u00e6gning og forbedre din produktionseffektivitet. SkyPlanner er her for at \u00e6ndre branchernes fremtid. Begynd at bruge SkyPlanner i dag.<\/p>\n\n<\/div>\n<\/div><\/div>\n<\/div>\n\n<\/div><div class=\"gb-container gb-container-1d2bde4a backglow  pricing\">\n\n<h3 class=\"wp-block-heading\" id=\"h-company-information\">Oplysninger om virksomheden<\/h3>\n\n\n\n<div class=\"wp-block-columns is-layout-flex wp-container-core-columns-is-layout-9d6595d7 wp-block-columns-is-layout-flex\">\n<div class=\"wp-block-column is-layout-flow wp-block-column-is-layout-flow\">\n<p><strong>Virksomhedens navn<\/strong><br\/>Skycode Oy<br\/><br\/><strong>Virksomhedens ID<\/strong><br\/>FI22049470<br\/><br\/><strong>Virksomhedens hovedkontor<\/strong><br\/>Rantakatu 2 G 11, 65100 Vaasa, Finland<br\/><br\/><strong>Virksomhedens telefonnummer<\/strong><br\/><a href=\"tel:+358407000002\">+358 40 700 0002<\/a><\/p>\n<\/div>\n\n\n\n<div class=\"wp-block-column is-layout-flow wp-block-column-is-layout-flow\">\n<p><strong>Support<\/strong><br\/>support@skyplanner.ai<br\/><br\/><strong>Salg<\/strong><br\/>jussi@skycode.fi<br\/><br\/><strong>\u00d8konomiafdelingen<\/strong><br\/>niko@skycode.fi<\/p>\n<\/div>\n<\/div>\n\n\n\t\t\t<div \n\t\t\tclass=\"wp-block-uagb-google-map uagb-google-map__wrap uagb-block-c0d340a1     \"\n\t\t\tstyle=\"\" >\n\t\t\t\t<embed\n\t\t\t\t\tclass=\"uagb-google-map__iframe\"\n\t\t\t\t\ttitle=\"Google Map for \"\n\t\t\t\t\tsrc=\"https:\/\/maps.google.com\/maps?q=Skycode%20Rantakatu%202%20G%2011%2C%2065100%20Vaasa&#038;z=12&#038;hl=en&#038;t=m&#038;output=embed&#038;iwloc=near\"\n\t\t\t\t\twidth=\"640\"\n\t\t\t\t\theight=\"300\"\n\t\t\t\t\tloading=\"lazy\"\n\t\t\t\t><\/embed>\n\t\t\t<\/div>\n\t\t\t\n<\/div>","protected":false},"excerpt":{"rendered":"<p>Om os &#8220;Menneskehjerner er ikke designet til at planl\u00e6gge hundredvis eller tusindvis af opgaver manuelt p\u00e5 en fabrik. De er bedre egnet til at g\u00e5 i naturen end til at planl\u00e6gge produktion..&#8220; SkyPlanner APS er drevet af kunstig intelligens og er den mest moderne software til produktionsplanl\u00e6gning p\u00e5 markedet. Den er nem at s\u00e6tte op &#8230; <a title=\"Om os\" class=\"read-more\" href=\"https:\/\/skyplanner.ai\/da\/om-os\/\" aria-label=\"Read more about Om os\">L\u00e6s Mere<\/a><\/p>\n","protected":false},"author":1,"featured_media":0,"parent":0,"menu_order":0,"comment_status":"closed","ping_status":"closed","template":"","meta":{"inline_featured_image":false,"_uag_custom_page_level_css":"","footnotes":""},"class_list":["post-35907","page","type-page","status-publish"],"acf":[],"yoast_head":"<!-- This site is optimized with the Yoast SEO Premium plugin v26.9 (Yoast SEO v27.0) - https:\/\/yoast.com\/product\/yoast-seo-premium-wordpress\/ -->\n<title>Om os &#8211; SkyPlanner<\/title>\n<meta name=\"robots\" content=\"index, follow, max-snippet:-1, max-image-preview:large, max-video-preview:-1\" \/>\n<link rel=\"canonical\" href=\"https:\/\/skyplanner.ai\/da\/om-os\/\" \/>\n<meta property=\"og:locale\" content=\"da_DK\" \/>\n<meta property=\"og:type\" content=\"article\" \/>\n<meta property=\"og:title\" content=\"Om os\" \/>\n<meta property=\"og:description\" content=\"Om os &#8220;Menneskehjerner er ikke designet til at planl\u00e6gge hundredvis eller tusindvis af opgaver manuelt p\u00e5 en fabrik. De er bedre egnet til at g\u00e5 i naturen end til at planl\u00e6gge produktion..&#8220; SkyPlanner APS er drevet af kunstig intelligens og er den mest moderne software til produktionsplanl\u00e6gning p\u00e5 markedet. Den er nem at s\u00e6tte op ... L\u00e6s Mere\" \/>\n<meta property=\"og:url\" content=\"https:\/\/skyplanner.ai\/da\/om-os\/\" \/>\n<meta property=\"og:site_name\" content=\"SkyPlanner\" \/>\n<meta property=\"article:modified_time\" content=\"2025-12-08T08:42:33+00:00\" \/>\n<meta property=\"og:image\" content=\"https:\/\/skyplanner.ai\/wp-content\/uploads\/2024\/06\/about_us.jpeg\" \/>\n\t<meta property=\"og:image:width\" content=\"1280\" \/>\n\t<meta property=\"og:image:height\" content=\"853\" \/>\n\t<meta property=\"og:image:type\" content=\"image\/jpeg\" \/>\n<meta name=\"twitter:card\" content=\"summary_large_image\" \/>\n<meta name=\"twitter:label1\" content=\"Estimeret l\u00e6setid\" \/>\n\t<meta name=\"twitter:data1\" content=\"4 minutes\" \/>\n<script type=\"application\/ld+json\" class=\"yoast-schema-graph\">{\"@context\":\"https:\/\/schema.org\",\"@graph\":[{\"@type\":\"WebPage\",\"@id\":\"https:\/\/skyplanner.ai\/da\/om-os\/\",\"url\":\"https:\/\/skyplanner.ai\/da\/om-os\/\",\"name\":\"Om os &#8211; SkyPlanner\",\"isPartOf\":{\"@id\":\"https:\/\/skyplanner.ai\/da\/#website\"},\"primaryImageOfPage\":{\"@id\":\"https:\/\/skyplanner.ai\/da\/om-os\/#primaryimage\"},\"image\":{\"@id\":\"https:\/\/skyplanner.ai\/da\/om-os\/#primaryimage\"},\"thumbnailUrl\":\"https:\/\/skyplanner.ai\/wp-content\/uploads\/2024\/06\/about_us-1024x682.jpeg\",\"datePublished\":\"2024-07-02T08:10:29+00:00\",\"dateModified\":\"2025-12-08T08:42:33+00:00\",\"breadcrumb\":{\"@id\":\"https:\/\/skyplanner.ai\/da\/om-os\/#breadcrumb\"},\"inLanguage\":\"da-DK\",\"potentialAction\":[{\"@type\":\"ReadAction\",\"target\":[\"https:\/\/skyplanner.ai\/da\/om-os\/\"]}]},{\"@type\":\"ImageObject\",\"inLanguage\":\"da-DK\",\"@id\":\"https:\/\/skyplanner.ai\/da\/om-os\/#primaryimage\",\"url\":\"https:\/\/skyplanner.ai\/wp-content\/uploads\/2024\/06\/about_us-1024x682.jpeg\",\"contentUrl\":\"https:\/\/skyplanner.ai\/wp-content\/uploads\/2024\/06\/about_us-1024x682.jpeg\"},{\"@type\":\"BreadcrumbList\",\"@id\":\"https:\/\/skyplanner.ai\/da\/om-os\/#breadcrumb\",\"itemListElement\":[{\"@type\":\"ListItem\",\"position\":1,\"name\":\"Home\",\"item\":\"https:\/\/skyplanner.ai\/da\/hjemmeside\/\"},{\"@type\":\"ListItem\",\"position\":2,\"name\":\"Om os\"}]},{\"@type\":\"WebSite\",\"@id\":\"https:\/\/skyplanner.ai\/da\/#website\",\"url\":\"https:\/\/skyplanner.ai\/da\/\",\"name\":\"SkyPlanner\",\"description\":\"AI-powered production scheduling and planning software\",\"publisher\":{\"@id\":\"https:\/\/skyplanner.ai\/da\/#organization\"},\"potentialAction\":[{\"@type\":\"SearchAction\",\"target\":{\"@type\":\"EntryPoint\",\"urlTemplate\":\"https:\/\/skyplanner.ai\/da\/?s={search_term_string}\"},\"query-input\":{\"@type\":\"PropertyValueSpecification\",\"valueRequired\":true,\"valueName\":\"search_term_string\"}}],\"inLanguage\":\"da-DK\"},{\"@type\":\"Organization\",\"@id\":\"https:\/\/skyplanner.ai\/da\/#organization\",\"name\":\"SkyPlanner APS\",\"url\":\"https:\/\/skyplanner.ai\/da\/\",\"logo\":{\"@type\":\"ImageObject\",\"inLanguage\":\"da-DK\",\"@id\":\"https:\/\/skyplanner.ai\/da\/#\/schema\/logo\/image\/\",\"url\":\"https:\/\/skyplanner.ai\/wp-content\/uploads\/2022\/05\/Skyplanner-logo-2.svg\",\"contentUrl\":\"https:\/\/skyplanner.ai\/wp-content\/uploads\/2022\/05\/Skyplanner-logo-2.svg\",\"width\":223,\"height\":43,\"caption\":\"SkyPlanner APS\"},\"image\":{\"@id\":\"https:\/\/skyplanner.ai\/da\/#\/schema\/logo\/image\/\"},\"sameAs\":[\"https:\/\/www.linkedin.com\/company\/skyplanner-aps\/\",\"https:\/\/www.youtube.com\/@SkyPlannerAPS\",\"https:\/\/www.capterra.com\/p\/265911\/SkyPlanner-APS\/\",\"https:\/\/www.trustradius.com\/products\/skyplanner-aps\/reviews\",\"https:\/\/www.saasworthy.com\/product\/skyplanner-aps\",\"https:\/\/sourceforge.net\/software\/product\/SkyPlanner-APS\/\",\"https:\/\/www.g2.com\/products\/skyplanner-aps\/\",\"https:\/\/www.getapp.com\/project-management-planning-software\/a\/skyplanner-aps\/\",\"https:\/\/www.softwareadvice.com\/cmms\/skyplanner-aps-profile\/\"],\"description\":\"AI-powered production scheduling and planning software for manufacturing\",\"foundingDate\":\"1997\",\"legalName\":\"Skycode Oy\",\"alternateName\":\"SkyPlanner\",\"knowsAbout\":[\"Production Scheduling\",\"Advanced Planning and Scheduling\",\"Manufacturing AI\",\"Finite Capacity Scheduling\",\"ERP Integration\"],\"areaServed\":\"Worldwide\",\"contactPoint\":{\"@type\":\"ContactPoint\",\"contactType\":\"sales\",\"url\":\"https:\/\/skyplanner.ai\/trial\/\"}}]}<\/script>\n<!-- \/ Yoast SEO Premium plugin. -->","yoast_head_json":{"title":"Om os &#8211; SkyPlanner","robots":{"index":"index","follow":"follow","max-snippet":"max-snippet:-1","max-image-preview":"max-image-preview:large","max-video-preview":"max-video-preview:-1"},"canonical":"https:\/\/skyplanner.ai\/da\/om-os\/","og_locale":"da_DK","og_type":"article","og_title":"Om os","og_description":"Om os &#8220;Menneskehjerner er ikke designet til at planl\u00e6gge hundredvis eller tusindvis af opgaver manuelt p\u00e5 en fabrik. De er bedre egnet til at g\u00e5 i naturen end til at planl\u00e6gge produktion..&#8220; SkyPlanner APS er drevet af kunstig intelligens og er den mest moderne software til produktionsplanl\u00e6gning p\u00e5 markedet. Den er nem at s\u00e6tte op ... L\u00e6s Mere","og_url":"https:\/\/skyplanner.ai\/da\/om-os\/","og_site_name":"SkyPlanner","article_modified_time":"2025-12-08T08:42:33+00:00","og_image":[{"width":1280,"height":853,"url":"https:\/\/skyplanner.ai\/wp-content\/uploads\/2024\/06\/about_us.jpeg","type":"image\/jpeg"}],"twitter_card":"summary_large_image","twitter_misc":{"Estimeret l\u00e6setid":"4 minutes"},"schema":{"@context":"https:\/\/schema.org","@graph":[{"@type":"WebPage","@id":"https:\/\/skyplanner.ai\/da\/om-os\/","url":"https:\/\/skyplanner.ai\/da\/om-os\/","name":"Om os &#8211; SkyPlanner","isPartOf":{"@id":"https:\/\/skyplanner.ai\/da\/#website"},"primaryImageOfPage":{"@id":"https:\/\/skyplanner.ai\/da\/om-os\/#primaryimage"},"image":{"@id":"https:\/\/skyplanner.ai\/da\/om-os\/#primaryimage"},"thumbnailUrl":"https:\/\/skyplanner.ai\/wp-content\/uploads\/2024\/06\/about_us-1024x682.jpeg","datePublished":"2024-07-02T08:10:29+00:00","dateModified":"2025-12-08T08:42:33+00:00","breadcrumb":{"@id":"https:\/\/skyplanner.ai\/da\/om-os\/#breadcrumb"},"inLanguage":"da-DK","potentialAction":[{"@type":"ReadAction","target":["https:\/\/skyplanner.ai\/da\/om-os\/"]}]},{"@type":"ImageObject","inLanguage":"da-DK","@id":"https:\/\/skyplanner.ai\/da\/om-os\/#primaryimage","url":"https:\/\/skyplanner.ai\/wp-content\/uploads\/2024\/06\/about_us-1024x682.jpeg","contentUrl":"https:\/\/skyplanner.ai\/wp-content\/uploads\/2024\/06\/about_us-1024x682.jpeg"},{"@type":"BreadcrumbList","@id":"https:\/\/skyplanner.ai\/da\/om-os\/#breadcrumb","itemListElement":[{"@type":"ListItem","position":1,"name":"Home","item":"https:\/\/skyplanner.ai\/da\/hjemmeside\/"},{"@type":"ListItem","position":2,"name":"Om os"}]},{"@type":"WebSite","@id":"https:\/\/skyplanner.ai\/da\/#website","url":"https:\/\/skyplanner.ai\/da\/","name":"SkyPlanner","description":"AI-powered production scheduling and planning software","publisher":{"@id":"https:\/\/skyplanner.ai\/da\/#organization"},"potentialAction":[{"@type":"SearchAction","target":{"@type":"EntryPoint","urlTemplate":"https:\/\/skyplanner.ai\/da\/?s={search_term_string}"},"query-input":{"@type":"PropertyValueSpecification","valueRequired":true,"valueName":"search_term_string"}}],"inLanguage":"da-DK"},{"@type":"Organization","@id":"https:\/\/skyplanner.ai\/da\/#organization","name":"SkyPlanner APS","url":"https:\/\/skyplanner.ai\/da\/","logo":{"@type":"ImageObject","inLanguage":"da-DK","@id":"https:\/\/skyplanner.ai\/da\/#\/schema\/logo\/image\/","url":"https:\/\/skyplanner.ai\/wp-content\/uploads\/2022\/05\/Skyplanner-logo-2.svg","contentUrl":"https:\/\/skyplanner.ai\/wp-content\/uploads\/2022\/05\/Skyplanner-logo-2.svg","width":223,"height":43,"caption":"SkyPlanner APS"},"image":{"@id":"https:\/\/skyplanner.ai\/da\/#\/schema\/logo\/image\/"},"sameAs":["https:\/\/www.linkedin.com\/company\/skyplanner-aps\/","https:\/\/www.youtube.com\/@SkyPlannerAPS","https:\/\/www.capterra.com\/p\/265911\/SkyPlanner-APS\/","https:\/\/www.trustradius.com\/products\/skyplanner-aps\/reviews","https:\/\/www.saasworthy.com\/product\/skyplanner-aps","https:\/\/sourceforge.net\/software\/product\/SkyPlanner-APS\/","https:\/\/www.g2.com\/products\/skyplanner-aps\/","https:\/\/www.getapp.com\/project-management-planning-software\/a\/skyplanner-aps\/","https:\/\/www.softwareadvice.com\/cmms\/skyplanner-aps-profile\/"],"description":"AI-powered production scheduling and planning software for manufacturing","foundingDate":"1997","legalName":"Skycode Oy","alternateName":"SkyPlanner","knowsAbout":["Production Scheduling","Advanced Planning and Scheduling","Manufacturing AI","Finite Capacity Scheduling","ERP Integration"],"areaServed":"Worldwide","contactPoint":{"@type":"ContactPoint","contactType":"sales","url":"https:\/\/skyplanner.ai\/trial\/"}}]}},"uagb_featured_image_src":{"full":false,"thumbnail":false,"medium":false,"medium_large":false,"large":false,"1536x1536":false,"2048x2048":false,"betterdocs-category-thumb":false},"uagb_author_info":{"display_name":"skyplanner","author_link":"https:\/\/skyplanner.ai\/da\/author\/skyplanner\/"},"uagb_comment_info":0,"uagb_excerpt":"Om os &#8220;Menneskehjerner er ikke designet til at planl\u00e6gge hundredvis eller tusindvis af opgaver manuelt p\u00e5 en fabrik. De er bedre egnet til at g\u00e5 i naturen end til at planl\u00e6gge produktion..&#8220; SkyPlanner APS er drevet af kunstig intelligens og er den mest moderne software til produktionsplanl\u00e6gning p\u00e5 markedet. Den er nem at s\u00e6tte op&hellip;","_links":{"self":[{"href":"https:\/\/skyplanner.ai\/da\/wp-json\/wp\/v2\/pages\/35907","targetHints":{"allow":["GET"]}}],"collection":[{"href":"https:\/\/skyplanner.ai\/da\/wp-json\/wp\/v2\/pages"}],"about":[{"href":"https:\/\/skyplanner.ai\/da\/wp-json\/wp\/v2\/types\/page"}],"author":[{"embeddable":true,"href":"https:\/\/skyplanner.ai\/da\/wp-json\/wp\/v2\/users\/1"}],"replies":[{"embeddable":true,"href":"https:\/\/skyplanner.ai\/da\/wp-json\/wp\/v2\/comments?post=35907"}],"version-history":[{"count":0,"href":"https:\/\/skyplanner.ai\/da\/wp-json\/wp\/v2\/pages\/35907\/revisions"}],"wp:attachment":[{"href":"https:\/\/skyplanner.ai\/da\/wp-json\/wp\/v2\/media?parent=35907"}],"curies":[{"name":"wp","href":"https:\/\/api.w.org\/{rel}","templated":true}]}}